{"id":14750,"date":"2023-09-29T11:09:19","date_gmt":"2023-09-29T11:09:19","guid":{"rendered":"https:\/\/idibe.umh.es\/?page_id=14750"},"modified":"2024-07-09T07:54:32","modified_gmt":"2024-07-09T07:54:32","slug":"microscopio-electronico-de-barrido-de-emision-de-campo-fesem","status":"publish","type":"page","link":"https:\/\/idibe.umh.es\/en\/servicios\/microscopio-electronico-de-barrido-de-emision-de-campo-fesem\/","title":{"rendered":"Microscopio Electr\u00f3nico de Barrido de Emisi\u00f3n de Campo (FESEM)"},"content":{"rendered":"<p>[et_pb_section fb_built=&#8221;1&#8243; _builder_version=&#8221;4.16&#8243; background_color=&#8221;#c0172d&#8221; custom_padding=&#8221;16px|0px|16px|0px|false|false&#8221; locked=&#8221;off&#8221; global_colors_info=&#8221;{}&#8221;][et_pb_row _builder_version=&#8221;4.16&#8243; custom_padding=&#8221;11px|0px|0|0px|false|false&#8221; global_colors_info=&#8221;{}&#8221;][et_pb_column type=&#8221;4_4&#8243; _builder_version=&#8221;4.16&#8243; custom_padding=&#8221;|||&#8221; global_colors_info=&#8221;{}&#8221; custom_padding__hover=&#8221;|||&#8221;][et_pb_text _builder_version=&#8221;4.16&#8243; header_font=&#8221;||||||||&#8221; header_font_size=&#8221;55px&#8221; header_2_font=&#8221;Raleway||||||||&#8221; header_2_text_color=&#8221;#ffffff&#8221; header_2_font_size=&#8221;45px&#8221; header_3_font=&#8221;||||||||&#8221; header_4_font=&#8221;||||||||&#8221; header_4_text_color=&#8221;#ffffff&#8221; global_colors_info=&#8221;{}&#8221;]<\/p>\n<h2 style=\"text-align: center\">Field Emission Gun Scanning Electron Microscopy (FESEM)<br \/>\n<\/h2>\n<p>[\/et_pb_text][\/et_pb_column][\/et_pb_row][\/et_pb_section][et_pb_section fb_built=&#8221;1&#8243; _builder_version=&#8221;4.16&#8243; locked=&#8221;off&#8221; global_colors_info=&#8221;{}&#8221;][et_pb_row _builder_version=&#8221;4.16&#8243; background_size=&#8221;initial&#8221; background_position=&#8221;top_left&#8221; background_repeat=&#8221;repeat&#8221; global_colors_info=&#8221;{}&#8221;][et_pb_column type=&#8221;4_4&#8243; _builder_version=&#8221;4.16&#8243; custom_padding=&#8221;|||&#8221; global_colors_info=&#8221;{}&#8221; custom_padding__hover=&#8221;|||&#8221;][et_pb_image src=&#8221;https:\/\/idibe.umh.es\/files\/2023\/09\/FESEM-IDiBE-1024&#215;682.png&#8221; align=&#8221;center&#8221; _builder_version=&#8221;4.16&#8243; max_width=&#8221;83%&#8221; global_colors_info=&#8221;{}&#8221;][\/et_pb_image][et_pb_text _builder_version=&#8221;4.16&#8243; text_font=&#8221;||||||||&#8221; text_text_color=&#8221;#000000&#8243; text_font_size=&#8221;16px&#8221; header_font=&#8221;||||||||&#8221; text_orientation=&#8221;justified&#8221; width=&#8221;90%&#8221; custom_margin=&#8221;|||64px&#8221; global_colors_info=&#8221;{}&#8221;]<\/p>\n<p>A Schottky hot cathode field emission model SIGMA 300 VP scanning electron microscope has been installed. It can work with voltages between 0.02 and 30 kV and has a resolution of 1.0 nm at 15 kV and 1.6 nm at 1 kV. The probe current varies between 3 pA and 20 nA. The equipment has the typical detectors of secondary electrons (SE) and backscattered electrons (BSE), X-ray (EDX), and has an inLens detector of secondary electrons and one of transmitted electrons (STEM). Thanks to the STEM module, images can be obtained, not only from the surface of the sample, also from its internal structure, so that the elements of a scanning and transmission microscope are combined in the same instrument. It allows working both in high vacuum (HV) and with variable pressure (VP, between 10 and 133 Pa), for the latter it includes another secondary electron detector (VPSE). The advantage of being able to work at a variable pressure is that it is possible to analyze non-conductive structures (cellular organelles, viruses, bacteria, liposomes, glasses, polymers, gels, etc.) without metallizing. At the same time, there is the possibility of performing correlative microscopy (CLEM) with optical \/ confocal microscopes. It has a 5-axis motorized stage (x, y, z, inclination and rotation).<\/p>\n<p>This equipment has been acquired thanks to an intervention co-financiated by the European Union through the\u00a0<span style=\"text-decoration: underline;color: #0000ff\"><strong><a href=\"https:\/\/www.red.es\/redes\/es\/node\/3716\" target=\"_blank\" rel=\"noreferrer noopener\" style=\"color: #0000ff;text-decoration: underline\">Programa Operativo del Fondo Europeo de Desarrollo Regional<\/a><\/strong><\/span><span>\u00a0<\/span>(FEDER) from the<span style=\"text-decoration: underline;color: #0000ff\">\u00a0<\/span><a href=\"http:\/\/www.dgtic.gva.es\/es\/fondos-feder\" target=\"_blank\" rel=\"noreferrer noopener\"><span style=\"text-decoration: underline;color: #0000ff\">Comunitat Valenciana 2014-2020<\/span><span>\u00a0<\/span><\/a>(PROJECT:<strong><span>\u00a0<\/span>IDIFEDER2018\/020<\/strong>).<\/p>\n<p>Press<span>\u00a0<\/span><strong>MAKE RESERVATION<\/strong><span>\u00a0<\/span>button for further<span>\u00a0<\/span><strong>PROCEDURES<\/strong><span>\u00a0<\/span>and<span>\u00a0<\/span><strong>RATES<\/strong><span>\u00a0<\/span>information.<\/p>\n<p><span>Contact:\u00a0<\/span><strong>Enrique Rodr\u00edguez Ca\u00f1as<\/strong><span>\u00a0(e-mail:\u00a0<\/span><span style=\"color: #0000ff\"><a data-enc-email=\"raevdhr.ebqevthrmp[at]hzu.rf:\" class=\"mail-link\" data-wpel-link=\"ignore\" style=\"color: #0000ff\"><span id=\"eeb-960463-965515\">enrique.rodriguezc@umh.es<\/span><\/a><\/span>; telephone<span>: 965 22 22 37)<\/span><\/p>\n<p>[\/et_pb_text][et_pb_image src=&#8221;https:\/\/idibe.umh.es\/files\/2023\/09\/Placa-Equipos-FEDER-IDiBE-2020.png&#8221; align=&#8221;center&#8221; _builder_version=&#8221;4.16&#8243; width=&#8221;60%&#8221; locked=&#8221;off&#8221; global_colors_info=&#8221;{}&#8221;][\/et_pb_image][et_pb_video src=&#8221;https:\/\/youtu.be\/RC9d-DqEbxM&#8221; thumbnail_overlay_color=&#8221;rgba(0,0,0,0.6)&#8221; _builder_version=&#8221;4.16&#8243; width=&#8221;47%&#8221; module_alignment=&#8221;center&#8221; global_colors_info=&#8221;{}&#8221;][\/et_pb_video][\/et_pb_column][\/et_pb_row][et_pb_row _builder_version=&#8221;4.16&#8243; min_height=&#8221;38px&#8221; custom_padding=&#8221;24px|0px|0|0px|false|false&#8221; locked=&#8221;off&#8221; global_colors_info=&#8221;{}&#8221; disabled_on=&#8221;on|on|on&#8221; disabled=&#8221;on&#8221;][et_pb_column type=&#8221;4_4&#8243; _builder_version=&#8221;4.16&#8243; custom_padding=&#8221;|||&#8221; global_colors_info=&#8221;{}&#8221; custom_padding__hover=&#8221;|||&#8221;][et_pb_divider divider_weight=&#8221;3px&#8221; _builder_version=&#8221;4.16&#8243; max_width=&#8221;15%&#8221; module_alignment=&#8221;center&#8221; custom_margin=&#8221;-23px||-4px&#8221; global_colors_info=&#8221;{}&#8221;][\/et_pb_divider][\/et_pb_column][\/et_pb_row][et_pb_row column_structure=&#8221;1_4,1_4,1_2&#8243; _builder_version=&#8221;4.16&#8243; global_colors_info=&#8221;{}&#8221; disabled_on=&#8221;on|on|on&#8221; disabled=&#8221;on&#8221;][et_pb_column type=&#8221;1_4&#8243; _builder_version=&#8221;4.16&#8243; custom_padding=&#8221;|||&#8221; global_colors_info=&#8221;{}&#8221; custom_padding__hover=&#8221;|||&#8221;][et_pb_button button_url=&#8221;https:\/\/calendar.google.com\/calendar\/embed?src=fesem.idibe%40umh.es&#038;ctz=Europe%2FMadrid&#8221; url_new_window=&#8221;on&#8221; button_text=&#8221;CHECK AVAILABILITY&#8221; button_alignment=&#8221;center&#8221; _builder_version=&#8221;4.16&#8243; custom_button=&#8221;on&#8221; button_text_size=&#8221;14px&#8221; button_text_color=&#8221;#ffffff&#8221; button_bg_color=&#8221;#c0172d&#8221; button_border_width=&#8221;0px&#8221; button_border_radius=&#8221;3px&#8221; button_letter_spacing=&#8221;1px&#8221; button_font=&#8221;Raleway|600||on|||||&#8221; button_use_icon=&#8221;off&#8221; background_layout=&#8221;dark&#8221; custom_padding=&#8221;10px|30px|10px|30px&#8221; animation_style=&#8221;fade&#8221; button_letter_spacing_hover=&#8221;1px&#8221; global_colors_info=&#8221;{}&#8221; button_text_size__hover_enabled=&#8221;off&#8221; button_one_text_size__hover_enabled=&#8221;off&#8221; button_two_text_size__hover_enabled=&#8221;off&#8221; button_text_color__hover_enabled=&#8221;off&#8221; button_one_text_color__hover_enabled=&#8221;off&#8221; button_two_text_color__hover_enabled=&#8221;off&#8221; button_border_width__hover_enabled=&#8221;off&#8221; button_one_border_width__hover_enabled=&#8221;off&#8221; button_two_border_width__hover_enabled=&#8221;off&#8221; button_border_color__hover_enabled=&#8221;off&#8221; button_one_border_color__hover_enabled=&#8221;off&#8221; button_two_border_color__hover_enabled=&#8221;off&#8221; button_border_radius__hover_enabled=&#8221;off&#8221; button_one_border_radius__hover_enabled=&#8221;off&#8221; button_two_border_radius__hover_enabled=&#8221;off&#8221; button_letter_spacing__hover_enabled=&#8221;on&#8221; button_letter_spacing__hover=&#8221;1px&#8221; button_one_letter_spacing__hover_enabled=&#8221;off&#8221; button_two_letter_spacing__hover_enabled=&#8221;off&#8221; button_bg_color__hover_enabled=&#8221;off&#8221; button_one_bg_color__hover_enabled=&#8221;off&#8221; button_two_bg_color__hover_enabled=&#8221;off&#8221;][\/et_pb_button][et_pb_image src=&#8221;https:\/\/idibe.umh.es\/files\/2023\/09\/Building-2.png&#8221; _builder_version=&#8221;4.16&#8243; width=&#8221;90%&#8221; global_colors_info=&#8221;{}&#8221;][\/et_pb_image][\/et_pb_column][et_pb_column type=&#8221;1_4&#8243; _builder_version=&#8221;4.16&#8243; custom_padding=&#8221;|||&#8221; global_colors_info=&#8221;{}&#8221; custom_padding__hover=&#8221;|||&#8221;][et_pb_button button_url=&#8221;http:\/\/idibe.zeus.umh.es\/files\/2020\/09\/WorkFlowFESEM.pdf&#8221; button_text=&#8221;MAKE RESERVATION&#8221; button_alignment=&#8221;center&#8221; _builder_version=&#8221;4.16&#8243; custom_button=&#8221;on&#8221; button_text_size=&#8221;14px&#8221; button_text_color=&#8221;#ffffff&#8221; button_bg_color=&#8221;#c0172d&#8221; button_border_width=&#8221;0px&#8221; button_border_radius=&#8221;3px&#8221; button_letter_spacing=&#8221;1px&#8221; button_font=&#8221;Raleway|600||on|||||&#8221; button_use_icon=&#8221;off&#8221; background_layout=&#8221;dark&#8221; custom_padding=&#8221;10px|30px|10px|30px&#8221; animation_style=&#8221;fade&#8221; button_letter_spacing_hover=&#8221;1px&#8221; locked=&#8221;off&#8221; global_colors_info=&#8221;{}&#8221; button_text_size__hover_enabled=&#8221;off&#8221; button_one_text_size__hover_enabled=&#8221;off&#8221; button_two_text_size__hover_enabled=&#8221;off&#8221; button_text_color__hover_enabled=&#8221;off&#8221; button_one_text_color__hover_enabled=&#8221;off&#8221; button_two_text_color__hover_enabled=&#8221;off&#8221; button_border_width__hover_enabled=&#8221;off&#8221; button_one_border_width__hover_enabled=&#8221;off&#8221; button_two_border_width__hover_enabled=&#8221;off&#8221; button_border_color__hover_enabled=&#8221;off&#8221; button_one_border_color__hover_enabled=&#8221;off&#8221; button_two_border_color__hover_enabled=&#8221;off&#8221; button_border_radius__hover_enabled=&#8221;off&#8221; button_one_border_radius__hover_enabled=&#8221;off&#8221; button_two_border_radius__hover_enabled=&#8221;off&#8221; button_letter_spacing__hover_enabled=&#8221;on&#8221; button_letter_spacing__hover=&#8221;1px&#8221; button_one_letter_spacing__hover_enabled=&#8221;off&#8221; button_two_letter_spacing__hover_enabled=&#8221;off&#8221; button_bg_color__hover_enabled=&#8221;off&#8221; button_one_bg_color__hover_enabled=&#8221;off&#8221; button_two_bg_color__hover_enabled=&#8221;off&#8221;][\/et_pb_button][et_pb_image src=&#8221;https:\/\/idibe.umh.es\/files\/2023\/09\/reveal_research-2.png&#8221; _builder_version=&#8221;4.16&#8243; width=&#8221;90%&#8221; global_colors_info=&#8221;{}&#8221;][\/et_pb_image][\/et_pb_column][et_pb_column type=&#8221;1_2&#8243; _builder_version=&#8221;4.16&#8243; custom_padding=&#8221;|||&#8221; global_colors_info=&#8221;{}&#8221; custom_padding__hover=&#8221;|||&#8221;][et_pb_button button_url=&#8221;https:\/\/goo.gl\/maps\/DVBKiWaF3FhXnFPQ7&#8243; url_new_window=&#8221;on&#8221; button_text=&#8221;LOCATION&#8221; button_alignment=&#8221;center&#8221; _builder_version=&#8221;4.16&#8243; custom_button=&#8221;on&#8221; button_text_size=&#8221;14px&#8221; button_text_color=&#8221;#ffffff&#8221; button_bg_color=&#8221;#c0172d&#8221; button_border_width=&#8221;0px&#8221; button_border_radius=&#8221;3px&#8221; button_letter_spacing=&#8221;1px&#8221; button_font=&#8221;Raleway|600||on|||||&#8221; button_use_icon=&#8221;off&#8221; background_layout=&#8221;dark&#8221; custom_padding=&#8221;10px|30px|10px|30px&#8221; animation_style=&#8221;fade&#8221; button_letter_spacing_hover=&#8221;1px&#8221; global_colors_info=&#8221;{}&#8221; button_text_size__hover_enabled=&#8221;off&#8221; button_one_text_size__hover_enabled=&#8221;off&#8221; button_two_text_size__hover_enabled=&#8221;off&#8221; button_text_color__hover_enabled=&#8221;off&#8221; button_one_text_color__hover_enabled=&#8221;off&#8221; button_two_text_color__hover_enabled=&#8221;off&#8221; button_border_width__hover_enabled=&#8221;off&#8221; button_one_border_width__hover_enabled=&#8221;off&#8221; button_two_border_width__hover_enabled=&#8221;off&#8221; button_border_color__hover_enabled=&#8221;off&#8221; button_one_border_color__hover_enabled=&#8221;off&#8221; button_two_border_color__hover_enabled=&#8221;off&#8221; button_border_radius__hover_enabled=&#8221;off&#8221; button_one_border_radius__hover_enabled=&#8221;off&#8221; button_two_border_radius__hover_enabled=&#8221;off&#8221; button_letter_spacing__hover_enabled=&#8221;on&#8221; button_letter_spacing__hover=&#8221;1px&#8221; button_one_letter_spacing__hover_enabled=&#8221;off&#8221; button_two_letter_spacing__hover_enabled=&#8221;off&#8221; button_bg_color__hover_enabled=&#8221;off&#8221; button_one_bg_color__hover_enabled=&#8221;off&#8221; button_two_bg_color__hover_enabled=&#8221;off&#8221;][\/et_pb_button][et_pb_image src=&#8221;https:\/\/idibe.umh.es\/files\/2023\/09\/Torregaitan-IDiBE-equipos.jpg&#8221; align=&#8221;center&#8221; _builder_version=&#8221;4.16&#8243; global_colors_info=&#8221;{}&#8221;][\/et_pb_image][et_pb_image src=&#8221;https:\/\/idibe.umh.es\/files\/2020\/05\/Torrepinet.jpg&#8221; align=&#8221;center&#8221; admin_label=&#8221;Miguel Hern\u00e1ndez University, Elche. Torrepinet Building. Microscopy Unit (Room E08P0008)&#8221; _builder_version=&#8221;4.16&#8243; width=&#8221;95%&#8221; custom_margin=&#8221;||1px&#8221; border_radii=&#8221;on|4px|4px|4px|4px&#8221; global_colors_info=&#8221;{}&#8221;][\/et_pb_image][et_pb_text _builder_version=&#8221;4.16&#8243; text_font=&#8221;||||||||&#8221; text_text_color=&#8221;#000000&#8243; text_font_size=&#8221;16px&#8221; text_text_align=&#8221;left&#8221; global_colors_info=&#8221;{}&#8221;]<\/p>\n<p style=\"text-align: center\">Miguel Hern\u00e1ndez University, Elche<br \/>Torrepinet Building. Microscopy Unit (Stay E08P0008)<\/p>\n<p>[\/et_pb_text][\/et_pb_column][\/et_pb_row][\/et_pb_section]<\/p>\n","protected":false},"excerpt":{"rendered":"<p>Field Emission Gun Scanning Electron Microscopy (FESEM) A Schottky hot cathode field emission model SIGMA 300 VP scanning electron microscope has been installed. It can work with voltages between 0.02 and 30 kV and has a resolution of 1.0 nm at 15 kV and 1.6 nm at 1 kV. The probe current varies between 3 [&hellip;]<\/p>\n","protected":false},"author":3158,"featured_media":0,"parent":1865,"menu_order":0,"comment_status":"closed","ping_status":"closed","template":"","meta":{"_et_pb_use_builder":"on","_et_pb_old_content":"<p>[et_pb_section fb_built=\"1\" _builder_version=\"4.16\" use_background_color_gradient=\"on\" background_color_gradient_start=\"rgba(255,255,255,0.82)\" background_color_gradient_end=\"rgba(255,255,255,0.74)\" background_color_gradient_overlays_image=\"on\" background_image=\"https:\/\/idibe.umh.es\/files\/2023\/09\/analysis-2030266_1920.jpg\" custom_padding=\"54px|0px|18px|0px|false|false\" locked=\"off\"][et_pb_row _builder_version=\"4.16\" custom_padding=\"28px|0px|29px|0px|false|false\"][et_pb_column type=\"4_4\" _builder_version=\"4.16\" custom_padding=\"|||\" custom_padding__hover=\"|||\"][et_pb_text _builder_version=\"4.16\" header_font=\"||||||||\" header_font_size=\"55px\"]<\/p><h1 style=\"text-align: center;\">ADQUISICI\u00d3N Y AN\u00c1LISIS DE IMAGEN<\/h1><p>[\/et_pb_text][\/et_pb_column][\/et_pb_row][\/et_pb_section][et_pb_section fb_built=\"1\" _builder_version=\"4.16\" background_color=\"#c0172d\" custom_padding=\"16px|0px|16px|0px|false|false\" locked=\"off\"][et_pb_row _builder_version=\"4.16\" custom_padding=\"11px|0px|0|0px|false|false\"][et_pb_column type=\"4_4\" _builder_version=\"4.16\" custom_padding=\"|||\" custom_padding__hover=\"|||\"][et_pb_text _builder_version=\"4.16\" header_font=\"||||||||\" header_font_size=\"55px\" header_2_font=\"Raleway||||||||\" header_2_text_color=\"#ffffff\" header_2_font_size=\"45px\" header_3_font=\"||||||||\" header_4_font=\"||||||||\" header_4_text_color=\"#ffffff\"]<\/p><h2 style=\"text-align: center;\">Microscopio Electr\u00f3nico de Barrido de Emisi\u00f3n de Campo (FESEM)<\/h2><p>[\/et_pb_text][\/et_pb_column][\/et_pb_row][\/et_pb_section][et_pb_section fb_built=\"1\" _builder_version=\"4.16\" locked=\"off\"][et_pb_row _builder_version=\"4.16\" background_size=\"initial\" background_position=\"top_left\" background_repeat=\"repeat\"][et_pb_column type=\"4_4\" _builder_version=\"4.16\" custom_padding=\"|||\" custom_padding__hover=\"|||\"][et_pb_image src=\"https:\/\/idibe.umh.es\/files\/2023\/09\/FESEM-IDiBE.png\" align=\"center\" _builder_version=\"4.16\" width=\"79%\" module_alignment=\"center\" locked=\"off\"][\/et_pb_image][et_pb_text _builder_version=\"4.16\" text_font=\"||||||||\" header_font=\"||||||||\" width=\"90%\" custom_margin=\"|||64px\"]<\/p><p style=\"text-align: justify;\">Disponemos de un Microscopio Electr\u00f3nico de Barrido modelo SIGMA 300 VP de ZEISS de emisi\u00f3n de campo de c\u00e1todo caliente Schottky. Puede trabajar con tensiones entre 0,02 y 30 kV y tiene una resoluci\u00f3n de 1.0 nm a 15 kV y 1.6 nm a 1 kV. La corriente de sonda var\u00eda entre 3 pA y 20 nA. El equipo cuenta con los t\u00edpicos detectores de electrones secundarios (SE) y electrones retrodispersados (BSE), de rayos X (EDX), y adem\u00e1s cuenta con un detector inLens de electrones secundarios y uno de electrones transmitidos (STEM). Permite trabajar tanto en alto vac\u00edo (HV) como con presi\u00f3n variable (VP, entre 10 y 133 Pa), para esto \u00faltimo incluye otro detector de electrones secundarios (VPSE). A su vez existe la posibilidad de realizar microscop\u00eda correlativa (CLEM) con microscopios \u00f3pticos\/confocales. Dispone de una platina motorizada de 5 ejes (x, y, z, inclinaci\u00f3n y rotaci\u00f3n).<\/p><p style=\"text-align: justify;\">El equipo ha sido adquirido gracias a una Actuaci\u00f3n cofinanciada por la Uni\u00f3n Europea a trav\u00e9s del\u00a0<strong><a href=\"https:\/\/www.red.es\/redes\/es\/node\/3716\" target=\"_blank\" rel=\"noreferrer noopener\">Programa Operativo del Fondo Europeo de Desarrollo Regional<\/a><\/strong> (FEDER) de la\u00a0<a href=\"http:\/\/www.dgtic.gva.es\/es\/fondos-feder\" target=\"_blank\" rel=\"noreferrer noopener\">Comunitat Valenciana 2014-2020 <\/a>(PROYECTO:<strong> IDIFEDER2018\/020<\/strong>).<\/p><p style=\"text-align: justify;\">Pulsa el bot\u00f3n <strong>RESERVA<\/strong> para m\u00e1s informaci\u00f3n sobre <strong>TASAS<\/strong> y <strong>PROCEDIMIENTOS DE TRABAJO<\/strong>.<\/p><p style=\"text-align: justify;\">Contacto: <strong>Enrique Rodr\u00edguez Ca\u00f1as<\/strong> (e-mail: <a href=\"mailto:enrique.rodriguezc@umh.es:\">enrique.rodriguezc@umh.es<\/a>; tel\u00e9fono: 965 22 22 37)<\/p><p>[\/et_pb_text][et_pb_image src=\"https:\/\/idibe.umh.es\/files\/2023\/09\/Placa-Equipos-FEDER-IDiBE-2020.png\" align=\"center\" _builder_version=\"4.16\" width=\"60%\" locked=\"off\"][\/et_pb_image][et_pb_video src=\"https:\/\/youtu.be\/RC9d-DqEbxM\" thumbnail_overlay_color=\"rgba(0,0,0,0.6)\" _builder_version=\"4.16\" width=\"47%\" module_alignment=\"center\"][\/et_pb_video][\/et_pb_column][\/et_pb_row][et_pb_row _builder_version=\"4.16\" min_height=\"38px\" custom_padding=\"24px|0px|0|0px|false|false\" locked=\"off\"][et_pb_column type=\"4_4\" _builder_version=\"4.16\" custom_padding=\"|||\" custom_padding__hover=\"|||\"][et_pb_divider divider_weight=\"3px\" _builder_version=\"4.16\" max_width=\"15%\" module_alignment=\"center\" custom_margin=\"-23px||-4px\"][\/et_pb_divider][\/et_pb_column][\/et_pb_row][et_pb_row column_structure=\"1_4,1_4,1_2\" _builder_version=\"4.16\"][et_pb_column type=\"1_4\" _builder_version=\"4.16\" custom_padding=\"|||\" custom_padding__hover=\"|||\"][et_pb_button button_url=\"https:\/\/calendar.google.com\/calendar\/embed?src=fesem.idibe%40umh.es&ctz=Europe%2FMadrid\" url_new_window=\"on\" button_text=\"DISPONIBILIDAD\" button_alignment=\"center\" _builder_version=\"4.16\" custom_button=\"on\" button_text_size=\"14px\" button_text_color=\"#ffffff\" button_bg_color=\"#c0172d\" button_border_width=\"0px\" button_border_radius=\"3px\" button_letter_spacing=\"1px\" button_font=\"Raleway|600||on|||||\" button_use_icon=\"off\" background_layout=\"dark\" custom_padding=\"10px|30px|10px|30px\" animation_style=\"fade\" button_letter_spacing_hover=\"1px\" button_text_size__hover_enabled=\"off\" button_one_text_size__hover_enabled=\"off\" button_two_text_size__hover_enabled=\"off\" button_text_color__hover_enabled=\"off\" button_one_text_color__hover_enabled=\"off\" button_two_text_color__hover_enabled=\"off\" button_border_width__hover_enabled=\"off\" button_one_border_width__hover_enabled=\"off\" button_two_border_width__hover_enabled=\"off\" button_border_color__hover_enabled=\"off\" button_one_border_color__hover_enabled=\"off\" button_two_border_color__hover_enabled=\"off\" button_border_radius__hover_enabled=\"off\" button_one_border_radius__hover_enabled=\"off\" button_two_border_radius__hover_enabled=\"off\" button_letter_spacing__hover_enabled=\"on\" button_letter_spacing__hover=\"1px\" button_one_letter_spacing__hover_enabled=\"off\" button_two_letter_spacing__hover_enabled=\"off\" button_bg_color__hover_enabled=\"off\" button_one_bg_color__hover_enabled=\"off\" button_two_bg_color__hover_enabled=\"off\"][\/et_pb_button][et_pb_image src=\"https:\/\/idibe.umh.es\/files\/2023\/09\/Building-2.png\" _builder_version=\"4.16\" width=\"90%\"][\/et_pb_image][\/et_pb_column][et_pb_column type=\"1_4\" _builder_version=\"4.16\" custom_padding=\"|||\" custom_padding__hover=\"|||\"][et_pb_button button_url=\"http:\/\/idibe.zeus.umh.es\/files\/2020\/09\/WorkFlowFESEM.pdf\" button_text=\"RESERVA\" button_alignment=\"center\" _builder_version=\"4.16\" custom_button=\"on\" button_text_size=\"14px\" button_text_color=\"#ffffff\" button_bg_color=\"#c0172d\" button_border_width=\"0px\" button_border_radius=\"3px\" button_letter_spacing=\"1px\" button_font=\"Raleway|600||on|||||\" button_use_icon=\"off\" background_layout=\"dark\" custom_padding=\"10px|30px|10px|30px\" animation_style=\"fade\" button_letter_spacing_hover=\"1px\" locked=\"off\" button_text_size__hover_enabled=\"off\" button_one_text_size__hover_enabled=\"off\" button_two_text_size__hover_enabled=\"off\" button_text_color__hover_enabled=\"off\" button_one_text_color__hover_enabled=\"off\" button_two_text_color__hover_enabled=\"off\" button_border_width__hover_enabled=\"off\" button_one_border_width__hover_enabled=\"off\" button_two_border_width__hover_enabled=\"off\" button_border_color__hover_enabled=\"off\" button_one_border_color__hover_enabled=\"off\" button_two_border_color__hover_enabled=\"off\" button_border_radius__hover_enabled=\"off\" button_one_border_radius__hover_enabled=\"off\" button_two_border_radius__hover_enabled=\"off\" button_letter_spacing__hover_enabled=\"on\" button_letter_spacing__hover=\"1px\" button_one_letter_spacing__hover_enabled=\"off\" button_two_letter_spacing__hover_enabled=\"off\" button_bg_color__hover_enabled=\"off\" button_one_bg_color__hover_enabled=\"off\" button_two_bg_color__hover_enabled=\"off\"][\/et_pb_button][et_pb_image src=\"https:\/\/idibe.umh.es\/files\/2023\/09\/reveal_research-2.png\" _builder_version=\"4.16\" width=\"90%\"][\/et_pb_image][\/et_pb_column][et_pb_column type=\"1_2\" _builder_version=\"4.16\" custom_padding=\"|||\" custom_padding__hover=\"|||\"][et_pb_button button_url=\"https:\/\/goo.gl\/maps\/DVBKiWaF3FhXnFPQ7\" url_new_window=\"on\" button_text=\"UBICACI\u00d3N\" button_alignment=\"center\" _builder_version=\"4.16\" custom_button=\"on\" button_text_size=\"14px\" button_text_color=\"#ffffff\" button_bg_color=\"#c0172d\" button_border_width=\"0px\" button_border_radius=\"3px\" button_letter_spacing=\"1px\" button_font=\"Raleway|600||on|||||\" button_use_icon=\"off\" background_layout=\"dark\" custom_padding=\"10px|30px|10px|30px\" animation_style=\"fade\" button_letter_spacing_hover=\"1px\" button_text_size__hover_enabled=\"off\" button_one_text_size__hover_enabled=\"off\" button_two_text_size__hover_enabled=\"off\" button_text_color__hover_enabled=\"off\" button_one_text_color__hover_enabled=\"off\" button_two_text_color__hover_enabled=\"off\" button_border_width__hover_enabled=\"off\" button_one_border_width__hover_enabled=\"off\" button_two_border_width__hover_enabled=\"off\" button_border_color__hover_enabled=\"off\" button_one_border_color__hover_enabled=\"off\" button_two_border_color__hover_enabled=\"off\" button_border_radius__hover_enabled=\"off\" button_one_border_radius__hover_enabled=\"off\" button_two_border_radius__hover_enabled=\"off\" button_letter_spacing__hover_enabled=\"on\" button_letter_spacing__hover=\"1px\" button_one_letter_spacing__hover_enabled=\"off\" button_two_letter_spacing__hover_enabled=\"off\" button_bg_color__hover_enabled=\"off\" button_one_bg_color__hover_enabled=\"off\" button_two_bg_color__hover_enabled=\"off\"][\/et_pb_button][et_pb_image src=\"https:\/\/idibe.umh.es\/files\/2020\/05\/Torrepinet.jpg\" align=\"center\" admin_label=\"Miguel Hern\u00e1ndez University, Elche. Torrepinet Building. Microscopy Unit (Room E08P0008)\" _builder_version=\"4.16\" width=\"95%\" custom_margin=\"||1px\" border_radii=\"on|4px|4px|4px|4px\"][\/et_pb_image][et_pb_text _builder_version=\"4.16\" text_font=\"||||||||\" text_text_align=\"left\"]<\/p><p style=\"text-align: center;\">Universidad Miguel Hern\u00e1ndez, Elche<br \/>Edificio Torrepinet. Unidad de Microscop\u00eda (Estancia E08P0008)<\/p><p>[\/et_pb_text][\/et_pb_column][\/et_pb_row][\/et_pb_section]<\/p>","_et_gb_content_width":"","_links_to":"","_links_to_target":""},"_links":{"self":[{"href":"https:\/\/idibe.umh.es\/en\/wp-json\/wp\/v2\/pages\/14750"}],"collection":[{"href":"https:\/\/idibe.umh.es\/en\/wp-json\/wp\/v2\/pages"}],"about":[{"href":"https:\/\/idibe.umh.es\/en\/wp-json\/wp\/v2\/types\/page"}],"author":[{"embeddable":true,"href":"https:\/\/idibe.umh.es\/en\/wp-json\/wp\/v2\/users\/3158"}],"replies":[{"embeddable":true,"href":"https:\/\/idibe.umh.es\/en\/wp-json\/wp\/v2\/comments?post=14750"}],"version-history":[{"count":0,"href":"https:\/\/idibe.umh.es\/en\/wp-json\/wp\/v2\/pages\/14750\/revisions"}],"up":[{"embeddable":true,"href":"https:\/\/idibe.umh.es\/en\/wp-json\/wp\/v2\/pages\/1865"}],"wp:attachment":[{"href":"https:\/\/idibe.umh.es\/en\/wp-json\/wp\/v2\/media?parent=14750"}],"curies":[{"name":"wp","href":"https:\/\/api.w.org\/{rel}","templated":true}]}}