{"id":14766,"date":"2023-09-29T07:56:55","date_gmt":"2023-09-29T07:56:55","guid":{"rendered":"https:\/\/idibe.umh.es\/?page_id=14766"},"modified":"2024-07-09T10:10:28","modified_gmt":"2024-07-09T10:10:28","slug":"ge-healthcare-in-cell-analyzer-6000","status":"publish","type":"page","link":"https:\/\/idibe.umh.es\/en\/servicios\/ge-healthcare-in-cell-analyzer-6000\/","title":{"rendered":"GE Healthcare IN Cell Analyzer 6000"},"content":{"rendered":"<p>[et_pb_section fb_built=&#8221;1&#8243; _builder_version=&#8221;4.16&#8243; background_color=&#8221;#c0172d&#8221; custom_padding=&#8221;16px|0px|16px|0px|false|false&#8221; locked=&#8221;off&#8221; global_colors_info=&#8221;{}&#8221;][et_pb_row _builder_version=&#8221;4.16&#8243; custom_padding=&#8221;11px|0px|0|0px|false|false&#8221; global_colors_info=&#8221;{}&#8221;][et_pb_column type=&#8221;4_4&#8243; _builder_version=&#8221;4.16&#8243; custom_padding=&#8221;|||&#8221; global_colors_info=&#8221;{}&#8221; custom_padding__hover=&#8221;|||&#8221;][et_pb_text _builder_version=&#8221;4.16&#8243; header_font=&#8221;||||||||&#8221; header_font_size=&#8221;55px&#8221; header_2_font=&#8221;Raleway||||||||&#8221; header_2_text_color=&#8221;#ffffff&#8221; header_2_font_size=&#8221;45px&#8221; header_3_font=&#8221;||||||||&#8221; header_4_font=&#8221;||||||||&#8221; header_4_text_color=&#8221;#ffffff&#8221; global_colors_info=&#8221;{}&#8221;]<\/p>\n<h2 style=\"text-align: center\">GE Healthcare IN Cell Analyzer 6000<\/h2>\n<p>[\/et_pb_text][\/et_pb_column][\/et_pb_row][\/et_pb_section][et_pb_section fb_built=&#8221;1&#8243; _builder_version=&#8221;4.16&#8243; locked=&#8221;off&#8221; global_colors_info=&#8221;{}&#8221;][et_pb_row _builder_version=&#8221;4.16&#8243; background_size=&#8221;initial&#8221; background_position=&#8221;top_left&#8221; background_repeat=&#8221;repeat&#8221; global_colors_info=&#8221;{}&#8221;][et_pb_column type=&#8221;4_4&#8243; _builder_version=&#8221;4.16&#8243; custom_padding=&#8221;|||&#8221; global_colors_info=&#8221;{}&#8221; custom_padding__hover=&#8221;|||&#8221;][et_pb_image src=&#8221;https:\/\/idibe.umh.es\/files\/2023\/09\/IN-Cell-Analyzer-6000_PATeNT_IDiBE.png&#8221; align=&#8221;center&#8221; _builder_version=&#8221;4.16&#8243; width=&#8221;79%&#8221; module_alignment=&#8221;center&#8221; locked=&#8221;off&#8221; global_colors_info=&#8221;{}&#8221;][\/et_pb_image][et_pb_text _builder_version=&#8221;4.17.4&#8243; text_font=&#8221;||||||||&#8221; text_text_color=&#8221;#000000&#8243; text_font_size=&#8221;16px&#8221; header_font=&#8221;||||||||&#8221; width=&#8221;90%&#8221; custom_margin=&#8221;|||64px&#8221; custom_padding=&#8221;||1px|||&#8221; global_colors_info=&#8221;{}&#8221;]<\/p>\n<p style=\"text-align: justify\">\u200bThe IN Cell Analyzer 6000 is a high-performance and high-content automated laser-based confocal imaging platform, designed for fast, automated and fully adjustable fluorescent microscope imaging and analysis of fixed and live cells, in a high variety of sample holders.<\/p>\n<p style=\"text-align: justify\">It features a novel and proprietary optical system that incorporates an iris-like variable aperture design and next-generation sCMOS technology,which enables to optimise for speed and image quality.<\/p>\n<p style=\"text-align: justify\">This equipment has been acquired thanks to an\u00a0<a href=\"https:\/\/cordis.europa.eu\/project\/id\/639249\/es\" target=\"_blank\" rel=\"noopener noreferrer\"><strong><span style=\"text-decoration: underline;color: #0000ff\">ERC Starting Grant (Bloodcellscrostalk, GA639249)<\/span><\/strong><\/a>.<\/p>\n<p style=\"text-align: justify\">Contact: <strong>Mar\u00eda del Mar Ortega-Villaiz\u00e1n Romo<\/strong> (e-mail: <a href=\"mailto:mortega-villaizan@umh.es\">mortega-villaizan@umh.es<\/a>).<\/p>\n<p>[\/et_pb_text][\/et_pb_column][\/et_pb_row][et_pb_row column_structure=&#8221;1_2,1_2&#8243; _builder_version=&#8221;4.16&#8243; locked=&#8221;off&#8221; global_colors_info=&#8221;{}&#8221;][et_pb_column type=&#8221;1_2&#8243; _builder_version=&#8221;4.16&#8243; global_colors_info=&#8221;{}&#8221;][et_pb_image src=&#8221;https:\/\/idibe.umh.es\/files\/2023\/09\/LOGO_ERC-FLAG_EU_.png&#8221; url=&#8221;https:\/\/erc.europa.eu\/&#8221; url_new_window=&#8221;on&#8221; align=&#8221;center&#8221; _builder_version=&#8221;4.16&#8243; width=&#8221;70%&#8221; global_colors_info=&#8221;{}&#8221;][\/et_pb_image][\/et_pb_column][et_pb_column type=&#8221;1_2&#8243; _builder_version=&#8221;4.16&#8243; global_colors_info=&#8221;{}&#8221;][et_pb_image src=&#8221;https:\/\/idibe.umh.es\/files\/2020\/01\/Blood-Cells-Crosstalk.png&#8221; url=&#8221;https:\/\/cordis.europa.eu\/project\/id\/639249\/es&#8221; url_new_window=&#8221;on&#8221; align=&#8221;center&#8221; _builder_version=&#8221;4.16&#8243; global_colors_info=&#8221;{}&#8221;][\/et_pb_image][\/et_pb_column][\/et_pb_row][et_pb_row _builder_version=&#8221;4.16&#8243; min_height=&#8221;38px&#8221; custom_padding=&#8221;24px|0px|0|0px|false|false&#8221; locked=&#8221;off&#8221; global_colors_info=&#8221;{}&#8221; disabled_on=&#8221;on|on|on&#8221; disabled=&#8221;on&#8221;][et_pb_column type=&#8221;4_4&#8243; _builder_version=&#8221;4.16&#8243; custom_padding=&#8221;|||&#8221; global_colors_info=&#8221;{}&#8221; custom_padding__hover=&#8221;|||&#8221;][et_pb_divider divider_weight=&#8221;3px&#8221; _builder_version=&#8221;4.16&#8243; max_width=&#8221;15%&#8221; module_alignment=&#8221;center&#8221; custom_margin=&#8221;-23px||-4px&#8221; global_colors_info=&#8221;{}&#8221;][\/et_pb_divider][\/et_pb_column][\/et_pb_row][et_pb_row column_structure=&#8221;1_4,1_4,1_2&#8243; _builder_version=&#8221;4.16&#8243; global_colors_info=&#8221;{}&#8221; disabled_on=&#8221;on|on|on&#8221; disabled=&#8221;on&#8221;][et_pb_column type=&#8221;1_4&#8243; _builder_version=&#8221;4.16&#8243; custom_padding=&#8221;|||&#8221; global_colors_info=&#8221;{}&#8221; custom_padding__hover=&#8221;|||&#8221;][et_pb_button url_new_window=&#8221;on&#8221; button_text=&#8221;AVAILABILITY&#8221; button_alignment=&#8221;center&#8221; _builder_version=&#8221;4.16&#8243; custom_button=&#8221;on&#8221; button_text_size=&#8221;14px&#8221; button_text_color=&#8221;#ffffff&#8221; button_bg_color=&#8221;#c0172d&#8221; button_border_width=&#8221;0px&#8221; button_border_radius=&#8221;3px&#8221; button_letter_spacing=&#8221;1px&#8221; button_font=&#8221;Raleway|600||on|||||&#8221; button_use_icon=&#8221;off&#8221; background_layout=&#8221;dark&#8221; custom_padding=&#8221;10px|30px|10px|30px&#8221; animation_style=&#8221;fade&#8221; button_letter_spacing_hover=&#8221;1px&#8221; global_colors_info=&#8221;{}&#8221; button_text_size__hover_enabled=&#8221;off&#8221; button_one_text_size__hover_enabled=&#8221;off&#8221; button_two_text_size__hover_enabled=&#8221;off&#8221; button_text_color__hover_enabled=&#8221;off&#8221; button_one_text_color__hover_enabled=&#8221;off&#8221; button_two_text_color__hover_enabled=&#8221;off&#8221; button_border_width__hover_enabled=&#8221;off&#8221; button_one_border_width__hover_enabled=&#8221;off&#8221; button_two_border_width__hover_enabled=&#8221;off&#8221; button_border_color__hover_enabled=&#8221;off&#8221; button_one_border_color__hover_enabled=&#8221;off&#8221; button_two_border_color__hover_enabled=&#8221;off&#8221; button_border_radius__hover_enabled=&#8221;off&#8221; button_one_border_radius__hover_enabled=&#8221;off&#8221; button_two_border_radius__hover_enabled=&#8221;off&#8221; button_letter_spacing__hover_enabled=&#8221;on&#8221; button_letter_spacing__hover=&#8221;1px&#8221; button_one_letter_spacing__hover_enabled=&#8221;off&#8221; button_two_letter_spacing__hover_enabled=&#8221;off&#8221; button_bg_color__hover_enabled=&#8221;off&#8221; button_one_bg_color__hover_enabled=&#8221;off&#8221; button_two_bg_color__hover_enabled=&#8221;off&#8221;][\/et_pb_button][et_pb_image src=&#8221;https:\/\/idibe.umh.es\/files\/2023\/09\/Building-2.png&#8221; _builder_version=&#8221;4.16&#8243; width=&#8221;90%&#8221; global_colors_info=&#8221;{}&#8221;][\/et_pb_image][\/et_pb_column][et_pb_column type=&#8221;1_4&#8243; _builder_version=&#8221;4.16&#8243; custom_padding=&#8221;|||&#8221; global_colors_info=&#8221;{}&#8221; custom_padding__hover=&#8221;|||&#8221;][et_pb_button url_new_window=&#8221;on&#8221; button_text=&#8221;MAKE RESERVATION&#8221; button_alignment=&#8221;center&#8221; _builder_version=&#8221;4.16&#8243; custom_button=&#8221;on&#8221; button_text_size=&#8221;14px&#8221; button_text_color=&#8221;#ffffff&#8221; button_bg_color=&#8221;#c0172d&#8221; button_border_width=&#8221;0px&#8221; button_border_radius=&#8221;3px&#8221; button_letter_spacing=&#8221;1px&#8221; button_font=&#8221;Raleway|600||on|||||&#8221; button_use_icon=&#8221;off&#8221; background_layout=&#8221;dark&#8221; custom_padding=&#8221;10px|30px|10px|30px&#8221; animation_style=&#8221;fade&#8221; button_letter_spacing_hover=&#8221;1px&#8221; locked=&#8221;off&#8221; global_colors_info=&#8221;{}&#8221; button_text_size__hover_enabled=&#8221;off&#8221; button_one_text_size__hover_enabled=&#8221;off&#8221; button_two_text_size__hover_enabled=&#8221;off&#8221; button_text_color__hover_enabled=&#8221;off&#8221; button_one_text_color__hover_enabled=&#8221;off&#8221; button_two_text_color__hover_enabled=&#8221;off&#8221; button_border_width__hover_enabled=&#8221;off&#8221; button_one_border_width__hover_enabled=&#8221;off&#8221; button_two_border_width__hover_enabled=&#8221;off&#8221; button_border_color__hover_enabled=&#8221;off&#8221; button_one_border_color__hover_enabled=&#8221;off&#8221; button_two_border_color__hover_enabled=&#8221;off&#8221; button_border_radius__hover_enabled=&#8221;off&#8221; button_one_border_radius__hover_enabled=&#8221;off&#8221; button_two_border_radius__hover_enabled=&#8221;off&#8221; button_letter_spacing__hover_enabled=&#8221;on&#8221; button_letter_spacing__hover=&#8221;1px&#8221; button_one_letter_spacing__hover_enabled=&#8221;off&#8221; button_two_letter_spacing__hover_enabled=&#8221;off&#8221; button_bg_color__hover_enabled=&#8221;off&#8221; button_one_bg_color__hover_enabled=&#8221;off&#8221; button_two_bg_color__hover_enabled=&#8221;off&#8221;][\/et_pb_button][et_pb_image src=&#8221;https:\/\/idibe.umh.es\/files\/2023\/09\/reveal_research-2.png&#8221; _builder_version=&#8221;4.16&#8243; width=&#8221;90%&#8221; global_colors_info=&#8221;{}&#8221;][\/et_pb_image][\/et_pb_column][et_pb_column type=&#8221;1_2&#8243; _builder_version=&#8221;4.16&#8243; custom_padding=&#8221;|||&#8221; global_colors_info=&#8221;{}&#8221; custom_padding__hover=&#8221;|||&#8221;][et_pb_button button_url=&#8221;http:\/\/universite.umh.es\/localizaciones\/&#8221; url_new_window=&#8221;on&#8221; button_text=&#8221;LOCATION&#8221; button_alignment=&#8221;center&#8221; _builder_version=&#8221;4.16&#8243; custom_button=&#8221;on&#8221; button_text_size=&#8221;14px&#8221; button_text_color=&#8221;#ffffff&#8221; button_bg_color=&#8221;#c0172d&#8221; button_border_width=&#8221;0px&#8221; button_border_radius=&#8221;3px&#8221; button_letter_spacing=&#8221;1px&#8221; button_font=&#8221;Raleway|600||on|||||&#8221; button_use_icon=&#8221;off&#8221; background_layout=&#8221;dark&#8221; custom_padding=&#8221;10px|30px|10px|30px&#8221; animation_style=&#8221;fade&#8221; button_letter_spacing_hover=&#8221;1px&#8221; locked=&#8221;off&#8221; global_colors_info=&#8221;{}&#8221; button_text_size__hover_enabled=&#8221;off&#8221; button_one_text_size__hover_enabled=&#8221;off&#8221; button_two_text_size__hover_enabled=&#8221;off&#8221; button_text_color__hover_enabled=&#8221;off&#8221; button_one_text_color__hover_enabled=&#8221;off&#8221; button_two_text_color__hover_enabled=&#8221;off&#8221; button_border_width__hover_enabled=&#8221;off&#8221; button_one_border_width__hover_enabled=&#8221;off&#8221; button_two_border_width__hover_enabled=&#8221;off&#8221; button_border_color__hover_enabled=&#8221;off&#8221; button_one_border_color__hover_enabled=&#8221;off&#8221; button_two_border_color__hover_enabled=&#8221;off&#8221; button_border_radius__hover_enabled=&#8221;off&#8221; button_one_border_radius__hover_enabled=&#8221;off&#8221; button_two_border_radius__hover_enabled=&#8221;off&#8221; button_letter_spacing__hover_enabled=&#8221;on&#8221; button_letter_spacing__hover=&#8221;1px&#8221; button_one_letter_spacing__hover_enabled=&#8221;off&#8221; button_two_letter_spacing__hover_enabled=&#8221;off&#8221; button_bg_color__hover_enabled=&#8221;off&#8221; button_one_bg_color__hover_enabled=&#8221;off&#8221; button_two_bg_color__hover_enabled=&#8221;off&#8221;][\/et_pb_button][et_pb_image src=&#8221;https:\/\/idibe.umh.es\/files\/2023\/09\/Torregaitan-IDiBE-equipos.jpg&#8221; align=&#8221;center&#8221; _builder_version=&#8221;4.16&#8243; global_colors_info=&#8221;{}&#8221;][\/et_pb_image][et_pb_image src=&#8221;https:\/\/idibe.umh.es\/files\/2020\/05\/Torregaitan-IDiBE-equipos.jpg&#8221; align=&#8221;center&#8221; admin_label=&#8221;Miguel Hern\u00e1ndez University, Elche. Torrepinet Building. Microscopy Unit (Room E08P0008)&#8221; _builder_version=&#8221;4.16&#8243; width=&#8221;80%&#8221; custom_margin=&#8221;||3px&#8221; custom_padding=&#8221;||0px&#8221; border_radii=&#8221;on|4px|4px|4px|4px&#8221; locked=&#8221;off&#8221; global_colors_info=&#8221;{}&#8221;][\/et_pb_image][et_pb_text _builder_version=&#8221;4.16&#8243; text_font=&#8221;||||||||&#8221; text_text_color=&#8221;#000000&#8243; text_font_size=&#8221;16px&#8221; text_text_align=&#8221;left&#8221; locked=&#8221;off&#8221; global_colors_info=&#8221;{}&#8221;]<\/p>\n<p style=\"text-align: center\">Miguel Hern\u00e1ndez University, Elche<br \/>Institute for Research, Development and Innovation in Health Biotechnology of Elche (IDiBE).<br \/>Torregait\u00e1n Building. Laboratory 1.09 Antiviral Strategies<\/p>\n<p>[\/et_pb_text][\/et_pb_column][\/et_pb_row][\/et_pb_section]<\/p>\n","protected":false},"excerpt":{"rendered":"<p>GE Healthcare IN Cell Analyzer 6000 \u200bThe IN Cell Analyzer 6000 is a high-performance and high-content automated laser-based confocal imaging platform, designed for fast, automated and fully adjustable fluorescent microscope imaging and analysis of fixed and live cells, in a high variety of sample holders. It features a novel and proprietary optical system that incorporates [&hellip;]<\/p>\n","protected":false},"author":3158,"featured_media":0,"parent":1865,"menu_order":0,"comment_status":"closed","ping_status":"closed","template":"","meta":{"_et_pb_use_builder":"on","_et_pb_old_content":"<p>[et_pb_section fb_built=\"1\" _builder_version=\"4.16\" use_background_color_gradient=\"on\" background_color_gradient_start=\"rgba(255,255,255,0.82)\" background_color_gradient_end=\"rgba(255,255,255,0.74)\" background_color_gradient_overlays_image=\"on\" background_image=\"https:\/\/idibe.es\/wp-content\/uploads\/2019\/03\/analysis-2030266_1920.jpg\" custom_padding=\"54px|0px|18px|0px|false|false\" locked=\"off\"][et_pb_row _builder_version=\"4.16\" custom_padding=\"28px|0px|29px|0px|false|false\"][et_pb_column type=\"4_4\" _builder_version=\"4.16\" custom_padding=\"|||\" custom_padding__hover=\"|||\"][et_pb_text _builder_version=\"4.16\" header_font=\"||||||||\" header_font_size=\"55px\"]<\/p><h1 style=\"text-align: center;\">ADQUISICI\u00d3N Y AN\u00c1LISIS DE IM\u00c1GENES<\/h1><p>[\/et_pb_text][\/et_pb_column][\/et_pb_row][\/et_pb_section][et_pb_section fb_built=\"1\" _builder_version=\"4.16\" background_color=\"#c0172d\" custom_padding=\"16px|0px|16px|0px|false|false\" locked=\"off\"][et_pb_row _builder_version=\"4.16\" custom_padding=\"11px|0px|0|0px|false|false\"][et_pb_column type=\"4_4\" _builder_version=\"4.16\" custom_padding=\"|||\" custom_padding__hover=\"|||\"][et_pb_text _builder_version=\"4.16\" header_font=\"||||||||\" header_font_size=\"55px\" header_2_font=\"Raleway||||||||\" header_2_text_color=\"#ffffff\" header_2_font_size=\"45px\" header_3_font=\"||||||||\" header_4_font=\"||||||||\" header_4_text_color=\"#ffffff\"]<\/p><h2 style=\"text-align: center;\">GE Healthcare IN Cell Analyzer 6000<\/h2><p>[\/et_pb_text][\/et_pb_column][\/et_pb_row][\/et_pb_section][et_pb_section fb_built=\"1\" _builder_version=\"4.16\" locked=\"off\"][et_pb_row _builder_version=\"4.16\" background_size=\"initial\" background_position=\"top_left\" background_repeat=\"repeat\"][et_pb_column type=\"4_4\" _builder_version=\"4.16\" custom_padding=\"|||\" custom_padding__hover=\"|||\"][et_pb_image src=\"https:\/\/idibe.umh.es\/files\/2023\/09\/IN-Cell-Analyzer-6000_PATeNT_IDiBE.png\" align=\"center\" _builder_version=\"4.16\" width=\"79%\" module_alignment=\"center\" locked=\"off\"][\/et_pb_image][et_pb_text _builder_version=\"4.16\" text_font=\"||||||||\" header_font=\"||||||||\" width=\"90%\" custom_margin=\"|||64px\" custom_padding=\"||1px|||\"]<\/p><p style=\"text-align: justify;\"><span style=\"color: #333333;\">El analizador de im\u00e1genes IN Cell Analyzer 6000 es una plataforma de alto rendimiento y resoluci\u00f3n basado en microscop\u00eda confocal con l\u00e1ser dise\u00f1ada para un an\u00e1lisis de im\u00e1genes fluorescentes de c\u00e9lulas fijadas o vidas r\u00e1pido y automatizado.<\/span><\/p><p style=\"text-align: justify;\"><span style=\"color: #333333;\">El equipo incluye un novedoso sistema \u00f3ptico patentado que incorpora un dise\u00f1o de apertura variable similar al iris y tecnolog\u00eda sCMOS de nueva generaci\u00f3n, que permite obtener de forma r\u00e1pida im\u00e1genes de gran calidad.<\/span><\/p><p style=\"text-align: justify;\"><span style=\"color: #333333;\">Este equipamiento ha sido adquirido a trav\u00e9s del proyecto<\/span>\u00a0<a href=\"https:\/\/cordis.europa.eu\/project\/id\/639249\/es\" target=\"_blank\" rel=\"noopener noreferrer\"><strong>ERC Starting Grant (Bloodcellscrostalk, GA639249)<\/strong><\/a>.<\/p><p>[\/et_pb_text][\/et_pb_column][\/et_pb_row][et_pb_row column_structure=\"1_2,1_2\" _builder_version=\"4.16\" locked=\"off\"][et_pb_column type=\"1_2\" _builder_version=\"4.16\"][et_pb_image src=\"https:\/\/idibe.umh.es\/files\/2023\/09\/LOGO_ERC-FLAG_EU_.png\" url=\"https:\/\/erc.europa.eu\/\" url_new_window=\"on\" align=\"center\" _builder_version=\"4.16\" width=\"70%\"][\/et_pb_image][\/et_pb_column][et_pb_column type=\"1_2\" _builder_version=\"4.16\"][et_pb_image src=\"https:\/\/idibe.umh.es\/files\/2020\/01\/Blood-Cells-Crosstalk.png\" url=\"https:\/\/cordis.europa.eu\/project\/id\/639249\/es\" url_new_window=\"on\" align=\"center\" _builder_version=\"4.16\"][\/et_pb_image][\/et_pb_column][\/et_pb_row][et_pb_row _builder_version=\"4.16\" min_height=\"38px\" custom_padding=\"24px|0px|0|0px|false|false\" locked=\"off\"][et_pb_column type=\"4_4\" _builder_version=\"4.16\" custom_padding=\"|||\" custom_padding__hover=\"|||\"][et_pb_divider divider_weight=\"3px\" _builder_version=\"4.16\" max_width=\"15%\" module_alignment=\"center\" custom_margin=\"-23px||-4px\"][\/et_pb_divider][\/et_pb_column][\/et_pb_row][et_pb_row column_structure=\"1_4,1_4,1_2\" _builder_version=\"4.16\"][et_pb_column type=\"1_4\" _builder_version=\"4.16\" custom_padding=\"|||\" custom_padding__hover=\"|||\"][et_pb_button url_new_window=\"on\" button_text=\"DISPONIBILIDAD\" button_alignment=\"center\" _builder_version=\"4.16\" custom_button=\"on\" button_text_size=\"14px\" button_text_color=\"#ffffff\" button_bg_color=\"#c0172d\" button_border_width=\"0px\" button_border_radius=\"3px\" button_letter_spacing=\"1px\" button_font=\"Raleway|600||on|||||\" button_use_icon=\"off\" background_layout=\"dark\" custom_padding=\"10px|30px|10px|30px\" animation_style=\"fade\" button_letter_spacing_hover=\"1px\" button_text_size__hover_enabled=\"off\" button_one_text_size__hover_enabled=\"off\" button_two_text_size__hover_enabled=\"off\" button_text_color__hover_enabled=\"off\" button_one_text_color__hover_enabled=\"off\" button_two_text_color__hover_enabled=\"off\" button_border_width__hover_enabled=\"off\" button_one_border_width__hover_enabled=\"off\" button_two_border_width__hover_enabled=\"off\" button_border_color__hover_enabled=\"off\" button_one_border_color__hover_enabled=\"off\" button_two_border_color__hover_enabled=\"off\" button_border_radius__hover_enabled=\"off\" button_one_border_radius__hover_enabled=\"off\" button_two_border_radius__hover_enabled=\"off\" button_letter_spacing__hover_enabled=\"on\" button_letter_spacing__hover=\"1px\" button_one_letter_spacing__hover_enabled=\"off\" button_two_letter_spacing__hover_enabled=\"off\" button_bg_color__hover_enabled=\"off\" button_one_bg_color__hover_enabled=\"off\" button_two_bg_color__hover_enabled=\"off\"][\/et_pb_button][et_pb_image src=\"https:\/\/idibe.umh.es\/files\/2019\/02\/Building-2.png\" _builder_version=\"4.16\" width=\"90%\"][\/et_pb_image][\/et_pb_column][et_pb_column type=\"1_4\" _builder_version=\"4.16\" custom_padding=\"|||\" custom_padding__hover=\"|||\"][et_pb_button url_new_window=\"on\" button_text=\"RESERVA\" button_alignment=\"center\" _builder_version=\"4.16\" custom_button=\"on\" button_text_size=\"14px\" button_text_color=\"#ffffff\" button_bg_color=\"#c0172d\" button_border_width=\"0px\" button_border_radius=\"3px\" button_letter_spacing=\"1px\" button_font=\"Raleway|600||on|||||\" button_use_icon=\"off\" background_layout=\"dark\" custom_padding=\"10px|30px|10px|30px\" animation_style=\"fade\" button_letter_spacing_hover=\"1px\" locked=\"off\" button_text_size__hover_enabled=\"off\" button_one_text_size__hover_enabled=\"off\" button_two_text_size__hover_enabled=\"off\" button_text_color__hover_enabled=\"off\" button_one_text_color__hover_enabled=\"off\" button_two_text_color__hover_enabled=\"off\" button_border_width__hover_enabled=\"off\" button_one_border_width__hover_enabled=\"off\" button_two_border_width__hover_enabled=\"off\" button_border_color__hover_enabled=\"off\" button_one_border_color__hover_enabled=\"off\" button_two_border_color__hover_enabled=\"off\" button_border_radius__hover_enabled=\"off\" button_one_border_radius__hover_enabled=\"off\" button_two_border_radius__hover_enabled=\"off\" button_letter_spacing__hover_enabled=\"on\" button_letter_spacing__hover=\"1px\" button_one_letter_spacing__hover_enabled=\"off\" button_two_letter_spacing__hover_enabled=\"off\" button_bg_color__hover_enabled=\"off\" button_one_bg_color__hover_enabled=\"off\" button_two_bg_color__hover_enabled=\"off\"][\/et_pb_button][et_pb_image src=\"https:\/\/idibe.umh.es\/files\/2019\/02\/Research_V01-copia.png\" _builder_version=\"4.16\" width=\"90%\"][\/et_pb_image][\/et_pb_column][et_pb_column type=\"1_2\" _builder_version=\"4.16\" custom_padding=\"|||\" custom_padding__hover=\"|||\"][et_pb_button button_url=\"http:\/\/universite.umh.es\/localizaciones\/\" url_new_window=\"on\" button_text=\"UBICACI\u00d3N\" button_alignment=\"center\" _builder_version=\"4.16\" custom_button=\"on\" button_text_size=\"14px\" button_text_color=\"#ffffff\" button_bg_color=\"#c0172d\" button_border_width=\"0px\" button_border_radius=\"3px\" button_letter_spacing=\"1px\" button_font=\"Raleway|600||on|||||\" button_use_icon=\"off\" background_layout=\"dark\" custom_padding=\"10px|30px|10px|30px\" animation_style=\"fade\" button_letter_spacing_hover=\"1px\" locked=\"off\" button_text_size__hover_enabled=\"off\" button_one_text_size__hover_enabled=\"off\" button_two_text_size__hover_enabled=\"off\" button_text_color__hover_enabled=\"off\" button_one_text_color__hover_enabled=\"off\" button_two_text_color__hover_enabled=\"off\" button_border_width__hover_enabled=\"off\" button_one_border_width__hover_enabled=\"off\" button_two_border_width__hover_enabled=\"off\" button_border_color__hover_enabled=\"off\" button_one_border_color__hover_enabled=\"off\" button_two_border_color__hover_enabled=\"off\" button_border_radius__hover_enabled=\"off\" button_one_border_radius__hover_enabled=\"off\" button_two_border_radius__hover_enabled=\"off\" button_letter_spacing__hover_enabled=\"on\" button_letter_spacing__hover=\"1px\" button_one_letter_spacing__hover_enabled=\"off\" button_two_letter_spacing__hover_enabled=\"off\" button_bg_color__hover_enabled=\"off\" button_one_bg_color__hover_enabled=\"off\" button_two_bg_color__hover_enabled=\"off\"][\/et_pb_button][et_pb_image src=\"https:\/\/idibe.umh.es\/files\/2020\/05\/Torregaitan-IDiBE-equipos.jpg\" align=\"center\" admin_label=\"Miguel Hern\u00e1ndez University, Elche. Torrepinet Building. Microscopy Unit (Room E08P0008)\" _builder_version=\"4.16\" width=\"80%\" custom_margin=\"||3px\" custom_padding=\"||0px\" border_radii=\"on|4px|4px|4px|4px\" locked=\"off\"][\/et_pb_image][et_pb_text _builder_version=\"4.16\" text_font=\"||||||||\" text_text_align=\"left\" locked=\"off\"]<\/p><p style=\"text-align: center;\">Universidad Miguel Hern\u00e1ndez, Elche<br \/>Instituto de Investigaci\u00f3n, Desarrollo e Innovaci\u00f3n en Biotecnolog\u00eda Sanitaria de Elche (IDiBE)<br \/>Edificio Torregait\u00e1n. Laboratorio 1.09 Estrategias Antivirales<\/p><p>[\/et_pb_text][\/et_pb_column][\/et_pb_row][\/et_pb_section]<\/p>","_et_gb_content_width":"","_links_to":"","_links_to_target":""},"_links":{"self":[{"href":"https:\/\/idibe.umh.es\/en\/wp-json\/wp\/v2\/pages\/14766"}],"collection":[{"href":"https:\/\/idibe.umh.es\/en\/wp-json\/wp\/v2\/pages"}],"about":[{"href":"https:\/\/idibe.umh.es\/en\/wp-json\/wp\/v2\/types\/page"}],"author":[{"embeddable":true,"href":"https:\/\/idibe.umh.es\/en\/wp-json\/wp\/v2\/users\/3158"}],"replies":[{"embeddable":true,"href":"https:\/\/idibe.umh.es\/en\/wp-json\/wp\/v2\/comments?post=14766"}],"version-history":[{"count":0,"href":"https:\/\/idibe.umh.es\/en\/wp-json\/wp\/v2\/pages\/14766\/revisions"}],"up":[{"embeddable":true,"href":"https:\/\/idibe.umh.es\/en\/wp-json\/wp\/v2\/pages\/1865"}],"wp:attachment":[{"href":"https:\/\/idibe.umh.es\/en\/wp-json\/wp\/v2\/media?parent=14766"}],"curies":[{"name":"wp","href":"https:\/\/api.w.org\/{rel}","templated":true}]}}