{"id":16365,"date":"2024-03-11T13:49:36","date_gmt":"2024-03-11T13:49:36","guid":{"rendered":"https:\/\/idibe.umh.es\/?page_id=16365"},"modified":"2024-07-09T08:04:04","modified_gmt":"2024-07-09T08:04:04","slug":"pti-quantamaster-spectrofluorometer","status":"publish","type":"page","link":"https:\/\/idibe.umh.es\/en\/pti-quantamaster-spectrofluorometer\/","title":{"rendered":"PTI Quantamaster Spectrofluorometer"},"content":{"rendered":"<p>[et_pb_section fb_built=&#8221;1&#8243; _builder_version=&#8221;4.16&#8243; background_color=&#8221;#c0172d&#8221; custom_padding=&#8221;16px|0px|16px|0px|false|false&#8221; locked=&#8221;off&#8221; global_colors_info=&#8221;{}&#8221;][et_pb_row _builder_version=&#8221;4.16&#8243; custom_padding=&#8221;11px|0px|0|0px|false|false&#8221; global_colors_info=&#8221;{}&#8221;][et_pb_column type=&#8221;4_4&#8243; _builder_version=&#8221;4.16&#8243; custom_padding=&#8221;|||&#8221; global_colors_info=&#8221;{}&#8221; custom_padding__hover=&#8221;|||&#8221;][et_pb_text _builder_version=&#8221;4.16&#8243; header_font=&#8221;||||||||&#8221; header_font_size=&#8221;55px&#8221; header_2_font=&#8221;Raleway||||||||&#8221; header_2_text_color=&#8221;#ffffff&#8221; header_2_font_size=&#8221;45px&#8221; header_3_font=&#8221;||||||||&#8221; header_4_font=&#8221;||||||||&#8221; header_4_text_color=&#8221;#ffffff&#8221; global_colors_info=&#8221;{}&#8221;]<\/p>\n<h2 style=\"text-align: center\">PTI Quantamaster Spectrofluorometer<\/h2>\n<p>[\/et_pb_text][\/et_pb_column][\/et_pb_row][\/et_pb_section][et_pb_section fb_built=&#8221;1&#8243; _builder_version=&#8221;4.16&#8243; locked=&#8221;off&#8221; global_colors_info=&#8221;{}&#8221;][et_pb_row _builder_version=&#8221;4.16&#8243; background_size=&#8221;initial&#8221; background_position=&#8221;top_left&#8221; background_repeat=&#8221;repeat&#8221; global_colors_info=&#8221;{}&#8221;][et_pb_column type=&#8221;4_4&#8243; _builder_version=&#8221;4.16&#8243; custom_padding=&#8221;|||&#8221; global_colors_info=&#8221;{}&#8221; custom_padding__hover=&#8221;|||&#8221;][et_pb_image src=&#8221;https:\/\/idibe.umh.es\/files\/2024\/03\/espectrofluorimetro-estado-estacionario-PTI&#8211;300&#215;199.jpg&#8221; title_text=&#8221;espectrofluor\u00edmetro estado estacionario PTI&#8221; align=&#8221;center&#8221; _builder_version=&#8221;4.17.4&#8243; width=&#8221;57%&#8221; module_alignment=&#8221;center&#8221; global_colors_info=&#8221;{}&#8221;][\/et_pb_image][et_pb_text _builder_version=&#8221;4.16&#8243; text_font=&#8221;||||||||&#8221; text_text_color=&#8221;#000000&#8243; text_font_size=&#8221;16px&#8221; header_font=&#8221;||||||||&#8221; header_4_font=&#8221;||||||||&#8221; text_orientation=&#8221;justified&#8221; width=&#8221;90%&#8221; custom_margin=&#8221;|||64px&#8221; global_colors_info=&#8221;{}&#8221;]<\/p>\n<p>The steady-state spectrofluorimeter PTI (Photon Technology International) QuantaMaster (Model QM-6\/2003) is a modular instrument that allows steady-state fluorescence measurements, excitation and fluorescence spectra, kinetics, as well as measurements of polarised fluorescence and fluorescence of solids.<\/p>\n<p>The continuous excitation source is an Xe lamp. The sample compartment has a computer-controlled holder for four 10 x 10 mm cuvettes (thermostatisable) and a motorised stirrer, which can be interchanged with a variable angle solids holder. The equipment is connected to a peltier and the temperature is controlled by software. Two motorised polarisers (Glan-Thompson) for the excitation and emission channels are available as accessories. The equipment is very versatile and is specially designed for studies of biological activity as a function of time and temperature, such as protein folding\/unfolding, lipid phase changes, protein-ligand interactions, etc., as well as for the characterisation of luminescent materials, both in solid and liquid state. The temperature range can be programmed between -10\u00baC and 80\u00baC, allowing heating and cooling temperature programmes at different speeds.<\/p>\n<p><strong>Contact<\/strong>: Marta Rubio Camacho (e-mail: <a href=\"mailto:marta.rubioc@umh.es;\">marta.rubioc@umh.es;<\/a> phone: +34 965 222 479)\u00a0<\/p>\n<p>[\/et_pb_text][\/et_pb_column][\/et_pb_row][et_pb_row _builder_version=&#8221;4.16&#8243; custom_padding=&#8221;0|0px|1px|0px|false|false&#8221; global_colors_info=&#8221;{}&#8221; disabled_on=&#8221;on|on|on&#8221; disabled=&#8221;on&#8221;][et_pb_column type=&#8221;4_4&#8243; _builder_version=&#8221;4.16&#8243; custom_padding=&#8221;|||&#8221; global_colors_info=&#8221;{}&#8221; custom_padding__hover=&#8221;|||&#8221;][et_pb_divider divider_weight=&#8221;3px&#8221; _builder_version=&#8221;4.17.4&#8243; max_width=&#8221;17%&#8221; module_alignment=&#8221;center&#8221; global_colors_info=&#8221;{}&#8221;][\/et_pb_divider][\/et_pb_column][\/et_pb_row][et_pb_row column_structure=&#8221;1_4,1_4,1_2&#8243; _builder_version=&#8221;4.16&#8243; locked=&#8221;off&#8221; global_colors_info=&#8221;{}&#8221; disabled_on=&#8221;on|on|on&#8221; disabled=&#8221;on&#8221;][et_pb_column type=&#8221;1_4&#8243; _builder_version=&#8221;4.16&#8243; custom_padding=&#8221;|||&#8221; global_colors_info=&#8221;{}&#8221; custom_padding__hover=&#8221;|||&#8221;][et_pb_button button_url=&#8221;https:\/\/calendar.google.com\/calendar\/embed?src=goumh.umh.es_jdvdtnjeqcrumdpq73m4ou5s5s%40group.calendar.google.com&#038;ctz=Europe%2FMadrid&#8221; url_new_window=&#8221;on&#8221; button_text=&#8221;AVAILABILITY&#8221; button_alignment=&#8221;center&#8221; _builder_version=&#8221;4.16&#8243; custom_button=&#8221;on&#8221; button_text_size=&#8221;14px&#8221; button_text_color=&#8221;#ffffff&#8221; button_bg_color=&#8221;#c0172d&#8221; button_border_width=&#8221;0px&#8221; button_border_radius=&#8221;3px&#8221; button_letter_spacing=&#8221;1px&#8221; button_font=&#8221;Raleway|600||on|||||&#8221; button_use_icon=&#8221;off&#8221; background_layout=&#8221;dark&#8221; custom_padding=&#8221;10px|30px|10px|30px&#8221; animation_style=&#8221;fade&#8221; button_letter_spacing_hover=&#8221;1px&#8221; locked=&#8221;off&#8221; global_colors_info=&#8221;{}&#8221; button_text_size__hover_enabled=&#8221;off&#8221; button_one_text_size__hover_enabled=&#8221;off&#8221; button_two_text_size__hover_enabled=&#8221;off&#8221; button_text_color__hover_enabled=&#8221;off&#8221; button_one_text_color__hover_enabled=&#8221;off&#8221; button_two_text_color__hover_enabled=&#8221;off&#8221; button_border_width__hover_enabled=&#8221;off&#8221; button_one_border_width__hover_enabled=&#8221;off&#8221; button_two_border_width__hover_enabled=&#8221;off&#8221; button_border_color__hover_enabled=&#8221;off&#8221; button_one_border_color__hover_enabled=&#8221;off&#8221; button_two_border_color__hover_enabled=&#8221;off&#8221; button_border_radius__hover_enabled=&#8221;off&#8221; button_one_border_radius__hover_enabled=&#8221;off&#8221; button_two_border_radius__hover_enabled=&#8221;off&#8221; button_letter_spacing__hover_enabled=&#8221;on&#8221; button_letter_spacing__hover=&#8221;1px&#8221; button_one_letter_spacing__hover_enabled=&#8221;off&#8221; button_two_letter_spacing__hover_enabled=&#8221;off&#8221; button_bg_color__hover_enabled=&#8221;off&#8221; button_one_bg_color__hover_enabled=&#8221;off&#8221; button_two_bg_color__hover_enabled=&#8221;off&#8221;][\/et_pb_button][et_pb_image src=&#8221;https:\/\/idibe.umh.es\/files\/2023\/09\/Building-2.png&#8221; _builder_version=&#8221;4.17.4&#8243; width=&#8221;90%&#8221; global_colors_info=&#8221;{}&#8221;][\/et_pb_image][\/et_pb_column][et_pb_column type=&#8221;1_4&#8243; _builder_version=&#8221;4.16&#8243; custom_padding=&#8221;|||&#8221; global_colors_info=&#8221;{}&#8221; custom_padding__hover=&#8221;|||&#8221;][et_pb_button button_url=&#8221;https:\/\/calendar.google.com\/calendar\/u\/0\/selfsched?sstoken=UU9BOEhkMHo1bktUfGRlZmF1bHR8ZWNjMDY3NTMxMDExNGQwNGE4YWNmZDFlOTIzODRhNzg&#8221; url_new_window=&#8221;on&#8221; button_text=&#8221;MAKE RESERVATION&#8221; button_alignment=&#8221;center&#8221; _builder_version=&#8221;4.16&#8243; custom_button=&#8221;on&#8221; button_text_size=&#8221;14px&#8221; button_text_color=&#8221;#ffffff&#8221; button_bg_color=&#8221;#c0172d&#8221; button_border_width=&#8221;0px&#8221; button_border_radius=&#8221;3px&#8221; button_letter_spacing=&#8221;1px&#8221; button_font=&#8221;Raleway|600||on|||||&#8221; button_use_icon=&#8221;off&#8221; background_layout=&#8221;dark&#8221; custom_padding=&#8221;10px|30px|10px|30px&#8221; animation_style=&#8221;fade&#8221; button_letter_spacing_hover=&#8221;1px&#8221; global_colors_info=&#8221;{}&#8221; button_text_size__hover_enabled=&#8221;off&#8221; button_one_text_size__hover_enabled=&#8221;off&#8221; button_two_text_size__hover_enabled=&#8221;off&#8221; button_text_color__hover_enabled=&#8221;off&#8221; button_one_text_color__hover_enabled=&#8221;off&#8221; button_two_text_color__hover_enabled=&#8221;off&#8221; button_border_width__hover_enabled=&#8221;off&#8221; button_one_border_width__hover_enabled=&#8221;off&#8221; button_two_border_width__hover_enabled=&#8221;off&#8221; button_border_color__hover_enabled=&#8221;off&#8221; button_one_border_color__hover_enabled=&#8221;off&#8221; button_two_border_color__hover_enabled=&#8221;off&#8221; button_border_radius__hover_enabled=&#8221;off&#8221; button_one_border_radius__hover_enabled=&#8221;off&#8221; button_two_border_radius__hover_enabled=&#8221;off&#8221; button_letter_spacing__hover_enabled=&#8221;on&#8221; button_letter_spacing__hover=&#8221;1px&#8221; button_one_letter_spacing__hover_enabled=&#8221;off&#8221; button_two_letter_spacing__hover_enabled=&#8221;off&#8221; button_bg_color__hover_enabled=&#8221;off&#8221; button_one_bg_color__hover_enabled=&#8221;off&#8221; button_two_bg_color__hover_enabled=&#8221;off&#8221;][\/et_pb_button][et_pb_image src=&#8221;https:\/\/idibe.umh.es\/files\/2023\/09\/reveal_research-2.png&#8221; _builder_version=&#8221;4.16&#8243; width=&#8221;90%&#8221; global_colors_info=&#8221;{}&#8221;][\/et_pb_image][\/et_pb_column][et_pb_column type=&#8221;1_2&#8243; _builder_version=&#8221;4.16&#8243; custom_padding=&#8221;|||&#8221; global_colors_info=&#8221;{}&#8221; custom_padding__hover=&#8221;|||&#8221;][et_pb_button button_url=&#8221;http:\/\/universite.umh.es\/localizaciones\/&#8221; url_new_window=&#8221;on&#8221; button_text=&#8221;LOCATION&#8221; button_alignment=&#8221;center&#8221; _builder_version=&#8221;4.16&#8243; custom_button=&#8221;on&#8221; button_text_size=&#8221;14px&#8221; button_text_color=&#8221;#ffffff&#8221; button_bg_color=&#8221;#c0172d&#8221; button_border_width=&#8221;0px&#8221; button_border_radius=&#8221;3px&#8221; button_letter_spacing=&#8221;1px&#8221; button_font=&#8221;Raleway|600||on|||||&#8221; button_use_icon=&#8221;off&#8221; background_layout=&#8221;dark&#8221; custom_padding=&#8221;10px|30px|10px|30px&#8221; animation_style=&#8221;fade&#8221; button_letter_spacing_hover=&#8221;1px&#8221; global_colors_info=&#8221;{}&#8221; button_text_size__hover_enabled=&#8221;off&#8221; button_one_text_size__hover_enabled=&#8221;off&#8221; button_two_text_size__hover_enabled=&#8221;off&#8221; button_text_color__hover_enabled=&#8221;off&#8221; button_one_text_color__hover_enabled=&#8221;off&#8221; button_two_text_color__hover_enabled=&#8221;off&#8221; button_border_width__hover_enabled=&#8221;off&#8221; button_one_border_width__hover_enabled=&#8221;off&#8221; button_two_border_width__hover_enabled=&#8221;off&#8221; button_border_color__hover_enabled=&#8221;off&#8221; button_one_border_color__hover_enabled=&#8221;off&#8221; button_two_border_color__hover_enabled=&#8221;off&#8221; button_border_radius__hover_enabled=&#8221;off&#8221; button_one_border_radius__hover_enabled=&#8221;off&#8221; button_two_border_radius__hover_enabled=&#8221;off&#8221; button_letter_spacing__hover_enabled=&#8221;on&#8221; button_letter_spacing__hover=&#8221;1px&#8221; button_one_letter_spacing__hover_enabled=&#8221;off&#8221; button_two_letter_spacing__hover_enabled=&#8221;off&#8221; button_bg_color__hover_enabled=&#8221;off&#8221; button_one_bg_color__hover_enabled=&#8221;off&#8221; button_two_bg_color__hover_enabled=&#8221;off&#8221;][\/et_pb_button][et_pb_image src=&#8221;https:\/\/idibe.umh.es\/files\/2023\/09\/Torregaitan-IDiBE-equipos.jpg&#8221; align=&#8221;center&#8221; admin_label=&#8221;Miguel Hern\u00e1ndez University, Elche. Torrepinet Building. Microscopy Unit (Room E08P0008)&#8221; _builder_version=&#8221;4.16&#8243; width=&#8221;60%&#8221; custom_margin=&#8221;||3px&#8221; custom_padding=&#8221;||0px&#8221; border_radii=&#8221;on|4px|4px|4px|4px&#8221; global_colors_info=&#8221;{}&#8221;][\/et_pb_image][et_pb_text _builder_version=&#8221;4.16&#8243; text_font=&#8221;||||||||&#8221; text_text_color=&#8221;#000000&#8243; text_font_size=&#8221;16px&#8221; text_text_align=&#8221;left&#8221; global_colors_info=&#8221;{}&#8221;]<\/p>\n<p style=\"text-align: center\">Miguel Hern\u00e1ndez University, Elche<br \/>Institute for Research, Development and Innovation in Health Biotechnology of Elche (IDiBE).<br \/>Torregait\u00e1n Building. Instrumentation Hall 2.04 Circular Dichroism<\/p>\n<p>[\/et_pb_text][\/et_pb_column][\/et_pb_row][\/et_pb_section]<\/p>\n","protected":false},"excerpt":{"rendered":"<p>PTI Quantamaster SpectrofluorometerThe steady-state spectrofluorimeter PTI (Photon Technology International) QuantaMaster (Model QM-6\/2003) is a modular instrument that allows steady-state fluorescence measurements, excitation and fluorescence spectra, kinetics, as well as measurements of polarised fluorescence and fluorescence of solids. The continuous excitation source is an Xe lamp. The sample compartment has a computer-controlled holder for four 10 [&hellip;]<\/p>\n","protected":false},"author":16956,"featured_media":0,"parent":0,"menu_order":0,"comment_status":"closed","ping_status":"closed","template":"","meta":{"_et_pb_use_builder":"on","_et_pb_old_content":"<p>[et_pb_section fb_built=\"1\" _builder_version=\"4.16\" use_background_color_gradient=\"on\" background_color_gradient_start=\"rgba(255,255,255,0.82)\" background_color_gradient_end=\"rgba(255,255,255,0.74)\" background_color_gradient_overlays_image=\"on\" background_image=\"https:\/\/idibe.umh.es\/files\/2023\/09\/laboratory-3827740_1920.jpg\" custom_padding=\"54px|0px|18px|0px|false|false\" locked=\"off\"][et_pb_row _builder_version=\"4.16\" custom_padding=\"28px|0px|29px|0px|false|false\"][et_pb_column type=\"4_4\" _builder_version=\"4.16\" custom_padding=\"|||\" custom_padding__hover=\"|||\"][et_pb_text _builder_version=\"4.2.2\" header_font=\"||||||||\" header_font_size=\"55px\"]<\/p><h1 style=\"text-align: center;\">INSTALACIONES ANAL\u00cdTICAS<\/h1><p>[\/et_pb_text][\/et_pb_column][\/et_pb_row][\/et_pb_section][et_pb_section fb_built=\"1\" _builder_version=\"4.16\" background_color=\"#c0172d\" custom_padding=\"16px|0px|16px|0px|false|false\" locked=\"off\"][et_pb_row _builder_version=\"4.16\" custom_padding=\"11px|0px|0|0px|false|false\"][et_pb_column type=\"4_4\" _builder_version=\"4.16\" custom_padding=\"|||\" custom_padding__hover=\"|||\"][et_pb_text _builder_version=\"4.2.2\" header_font=\"||||||||\" header_font_size=\"55px\" header_2_font=\"Raleway||||||||\" header_2_text_color=\"#ffffff\" header_2_font_size=\"45px\" header_3_font=\"||||||||\" header_4_font=\"||||||||\" header_4_text_color=\"#ffffff\"]<\/p><h2 style=\"text-align: center;\">Sistema de resonancia de plasmones superficiales (SPR) Biacore X-100<\/h2><p>[\/et_pb_text][\/et_pb_column][\/et_pb_row][\/et_pb_section][et_pb_section fb_built=\"1\" _builder_version=\"4.16\" locked=\"off\"][et_pb_row _builder_version=\"4.16\" background_size=\"initial\" background_position=\"top_left\" background_repeat=\"repeat\"][et_pb_column type=\"4_4\" _builder_version=\"4.16\" custom_padding=\"|||\" custom_padding__hover=\"|||\"][et_pb_image src=\"https:\/\/idibe.umh.es\/files\/2023\/09\/Biacore_IDiBE-2023.png\" title_text=\"Biacore_IDiBE 2023\" align=\"center\" _builder_version=\"4.17.4\" width=\"79%\" module_alignment=\"center\"][\/et_pb_image][et_pb_text _builder_version=\"4.2.2\" text_font=\"||||||||\" text_text_color=\"#000000\" text_font_size=\"16px\" header_font=\"||||||||\" header_4_font=\"||||||||\" text_orientation=\"justified\" width=\"90%\" custom_margin=\"|||64px\"]<\/p><p>This system allows for the detection and monitoring of biomolecular interactions in real time, such as: protein-protein, small molecule-receptor, protein-peptide, peptide-peptide, carbohydrate-protein, lipid-protein, enzyme-substrate, antigen-antibody, DNA-protein and DNA-small molecule, among others.<\/p><p>This technique is often used to determine the binding specificity between two or more molecules, as well as to characterize the kinetics and affinity of the interaction. From the analysis of the data obtained, the kinetic constants of binding and equilibrium of the association\/dissociation of the complex formed can be calculated. In addition, such interactions can be determined at different temperatures.<\/p><p>The surface plasmon resonance (SPR) technology consists of an optical phenomenon that allows for the detection of real time interactions between two or more unlabeled molecules. SPR chip-based biosensors can be used for active concentration determination and for molecular interaction characterization in terms of affinity and kinetics. To perform an SPR experiment, the ligand is immobilized onto the surface of the chip, while the analyte is injected in the system at different concentrations. When the interaction between the analyte and the ligand takes place, there is a change in the refractive index on chip surface which is measured as SPR signal or resonance units (RU) versus time. The data is represented by the system as a curve called sensorgram. The raw data is then fitted to well-defined binding models by the software, for a full characterization of the kinetic process. It is worth noting the high sensitivity of the Biacore sytem, an essential trait for measuring drug-target interactions.<\/p><p style=\"text-align: justify;\">This equipment has been acquired thanks to an intervention co-financiated by the European Union through the\u00a0<span style=\"text-decoration: underline; color: #0000ff;\"><strong><a style=\"color: #0000ff; text-decoration: underline;\" href=\"https:\/\/hisenda.gva.es\/es\/web\/fons-europeus\/periode-programacio-2021-2027\" target=\"_blank\" rel=\"noopener\">Programa Operativo del Fondo Europeo de Desarrollo Regional (FEDER) de la Comunitat Valenciana (2021-2027)<\/a><\/strong><\/span><a href=\"http:\/\/www.dgtic.gva.es\/es\/fondos-feder\" target=\"_blank\" rel=\"noreferrer noopener\">\u00a0<\/a>(PROJECT:<strong> IDIFEDER\/2021\/036<\/strong>).<\/p><p>Press\u00a0<strong>MAKE RESERVATION<\/strong>\u00a0button for further\u00a0<strong>PROCEDURES<\/strong>\u00a0and\u00a0<strong>RATES<\/strong>\u00a0information.<\/p><p>Contact: <strong>Laura Butr\u00f3n Garc\u00eda <\/strong>(e-mail: <a href=\"mailto:lbutron@umh.es\"><span class=\"gI\"><span data-hovercard-id=\"lbutron@umh.es\" data-hovercard-owner-id=\"90\">lbutron@umh.es<\/span><\/span><\/a>; telephone: 966 65 84 47)<\/p><p>[\/et_pb_text][et_pb_image src=\"https:\/\/idibe.umh.es\/files\/2023\/09\/Cartel_Biacore_IDiBE-2023-web.png\" title_text=\"Cartel_Biacore_IDiBE 2023 web\" align=\"center\" _builder_version=\"4.17.4\" width=\"60%\"][\/et_pb_image][\/et_pb_column][\/et_pb_row][et_pb_row _builder_version=\"4.16\" custom_padding=\"0|0px|1px|0px|false|false\"][et_pb_column type=\"4_4\" _builder_version=\"4.16\" custom_padding=\"|||\" custom_padding__hover=\"|||\"][et_pb_divider divider_weight=\"3px\" _builder_version=\"4.17.4\" max_width=\"17%\" module_alignment=\"center\"][\/et_pb_divider][\/et_pb_column][\/et_pb_row][et_pb_row column_structure=\"1_4,1_4,1_2\" _builder_version=\"4.16\" locked=\"off\"][et_pb_column type=\"1_4\" _builder_version=\"4.16\" custom_padding=\"|||\" custom_padding__hover=\"|||\"][et_pb_button button_url=\"https:\/\/calendar.google.com\/calendar\/embed?src=goumh.umh.es_jdvdtnjeqcrumdpq73m4ou5s5s%40group.calendar.google.com&ctz=Europe%2FMadrid\" url_new_window=\"on\" button_text=\"DISPONIBILIDAD\" button_alignment=\"center\" _builder_version=\"4.16\" custom_button=\"on\" button_text_size=\"14px\" button_text_color=\"#ffffff\" button_bg_color=\"#c0172d\" button_border_width=\"0px\" button_border_radius=\"3px\" button_letter_spacing=\"1px\" button_font=\"Raleway|600||on|||||\" button_use_icon=\"off\" background_layout=\"dark\" custom_padding=\"10px|30px|10px|30px\" animation_style=\"fade\" button_letter_spacing_hover=\"1px\" locked=\"off\" button_text_size__hover_enabled=\"off\" button_one_text_size__hover_enabled=\"off\" button_two_text_size__hover_enabled=\"off\" button_text_color__hover_enabled=\"off\" button_one_text_color__hover_enabled=\"off\" button_two_text_color__hover_enabled=\"off\" button_border_width__hover_enabled=\"off\" button_one_border_width__hover_enabled=\"off\" button_two_border_width__hover_enabled=\"off\" button_border_color__hover_enabled=\"off\" button_one_border_color__hover_enabled=\"off\" button_two_border_color__hover_enabled=\"off\" button_border_radius__hover_enabled=\"off\" button_one_border_radius__hover_enabled=\"off\" button_two_border_radius__hover_enabled=\"off\" button_letter_spacing__hover_enabled=\"on\" button_letter_spacing__hover=\"1px\" button_one_letter_spacing__hover_enabled=\"off\" button_two_letter_spacing__hover_enabled=\"off\" button_bg_color__hover_enabled=\"off\" button_one_bg_color__hover_enabled=\"off\" button_two_bg_color__hover_enabled=\"off\"][\/et_pb_button][et_pb_image src=\"https:\/\/idibe.umh.es\/files\/2023\/09\/Building-2.png\" _builder_version=\"4.17.4\" width=\"90%\"][\/et_pb_image][\/et_pb_column][et_pb_column type=\"1_4\" _builder_version=\"4.16\" custom_padding=\"|||\" custom_padding__hover=\"|||\"][et_pb_button button_url=\"https:\/\/calendar.google.com\/calendar\/u\/0\/selfsched?sstoken=UU9BOEhkMHo1bktUfGRlZmF1bHR8ZWNjMDY3NTMxMDExNGQwNGE4YWNmZDFlOTIzODRhNzg\" url_new_window=\"on\" button_text=\"RESERVA\" button_alignment=\"center\" _builder_version=\"4.2.2\" custom_button=\"on\" button_text_size=\"14px\" button_text_color=\"#ffffff\" button_bg_color=\"#c0172d\" button_border_width=\"0px\" button_border_radius=\"3px\" button_letter_spacing=\"1px\" button_font=\"Raleway|600||on|||||\" button_use_icon=\"off\" background_layout=\"dark\" custom_padding=\"10px|30px|10px|30px\" animation_style=\"fade\" button_letter_spacing_hover=\"1px\" button_text_size__hover_enabled=\"off\" button_one_text_size__hover_enabled=\"off\" button_two_text_size__hover_enabled=\"off\" button_text_color__hover_enabled=\"off\" button_one_text_color__hover_enabled=\"off\" button_two_text_color__hover_enabled=\"off\" button_border_width__hover_enabled=\"off\" button_one_border_width__hover_enabled=\"off\" button_two_border_width__hover_enabled=\"off\" button_border_color__hover_enabled=\"off\" button_one_border_color__hover_enabled=\"off\" button_two_border_color__hover_enabled=\"off\" button_border_radius__hover_enabled=\"off\" button_one_border_radius__hover_enabled=\"off\" button_two_border_radius__hover_enabled=\"off\" button_letter_spacing__hover_enabled=\"on\" button_letter_spacing__hover=\"1px\" button_one_letter_spacing__hover_enabled=\"off\" button_two_letter_spacing__hover_enabled=\"off\" button_bg_color__hover_enabled=\"off\" button_one_bg_color__hover_enabled=\"off\" button_two_bg_color__hover_enabled=\"off\"][\/et_pb_button][et_pb_image src=\"https:\/\/idibe.umh.es\/files\/2023\/09\/reveal_research-2.png\" _builder_version=\"4.16\" width=\"90%\"][\/et_pb_image][\/et_pb_column][et_pb_column type=\"1_2\" _builder_version=\"4.16\" custom_padding=\"|||\" custom_padding__hover=\"|||\"][et_pb_button button_url=\"http:\/\/universite.umh.es\/localizaciones\/\" url_new_window=\"on\" button_text=\"UBICACI\u00d3N\" button_alignment=\"center\" _builder_version=\"4.2.2\" custom_button=\"on\" button_text_size=\"14px\" button_text_color=\"#ffffff\" button_bg_color=\"#c0172d\" button_border_width=\"0px\" button_border_radius=\"3px\" button_letter_spacing=\"1px\" button_font=\"Raleway|600||on|||||\" button_use_icon=\"off\" background_layout=\"dark\" custom_padding=\"10px|30px|10px|30px\" animation_style=\"fade\" button_letter_spacing_hover=\"1px\" button_text_size__hover_enabled=\"off\" button_one_text_size__hover_enabled=\"off\" button_two_text_size__hover_enabled=\"off\" button_text_color__hover_enabled=\"off\" button_one_text_color__hover_enabled=\"off\" button_two_text_color__hover_enabled=\"off\" button_border_width__hover_enabled=\"off\" button_one_border_width__hover_enabled=\"off\" button_two_border_width__hover_enabled=\"off\" button_border_color__hover_enabled=\"off\" button_one_border_color__hover_enabled=\"off\" button_two_border_color__hover_enabled=\"off\" button_border_radius__hover_enabled=\"off\" button_one_border_radius__hover_enabled=\"off\" button_two_border_radius__hover_enabled=\"off\" button_letter_spacing__hover_enabled=\"on\" button_letter_spacing__hover=\"1px\" button_one_letter_spacing__hover_enabled=\"off\" button_two_letter_spacing__hover_enabled=\"off\" button_bg_color__hover_enabled=\"off\" button_one_bg_color__hover_enabled=\"off\" button_two_bg_color__hover_enabled=\"off\"][\/et_pb_button][et_pb_image src=\"https:\/\/idibe.umh.es\/files\/2020\/05\/Torregaitan-IDiBE-equipos.jpg\" align=\"center\" admin_label=\"Miguel Hern\u00e1ndez University, Elche. Torrepinet Building. Microscopy Unit (Room E08P0008)\" _builder_version=\"4.17.4\" width=\"60%\" custom_margin=\"||3px\" custom_padding=\"||0px\" border_radii=\"on|4px|4px|4px|4px\"][\/et_pb_image][et_pb_text _builder_version=\"4.2.2\" text_font=\"||||||||\" text_text_color=\"#000000\" text_font_size=\"16px\" text_text_align=\"left\"]<\/p><p style=\"text-align: center;\">Universidad Miguel Hern\u00e1ndez, Elche<br \/>Instituto de Investigaci\u00f3n, Desarrollo e Innovaci\u00f3n en Biotecnolog\u00eda Sanitaria de Elche (IDiBE)<br \/>Edificio Torregait\u00e1n. Sala de Instrumentaci\u00f3n 2.04 Dicro\u00edsmo Circular<\/p><p>[\/et_pb_text][\/et_pb_column][\/et_pb_row][\/et_pb_section]<\/p>","_et_gb_content_width":"","_links_to":"","_links_to_target":""},"_links":{"self":[{"href":"https:\/\/idibe.umh.es\/en\/wp-json\/wp\/v2\/pages\/16365"}],"collection":[{"href":"https:\/\/idibe.umh.es\/en\/wp-json\/wp\/v2\/pages"}],"about":[{"href":"https:\/\/idibe.umh.es\/en\/wp-json\/wp\/v2\/types\/page"}],"author":[{"embeddable":true,"href":"https:\/\/idibe.umh.es\/en\/wp-json\/wp\/v2\/users\/16956"}],"replies":[{"embeddable":true,"href":"https:\/\/idibe.umh.es\/en\/wp-json\/wp\/v2\/comments?post=16365"}],"version-history":[{"count":0,"href":"https:\/\/idibe.umh.es\/en\/wp-json\/wp\/v2\/pages\/16365\/revisions"}],"wp:attachment":[{"href":"https:\/\/idibe.umh.es\/en\/wp-json\/wp\/v2\/media?parent=16365"}],"curies":[{"name":"wp","href":"https:\/\/api.w.org\/{rel}","templated":true}]}}