{"id":16471,"date":"2024-02-26T11:55:46","date_gmt":"2024-02-26T11:55:46","guid":{"rendered":"https:\/\/idibe.umh.es\/?page_id=16471"},"modified":"2025-08-28T09:35:59","modified_gmt":"2025-08-28T09:35:59","slug":"divulgacion","status":"publish","type":"page","link":"https:\/\/idibe.umh.es\/en\/divulgacion\/","title":{"rendered":"Dissemination"},"content":{"rendered":"<p>[et_pb_section fb_built=&#8221;1&#8243; _builder_version=&#8221;4.17.4&#8243; _module_preset=&#8221;default&#8221; locked=&#8221;off&#8221; global_colors_info=&#8221;{}&#8221;][et_pb_row admin_label=&#8221;Fila&#8221; _builder_version=&#8221;4.17.4&#8243; _module_preset=&#8221;default&#8221; custom_padding=&#8221;3px|||||&#8221; global_colors_info=&#8221;{}&#8221;][et_pb_column type=&#8221;4_4&#8243; _builder_version=&#8221;4.17.4&#8243; _module_preset=&#8221;default&#8221; global_colors_info=&#8221;{}&#8221;][et_pb_text _builder_version=&#8221;4.17.4&#8243; text_font_size=&#8221;20px&#8221; text_line_height=&#8221;1.6em&#8221; header_font=&#8221;|700|||||||&#8221; header_text_color=&#8221;#bc2a30&#8243; header_font_size=&#8221;39px&#8221; header_line_height=&#8221;1.2em&#8221; global_colors_info=&#8221;{}&#8221;]<\/p>\n<h1><b>Dissemination<\/b><\/h1>\n<p>[\/et_pb_text][et_pb_text _builder_version=&#8221;4.17.4&#8243; _module_preset=&#8221;default&#8221; global_colors_info=&#8221;{}&#8221;]<\/p>\n<p style=\"text-align: justify\"><span style=\"font-size: 20px;text-align: left;color: #000000\">Dissemination is essential within the IDiBE philosophy, since bringing scientific knowledge closer to society is an important task. We advertise these activities on our social networks and also within the news section of this website. To carry out this activity we have various programs:<\/span><\/p>\n<p>[\/et_pb_text][\/et_pb_column][\/et_pb_row][et_pb_row column_structure=&#8221;1_2,1_2&#8243; _builder_version=&#8221;4.17.4&#8243; _module_preset=&#8221;default&#8221; global_colors_info=&#8221;{}&#8221;][et_pb_column type=&#8221;1_2&#8243; _builder_version=&#8221;4.17.4&#8243; _module_preset=&#8221;default&#8221; global_colors_info=&#8221;{}&#8221;][et_pb_image src=&#8221;https:\/\/idibe.umh.es\/files\/2025\/08\/IDEBE_TAPAS-e1754906341969.png&#8221; title_text=&#8221;IDEBE_TAPAS&#8221; _builder_version=&#8221;4.17.4&#8243; _module_preset=&#8221;default&#8221; global_colors_info=&#8221;{}&#8221;][\/et_pb_image][\/et_pb_column][et_pb_column type=&#8221;1_2&#8243; _builder_version=&#8221;4.17.4&#8243; _module_preset=&#8221;default&#8221; global_colors_info=&#8221;{}&#8221;][et_pb_text _builder_version=&#8221;4.17.4&#8243; _module_preset=&#8221;default&#8221; global_colors_info=&#8221;{}&#8221;]<\/p>\n<h2><strong><span style=\"color: #000000\">Science with Tapas<\/span><\/strong><\/h2>\n<p>[\/et_pb_text][et_pb_text _builder_version=&#8221;4.17.4&#8243; _module_preset=&#8221;default&#8221; global_colors_info=&#8221;{}&#8221;]<\/p>\n<p data-start=\"67\" data-end=\"439\"><span style=\"color: #333333\">In this activity, we combine science outreach talks given by IDiBE researchers or invited speakers. After the presentations, we offer tapas and soft drinks, which encourages informal discussion and debate. We hold several sessions throughout the year, with one of them always dedicated to the International Day of Women and Girls in Science, celebrated on February 11.<\/span><\/p>\n<p data-start=\"441\" data-end=\"561\"><span style=\"color: #333333\">At the following links, you can find information about the editions of <em data-start=\"514\" data-end=\"534\">Science with Tapas<\/em> held in different years:<\/span><\/p>\n<h3><span style=\"color: #993300\"><a style=\"color: #993300\" href=\"https:\/\/www.youtube.com\/watch?v=lWPLfCCMnxE&amp;t=10s\" target=\"_blank\" rel=\"noopener\">Year 2025<\/a><\/span><\/h3>\n<h3><span style=\"color: #993300\"><a style=\"color: #993300\" href=\"https:\/\/www.youtube.com\/watch?v=0YQtAZ6g7NU&amp;t=5s\" target=\"_blank\" rel=\"noopener\">Year 2024<\/a><\/span><\/h3>\n<p>[\/et_pb_text][\/et_pb_column][\/et_pb_row][et_pb_row column_structure=&#8221;1_2,1_2&#8243; _builder_version=&#8221;4.17.4&#8243; _module_preset=&#8221;default&#8221; global_colors_info=&#8221;{}&#8221;][et_pb_column type=&#8221;1_2&#8243; _builder_version=&#8221;4.17.4&#8243; _module_preset=&#8221;default&#8221; global_colors_info=&#8221;{}&#8221;][et_pb_text _builder_version=&#8221;4.17.4&#8243; _module_preset=&#8221;default&#8221; hover_enabled=&#8221;0&#8243; global_colors_info=&#8221;{}&#8221; sticky_enabled=&#8221;0&#8243;]<\/p>\n<h2><strong>IDiBE Scientific Conference<\/strong><\/h2>\n<p>[\/et_pb_text][et_pb_text admin_label=&#8221;Texto&#8221; _builder_version=&#8221;4.17.4&#8243; _module_preset=&#8221;default&#8221; hover_enabled=&#8221;0&#8243; global_colors_info=&#8221;{}&#8221; sticky_enabled=&#8221;0&#8243;]<\/p>\n<p data-start=\"53\" data-end=\"331\"><span style=\"color: #333333\">Once a year, the researchers at our institute present their work in an open event aimed at high school students, members of other research centers, and the general public. The presentations are designed to be accessible, helping attendees understand the work we do at IDiBE.<\/span><\/p>\n<p data-start=\"333\" data-end=\"399\"><span style=\"color: #333333\">At the following links, you can find the sessions held so far:<\/span><\/p>\n<p style=\"text-align: justify\">\n<h3><span style=\"color: #993300\"><a style=\"color: #993300\" href=\"https:\/\/www.youtube.com\/watch?v=qQC1uxfUg04&amp;list=PL6wIl6VIiwRcZYyjN-LQkPd1WWhoq7Kh5\">Scientific Conference 2025<\/a><\/span><\/h3>\n<h3 style=\"text-align: justify\"><span style=\"color: #993300\"><a style=\"color: #993300\" href=\"https:\/\/www.youtube.com\/watch?v=MaDKSQjZP5E&amp;t=3s\">Scientific Conference 2024<\/a><\/span><\/h3>\n<h3 style=\"text-align: justify\"><span style=\"color: #993300\"><a style=\"color: #993300\" href=\"https:\/\/www.youtube.com\/watch?v=nGpHIGNtZuc\">Scientific Conference 2023<\/a><\/span><\/h3>\n<p>[\/et_pb_text][\/et_pb_column][et_pb_column type=&#8221;1_2&#8243; _builder_version=&#8221;4.17.4&#8243; _module_preset=&#8221;default&#8221; global_colors_info=&#8221;{}&#8221;][et_pb_image src=&#8221;https:\/\/idibe.umh.es\/files\/2025\/08\/JORNADA_IDIBE-e1754906833910.png&#8221; title_text=&#8221;JORNADA_IDIBE&#8221; _builder_version=&#8221;4.17.4&#8243; _module_preset=&#8221;default&#8221; global_colors_info=&#8221;{}&#8221;][\/et_pb_image][\/et_pb_column][\/et_pb_row][et_pb_row column_structure=&#8221;1_2,1_2&#8243; _builder_version=&#8221;4.17.4&#8243; _module_preset=&#8221;default&#8221; global_colors_info=&#8221;{}&#8221;][et_pb_column type=&#8221;1_2&#8243; _builder_version=&#8221;4.17.4&#8243; _module_preset=&#8221;default&#8221; global_colors_info=&#8221;{}&#8221;][et_pb_image src=&#8221;https:\/\/idibe.umh.es\/files\/2025\/08\/IDIBE_CUENTA-e1754907178959.png&#8221; title_text=&#8221;IDIBE_CUENTA&#8221; _builder_version=&#8221;4.17.4&#8243; _module_preset=&#8221;default&#8221; global_colors_info=&#8221;{}&#8221;][\/et_pb_image][\/et_pb_column][et_pb_column type=&#8221;1_2&#8243; _builder_version=&#8221;4.17.4&#8243; _module_preset=&#8221;default&#8221; global_colors_info=&#8221;{}&#8221;][et_pb_text admin_label=&#8221;Texto&#8221; _builder_version=&#8221;4.17.4&#8243; _module_preset=&#8221;default&#8221; global_colors_info=&#8221;{}&#8221;]<\/p>\n<h2><strong>IDiBE cuenta<\/strong><\/h2>\n<p>[\/et_pb_text][et_pb_text _builder_version=&#8221;4.17.4&#8243; _module_preset=&#8221;default&#8221; text_orientation=&#8221;justified&#8221; global_colors_info=&#8221;{}&#8221;]<\/p>\n<p style=\"text-align: justify\"><span style=\"color: #333333\">This initiative is carried out to bring the work of each research group closer to the rest of the IDiBE community. In each edition, one group participates by giving presentations or organizing a roundtable led by senior members, while junior researchers present their work through a poster session. We end the event with a <em data-start=\"378\" data-end=\"386\">Kahoot<\/em> quiz to see who has learned the most, followed by an afternoon snack. You can see a summary of one of these editions at <a style=\"color: #333333\" href=\"https:\/\/idibe.umh.es\/2025\/02\/25\/idibe-cuenta-unidad-de-estrategias-antivirales\/\">this link<\/a>.<\/span><\/p>\n<p>[\/et_pb_text][\/et_pb_column][\/et_pb_row][et_pb_row column_structure=&#8221;1_2,1_2&#8243; _builder_version=&#8221;4.17.4&#8243; _module_preset=&#8221;default&#8221; global_colors_info=&#8221;{}&#8221;][et_pb_column type=&#8221;1_2&#8243; _builder_version=&#8221;4.17.4&#8243; _module_preset=&#8221;default&#8221; global_colors_info=&#8221;{}&#8221;][et_pb_text _builder_version=&#8221;4.17.4&#8243; _module_preset=&#8221;default&#8221; global_colors_info=&#8221;{}&#8221;]<\/p>\n<h2><strong>Scientific Image Contest<\/strong><\/h2>\n<p>[\/et_pb_text][et_pb_text _builder_version=&#8221;4.17.4&#8243; _module_preset=&#8221;default&#8221; global_colors_info=&#8221;{}&#8221;]<\/p>\n<p data-start=\"53\" data-end=\"189\"><span style=\"color: #333333\">Each year, we organize a scientific image contest with the goal of selecting the best entries to be featured in our annual calendar.<\/span><\/p>\n<p data-start=\"191\" data-end=\"299\"><span style=\"color: #333333\">A multidisciplinary jury evaluates the technical, aesthetic, and outreach value of the submitted images.<\/span><\/p>\n<p data-start=\"301\" data-end=\"439\"><span style=\"color: #333333\">The awards are presented during the IDiBE Scientific Day, in a ceremony that recognizes the talent and creativity of the participants.<\/span><\/p>\n<p data-start=\"441\" data-end=\"506\"><span style=\"color: #333333\">You can view the selected images from the following editions:<\/span><\/p>\n<p style=\"text-align: justify\">\n<h3><span style=\"color: #993300\">Contest 2025<\/span><\/h3>\n<h3 style=\"text-align: justify\"><span style=\"color: #993300\"><a style=\"color: #993300\" href=\"https:\/\/idibe.umh.es\/2025\/05\/08\/imagenes-concurso-imagen-cientifica-2024\/\">Contest 2024<\/a><\/span><\/h3>\n<p>[\/et_pb_text][\/et_pb_column][et_pb_column type=&#8221;1_2&#8243; _builder_version=&#8221;4.17.4&#8243; _module_preset=&#8221;default&#8221; global_colors_info=&#8221;{}&#8221;][et_pb_image src=&#8221;https:\/\/idibe.umh.es\/files\/2025\/05\/55QR9-scaled.jpg&#8221; title_text=&#8221;55QR9&#8243; admin_label=&#8221;Imagen&#8221; _builder_version=&#8221;4.17.4&#8243; _module_preset=&#8221;default&#8221; global_colors_info=&#8221;{}&#8221;][\/et_pb_image][\/et_pb_column][\/et_pb_row][et_pb_row column_structure=&#8221;1_2,1_2&#8243; _builder_version=&#8221;4.17.4&#8243; _module_preset=&#8221;default&#8221; global_colors_info=&#8221;{}&#8221;][et_pb_column type=&#8221;1_2&#8243; _builder_version=&#8221;4.17.4&#8243; _module_preset=&#8221;default&#8221; global_colors_info=&#8221;{}&#8221;][et_pb_image src=&#8221;https:\/\/idibe.umh.es\/files\/2025\/08\/VISITAS-INSTITUOS.jpg&#8221; title_text=&#8221;VISITAS INSTITUOS&#8221; _builder_version=&#8221;4.17.4&#8243; _module_preset=&#8221;default&#8221; global_colors_info=&#8221;{}&#8221;][\/et_pb_image][\/et_pb_column][et_pb_column type=&#8221;1_2&#8243; _builder_version=&#8221;4.17.4&#8243; _module_preset=&#8221;default&#8221; global_colors_info=&#8221;{}&#8221;][et_pb_text _builder_version=&#8221;4.17.4&#8243; _module_preset=&#8221;default&#8221; global_colors_info=&#8221;{}&#8221;]<\/p>\n<h2><strong>High School Vistits Program<\/strong><\/h2>\n<p>[\/et_pb_text][et_pb_text _builder_version=&#8221;4.17.4&#8243; _module_preset=&#8221;default&#8221; global_colors_info=&#8221;{}&#8221;]<\/p>\n<p style=\"text-align: justify\" data-start=\"53\" data-end=\"184\"><span style=\"color: #333333\">At the same time, we receive visits from schools, during which we show them our facilities and explain the work we do at IDiBE.<\/span><\/p>\n<p style=\"text-align: justify\" data-start=\"186\" data-end=\"341\"><span style=\"color: #333333\">The aim of these visits is to bring science closer to the educational community and, among other goals, to inspire scientific vocations among students.<\/span><\/p>\n<p>&nbsp;<\/p>\n<p>[\/et_pb_text][\/et_pb_column][\/et_pb_row][et_pb_row _builder_version=&#8221;4.17.4&#8243; _module_preset=&#8221;default&#8221; global_colors_info=&#8221;{}&#8221;][et_pb_column type=&#8221;4_4&#8243; _builder_version=&#8221;4.17.4&#8243; _module_preset=&#8221;default&#8221; global_colors_info=&#8221;{}&#8221;][et_pb_text admin_label=&#8221;Texto&#8221; _builder_version=&#8221;4.17.4&#8243; _module_preset=&#8221;default&#8221; hover_enabled=&#8221;0&#8243; global_colors_info=&#8221;{}&#8221; sticky_enabled=&#8221;0&#8243;]<\/p>\n<h4 style=\"text-align: justify\" data-start=\"101\" data-end=\"489\">The Outreach Committee, composed of Mar\u00eda del Mar Ortega-Villaiz\u00e1n Romo, Mar\u00eda Jos\u00e9 Mart\u00ednez Tom\u00e9, Francisco Javier Mart\u00ednez Hern\u00e1ndez, Jos\u00e9 Manuel Serrano Garc\u00eda, Francisco Javier \u00c1lvarez Mart\u00ednez, Irene Concepci\u00f3n Pomares Bri, and Pedro Valent\u00edn Bad\u00eda Hern\u00e1ndez, is responsible for coordinating, planning, and implementing the various scientific outreach activities mentioned above.<\/h4>\n<h4 style=\"text-align: justify\" data-start=\"491\" data-end=\"825\">We work collaboratively to:<\/h4>\n<h4 style=\"text-align: justify\" data-start=\"491\" data-end=\"825\">\u2022 Design educational strategies that are accessible, dynamic, and engaging.<br data-start=\"596\" data-end=\"599\" \/>\u2022 Promote interest in science among diverse audiences, including students, educators, and the general public.<br data-start=\"708\" data-end=\"711\" \/>\u2022 Ensure that each outreach initiative aligns with our core values of education, awareness, and public engagement.<\/h4>\n<h4 style=\"text-align: justify\" data-start=\"827\" data-end=\"980\">In addition, we actively develop specific initiatives and collaborate with a wide range of organizations and projects to bring science closer to society.<\/h4>\n<h4 style=\"text-align: justify\" data-start=\"982\" data-end=\"1187\">If you have a proposal, initiative, or idea related to science communication, we would be delighted to hear from you. Please don\u2019t hesitate to get in touch \u2014 we welcome all opportunities for collaboration.<\/h4>\n<p>[\/et_pb_text][\/et_pb_column][\/et_pb_row][\/et_pb_section]<\/p>\n","protected":false},"excerpt":{"rendered":"<p>DisseminationDissemination is essential within the IDiBE philosophy, since bringing scientific knowledge closer to society is an important task. We advertise these activities on our social networks and also within the news section of this website. To carry out this activity we have various programs:Science with TapasIn this activity, we combine science outreach talks given by [&hellip;]<\/p>\n","protected":false},"author":3158,"featured_media":0,"parent":0,"menu_order":0,"comment_status":"closed","ping_status":"closed","template":"","meta":{"_et_pb_use_builder":"on","_et_pb_old_content":"<p>[et_pb_section fb_built=\"1\" theme_builder_area=\"post_content\" _builder_version=\"4.17.4\" _module_preset=\"default\"][et_pb_row _builder_version=\"4.17.4\" _module_preset=\"default\" theme_builder_area=\"post_content\"][et_pb_column _builder_version=\"4.17.4\" _module_preset=\"default\" type=\"4_4\" theme_builder_area=\"post_content\"][et_pb_text _builder_version=\"4.17.4\" _module_preset=\"default\" theme_builder_area=\"post_content\" hover_enabled=\"0\" sticky_enabled=\"0\"]<\/p><p>Divulgaci\u00f3n\u00a0<\/p><p>[\/et_pb_text][\/et_pb_column][\/et_pb_row][\/et_pb_section]<\/p>","_et_gb_content_width":"","_links_to":"","_links_to_target":""},"_links":{"self":[{"href":"https:\/\/idibe.umh.es\/en\/wp-json\/wp\/v2\/pages\/16471"}],"collection":[{"href":"https:\/\/idibe.umh.es\/en\/wp-json\/wp\/v2\/pages"}],"about":[{"href":"https:\/\/idibe.umh.es\/en\/wp-json\/wp\/v2\/types\/page"}],"author":[{"embeddable":true,"href":"https:\/\/idibe.umh.es\/en\/wp-json\/wp\/v2\/users\/3158"}],"replies":[{"embeddable":true,"href":"https:\/\/idibe.umh.es\/en\/wp-json\/wp\/v2\/comments?post=16471"}],"version-history":[{"count":0,"href":"https:\/\/idibe.umh.es\/en\/wp-json\/wp\/v2\/pages\/16471\/revisions"}],"wp:attachment":[{"href":"https:\/\/idibe.umh.es\/en\/wp-json\/wp\/v2\/media?parent=16471"}],"curies":[{"name":"wp","href":"https:\/\/api.w.org\/{rel}","templated":true}]}}