{"id":17939,"date":"2024-06-11T07:26:08","date_gmt":"2024-06-11T07:26:08","guid":{"rendered":"https:\/\/idibe.umh.es\/?page_id=17939"},"modified":"2024-07-09T07:39:49","modified_gmt":"2024-07-09T07:39:49","slug":"centrifugation_ultracentrifugation_unit","status":"publish","type":"page","link":"https:\/\/idibe.umh.es\/en\/centrifugation_ultracentrifugation_unit\/","title":{"rendered":"Centrifugation and Ultracentrifugation Unit"},"content":{"rendered":"<p>[et_pb_section fb_built=&#8221;1&#8243; _builder_version=&#8221;4.16&#8243; background_color=&#8221;#c0172d&#8221; custom_padding=&#8221;16px|0px|16px|0px|false|false&#8221; locked=&#8221;off&#8221; global_colors_info=&#8221;{}&#8221;][et_pb_row _builder_version=&#8221;4.16&#8243; custom_padding=&#8221;11px|0px|0|0px|false|false&#8221; global_colors_info=&#8221;{}&#8221;][et_pb_column type=&#8221;4_4&#8243; _builder_version=&#8221;4.16&#8243; custom_padding=&#8221;|||&#8221; global_colors_info=&#8221;{}&#8221; custom_padding__hover=&#8221;|||&#8221;][et_pb_text _builder_version=&#8221;4.16&#8243; header_font=&#8221;||||||||&#8221; header_font_size=&#8221;55px&#8221; header_2_font=&#8221;Raleway||||||||&#8221; header_2_text_color=&#8221;#ffffff&#8221; header_2_font_size=&#8221;45px&#8221; header_3_font=&#8221;||||||||&#8221; header_4_font=&#8221;||||||||&#8221; header_4_text_color=&#8221;#ffffff&#8221; global_colors_info=&#8221;{}&#8221;]<\/p>\n<h2 style=\"text-align: center\">Centrifugation and Ultracentrifugation Unit<\/h2>\n<p>[\/et_pb_text][\/et_pb_column][\/et_pb_row][\/et_pb_section][et_pb_section fb_built=&#8221;1&#8243; _builder_version=&#8221;4.16&#8243; locked=&#8221;off&#8221; global_colors_info=&#8221;{}&#8221;][et_pb_row _builder_version=&#8221;4.16&#8243; background_size=&#8221;initial&#8221; background_position=&#8221;top_left&#8221; background_repeat=&#8221;repeat&#8221; global_colors_info=&#8221;{}&#8221;][et_pb_column type=&#8221;4_4&#8243; _builder_version=&#8221;4.16&#8243; custom_padding=&#8221;|||&#8221; global_colors_info=&#8221;{}&#8221; custom_padding__hover=&#8221;|||&#8221;][et_pb_image src=&#8221;https:\/\/idibe.umh.es\/files\/2024\/06\/Centrifugas-1.jpg&#8221; title_text=&#8221;Centrifugas&#8221; align=&#8221;center&#8221; _builder_version=&#8221;4.17.4&#8243; width=&#8221;79%&#8221; module_alignment=&#8221;center&#8221; locked=&#8221;off&#8221; global_colors_info=&#8221;{}&#8221;][\/et_pb_image][et_pb_text _builder_version=&#8221;4.16&#8243; text_font=&#8221;||||||||&#8221; text_text_color=&#8221;#000000&#8243; text_font_size=&#8221;16px&#8221; header_font=&#8221;||||||||&#8221; header_4_font=&#8221;||||||||&#8221; text_orientation=&#8221;justified&#8221; width=&#8221;90%&#8221; custom_margin=&#8221;|||64px&#8221; global_colors_info=&#8221;{}&#8221;]<\/p>\n<div class=\"et_pb_module et_pb_text et_pb_text_2  et_pb_text_align_left et_pb_bg_layout_light\">\n<div class=\"et_pb_text_inner\">\n<p style=\"text-align: justify\">We have 2 ultracentrifuges and 3 refrigerated centrifuges, one of them tabletop, all of them with different rotors (fixed angle and oscillating) and tubes to process all types of samples.<\/p>\n<p style=\"text-align: justify\"><span style=\"font-size: 16px;text-align: left\">This equipment is mainly used for the separation of particles with a higher (centrifuges) or lower (ultracentrifuges) sedimentation coefficient.<\/span><\/p>\n<p><strong>Contact:<\/strong> Eva Mart\u00ednez (e-mail: <a href=\"mailto:eva.martinez@umh.es\">eva.martinez@umh.es<\/a>; phone: +34 966652479).<\/p>\n<p style=\"text-align: justify\"><span><\/span><\/p>\n<\/div>\n<\/div>\n<p>[\/et_pb_text][\/et_pb_column][\/et_pb_row][et_pb_row _builder_version=&#8221;4.16&#8243; custom_padding=&#8221;0|0px|1px|0px|false|false&#8221; global_colors_info=&#8221;{}&#8221; disabled_on=&#8221;on|on|on&#8221; disabled=&#8221;on&#8221;][et_pb_column type=&#8221;4_4&#8243; _builder_version=&#8221;4.16&#8243; custom_padding=&#8221;|||&#8221; global_colors_info=&#8221;{}&#8221; custom_padding__hover=&#8221;|||&#8221;][et_pb_divider divider_weight=&#8221;3px&#8221; _builder_version=&#8221;4.16&#8243; max_width=&#8221;17%&#8221; module_alignment=&#8221;center&#8221; global_colors_info=&#8221;{}&#8221;][\/et_pb_divider][\/et_pb_column][\/et_pb_row][et_pb_row column_structure=&#8221;1_4,1_4,1_2&#8243; _builder_version=&#8221;4.16&#8243; custom_padding=&#8221;||6px|||&#8221; locked=&#8221;off&#8221; global_colors_info=&#8221;{}&#8221; disabled_on=&#8221;on|on|on&#8221; disabled=&#8221;on&#8221;][et_pb_column type=&#8221;1_4&#8243; _builder_version=&#8221;4.16&#8243; custom_padding=&#8221;|||&#8221; global_colors_info=&#8221;{}&#8221; custom_padding__hover=&#8221;|||&#8221;][et_pb_button button_url=&#8221;https:\/\/calendar.google.com\/calendar\/embed?src=goumh.umh.es_8hpic2tdhq0jot4m90ddvgp4u0%40group.calendar.google.com&#038;ctz=Europe%2FMadrid&#8221; url_new_window=&#8221;on&#8221; button_text=&#8221;DISPONIBILIDAD&#8221; button_alignment=&#8221;center&#8221; _builder_version=&#8221;4.16&#8243; custom_button=&#8221;on&#8221; button_text_size=&#8221;14px&#8221; button_text_color=&#8221;#ffffff&#8221; button_bg_color=&#8221;#c0172d&#8221; button_border_width=&#8221;0px&#8221; button_border_radius=&#8221;3px&#8221; button_letter_spacing=&#8221;1px&#8221; button_font=&#8221;Raleway|600||on|||||&#8221; button_use_icon=&#8221;off&#8221; background_layout=&#8221;dark&#8221; custom_padding=&#8221;10px|30px|10px|30px&#8221; animation_style=&#8221;fade&#8221; button_letter_spacing_hover=&#8221;1px&#8221; global_colors_info=&#8221;{}&#8221; button_text_size__hover_enabled=&#8221;off&#8221; button_one_text_size__hover_enabled=&#8221;off&#8221; button_two_text_size__hover_enabled=&#8221;off&#8221; button_text_color__hover_enabled=&#8221;off&#8221; button_one_text_color__hover_enabled=&#8221;off&#8221; button_two_text_color__hover_enabled=&#8221;off&#8221; button_border_width__hover_enabled=&#8221;off&#8221; button_one_border_width__hover_enabled=&#8221;off&#8221; button_two_border_width__hover_enabled=&#8221;off&#8221; button_border_color__hover_enabled=&#8221;off&#8221; button_one_border_color__hover_enabled=&#8221;off&#8221; button_two_border_color__hover_enabled=&#8221;off&#8221; button_border_radius__hover_enabled=&#8221;off&#8221; button_one_border_radius__hover_enabled=&#8221;off&#8221; button_two_border_radius__hover_enabled=&#8221;off&#8221; button_letter_spacing__hover_enabled=&#8221;on&#8221; button_letter_spacing__hover=&#8221;1px&#8221; button_one_letter_spacing__hover_enabled=&#8221;off&#8221; button_two_letter_spacing__hover_enabled=&#8221;off&#8221; button_bg_color__hover_enabled=&#8221;off&#8221; button_one_bg_color__hover_enabled=&#8221;off&#8221; button_two_bg_color__hover_enabled=&#8221;off&#8221;][\/et_pb_button][et_pb_image src=&#8221;https:\/\/idibe.umh.es\/files\/2023\/09\/Building-2.png&#8221; _builder_version=&#8221;4.16&#8243; width=&#8221;90%&#8221; locked=&#8221;off&#8221; global_colors_info=&#8221;{}&#8221;][\/et_pb_image][et_pb_image src=&#8221;https:\/\/idibe.es\/wp-content\/uploads\/2019\/02\/Building-2.png&#8221; _builder_version=&#8221;4.16&#8243; width=&#8221;90%&#8221; global_colors_info=&#8221;{}&#8221;][\/et_pb_image][\/et_pb_column][et_pb_column type=&#8221;1_4&#8243; _builder_version=&#8221;4.16&#8243; custom_padding=&#8221;|||&#8221; global_colors_info=&#8221;{}&#8221; custom_padding__hover=&#8221;|||&#8221;][et_pb_button button_url=&#8221;https:\/\/calendar.google.com\/calendar\/selfsched?sstoken=UU9GTTF3RnQ2Y1lifGRlZmF1bHR8Yjc4YTU0ZTliYTJiNzQxMmMyOTFlZjdjYjc1NjY5MDI&#8221; url_new_window=&#8221;on&#8221; button_text=&#8221;RESERVA&#8221; button_alignment=&#8221;center&#8221; _builder_version=&#8221;4.16&#8243; custom_button=&#8221;on&#8221; button_text_size=&#8221;14px&#8221; button_text_color=&#8221;#ffffff&#8221; button_bg_color=&#8221;#c0172d&#8221; button_border_width=&#8221;0px&#8221; button_border_radius=&#8221;3px&#8221; button_letter_spacing=&#8221;1px&#8221; button_font=&#8221;Raleway|600||on|||||&#8221; button_use_icon=&#8221;off&#8221; background_layout=&#8221;dark&#8221; custom_padding=&#8221;10px|30px|10px|30px&#8221; animation_style=&#8221;fade&#8221; button_letter_spacing_hover=&#8221;1px&#8221; global_colors_info=&#8221;{}&#8221; button_text_size__hover_enabled=&#8221;off&#8221; button_one_text_size__hover_enabled=&#8221;off&#8221; button_two_text_size__hover_enabled=&#8221;off&#8221; button_text_color__hover_enabled=&#8221;off&#8221; button_one_text_color__hover_enabled=&#8221;off&#8221; button_two_text_color__hover_enabled=&#8221;off&#8221; button_border_width__hover_enabled=&#8221;off&#8221; button_one_border_width__hover_enabled=&#8221;off&#8221; button_two_border_width__hover_enabled=&#8221;off&#8221; button_border_color__hover_enabled=&#8221;off&#8221; button_one_border_color__hover_enabled=&#8221;off&#8221; button_two_border_color__hover_enabled=&#8221;off&#8221; button_border_radius__hover_enabled=&#8221;off&#8221; button_one_border_radius__hover_enabled=&#8221;off&#8221; button_two_border_radius__hover_enabled=&#8221;off&#8221; button_letter_spacing__hover_enabled=&#8221;on&#8221; button_letter_spacing__hover=&#8221;1px&#8221; button_one_letter_spacing__hover_enabled=&#8221;off&#8221; button_two_letter_spacing__hover_enabled=&#8221;off&#8221; button_bg_color__hover_enabled=&#8221;off&#8221; button_one_bg_color__hover_enabled=&#8221;off&#8221; button_two_bg_color__hover_enabled=&#8221;off&#8221;][\/et_pb_button][et_pb_image src=&#8221;https:\/\/idibe.umh.es\/files\/2023\/09\/reveal_research-2.png&#8221; _builder_version=&#8221;4.16&#8243; width=&#8221;90%&#8221; min_height=&#8221;3.5px&#8221; locked=&#8221;off&#8221; global_colors_info=&#8221;{}&#8221;][\/et_pb_image][et_pb_image src=&#8221;https:\/\/idibe.es\/wp-content\/uploads\/2019\/03\/reveal_research-2.png&#8221; _builder_version=&#8221;4.16&#8243; width=&#8221;90%&#8221; global_colors_info=&#8221;{}&#8221;][\/et_pb_image][\/et_pb_column][et_pb_column type=&#8221;1_2&#8243; _builder_version=&#8221;4.16&#8243; custom_padding=&#8221;|||&#8221; global_colors_info=&#8221;{}&#8221; custom_padding__hover=&#8221;|||&#8221;][et_pb_button button_url=&#8221;http:\/\/universite.umh.es\/localizaciones\/&#8221; url_new_window=&#8221;on&#8221; button_text=&#8221;UBICACI\u00d3N&#8221; button_alignment=&#8221;center&#8221; _builder_version=&#8221;4.16&#8243; custom_button=&#8221;on&#8221; button_text_size=&#8221;14px&#8221; button_text_color=&#8221;#ffffff&#8221; button_bg_color=&#8221;#c0172d&#8221; button_border_width=&#8221;0px&#8221; button_border_radius=&#8221;3px&#8221; button_letter_spacing=&#8221;1px&#8221; button_font=&#8221;Raleway|600||on|||||&#8221; button_use_icon=&#8221;off&#8221; background_layout=&#8221;dark&#8221; custom_padding=&#8221;10px|30px|10px|30px&#8221; animation_style=&#8221;fade&#8221; button_letter_spacing_hover=&#8221;1px&#8221; global_colors_info=&#8221;{}&#8221; button_text_size__hover_enabled=&#8221;off&#8221; button_one_text_size__hover_enabled=&#8221;off&#8221; button_two_text_size__hover_enabled=&#8221;off&#8221; button_text_color__hover_enabled=&#8221;off&#8221; button_one_text_color__hover_enabled=&#8221;off&#8221; button_two_text_color__hover_enabled=&#8221;off&#8221; button_border_width__hover_enabled=&#8221;off&#8221; button_one_border_width__hover_enabled=&#8221;off&#8221; button_two_border_width__hover_enabled=&#8221;off&#8221; button_border_color__hover_enabled=&#8221;off&#8221; button_one_border_color__hover_enabled=&#8221;off&#8221; button_two_border_color__hover_enabled=&#8221;off&#8221; button_border_radius__hover_enabled=&#8221;off&#8221; button_one_border_radius__hover_enabled=&#8221;off&#8221; button_two_border_radius__hover_enabled=&#8221;off&#8221; button_letter_spacing__hover_enabled=&#8221;on&#8221; button_letter_spacing__hover=&#8221;1px&#8221; button_one_letter_spacing__hover_enabled=&#8221;off&#8221; button_two_letter_spacing__hover_enabled=&#8221;off&#8221; button_bg_color__hover_enabled=&#8221;off&#8221; button_one_bg_color__hover_enabled=&#8221;off&#8221; button_two_bg_color__hover_enabled=&#8221;off&#8221;][\/et_pb_button][et_pb_image src=&#8221;https:\/\/idibe.umh.es\/files\/2023\/09\/Torregaitan-IDiBE-equipos.jpg&#8221; align=&#8221;center&#8221; admin_label=&#8221;Miguel Hern\u00e1ndez University, Elche. Torrepinet Building. Microscopy Unit (Room E08P0008)&#8221; _builder_version=&#8221;4.16&#8243; width=&#8221;60%&#8221; custom_margin=&#8221;||3px&#8221; custom_padding=&#8221;||0px&#8221; border_radii=&#8221;on|4px|4px|4px|4px&#8221; locked=&#8221;off&#8221; global_colors_info=&#8221;{}&#8221;][\/et_pb_image][et_pb_text _builder_version=&#8221;4.16&#8243; text_font=&#8221;||||||||&#8221; text_text_color=&#8221;#000000&#8243; text_font_size=&#8221;16px&#8221; text_text_align=&#8221;left&#8221; global_colors_info=&#8221;{}&#8221;]<\/p>\n<p style=\"text-align: center\">Miguel Hern\u00e1ndez University, Elche<br \/>Institute for Research, Development and Innovation in Health Biotechnology of Elche (IDiBE).<br \/>Torregait\u00e1n Building. Instrumentation room 1.02 Histochemistry<\/p>\n<p>[\/et_pb_text][\/et_pb_column][\/et_pb_row][\/et_pb_section]<\/p>\n","protected":false},"excerpt":{"rendered":"<p>Centrifugation and Ultracentrifugation Unit We have 2 ultracentrifuges and 3 refrigerated centrifuges, one of them tabletop, all of them with different rotors (fixed angle and oscillating) and tubes to process all types of samples. This equipment is mainly used for the separation of particles with a higher (centrifuges) or lower (ultracentrifuges) sedimentation coefficient. Contact: Eva [&hellip;]<\/p>\n","protected":false},"author":16956,"featured_media":0,"parent":0,"menu_order":0,"comment_status":"closed","ping_status":"closed","template":"","meta":{"_et_pb_use_builder":"on","_et_pb_old_content":"<p>[et_pb_section fb_built=\"1\" _builder_version=\"4.16\" use_background_color_gradient=\"on\" background_color_gradient_start=\"rgba(255,255,255,0.82)\" background_color_gradient_end=\"rgba(255,255,255,0.74)\" background_color_gradient_overlays_image=\"on\" background_image=\"https:\/\/idibe.es\/wp-content\/uploads\/2019\/03\/laboratory-3827742_1920.jpg\" custom_padding=\"54px|0px|18px|0px|false|false\" locked=\"off\"][et_pb_row _builder_version=\"4.16\" custom_padding=\"28px|0px|29px|0px|false|false\"][et_pb_column type=\"4_4\" _builder_version=\"4.16\" custom_padding=\"|||\" custom_padding__hover=\"|||\"][et_pb_text _builder_version=\"4.16\" header_font=\"||||||||\" header_font_size=\"55px\"]<\/p><h1 style=\"text-align: center;\">INSTALACIONES DE ELECTROFISIOLOG\u00cdA<\/h1><p>[\/et_pb_text][\/et_pb_column][\/et_pb_row][\/et_pb_section][et_pb_section fb_built=\"1\" _builder_version=\"4.16\" background_color=\"#c0172d\" custom_padding=\"16px|0px|16px|0px|false|false\" locked=\"off\"][et_pb_row _builder_version=\"4.16\" custom_padding=\"11px|0px|0|0px|false|false\"][et_pb_column type=\"4_4\" _builder_version=\"4.16\" custom_padding=\"|||\" custom_padding__hover=\"|||\"][et_pb_text _builder_version=\"4.16\" header_font=\"||||||||\" header_font_size=\"55px\" header_2_font=\"Raleway||||||||\" header_2_text_color=\"#ffffff\" header_2_font_size=\"45px\" header_3_font=\"||||||||\" header_4_font=\"||||||||\" header_4_text_color=\"#ffffff\"]<\/p><h2 style=\"text-align: center;\">Respir\u00f3metro\u00a0 Oroboros O2k<\/h2><p>[\/et_pb_text][\/et_pb_column][\/et_pb_row][\/et_pb_section][et_pb_section fb_built=\"1\" _builder_version=\"4.16\" locked=\"off\"][et_pb_row _builder_version=\"4.16\" background_size=\"initial\" background_position=\"top_left\" background_repeat=\"repeat\"][et_pb_column type=\"4_4\" _builder_version=\"4.16\" custom_padding=\"|||\" custom_padding__hover=\"|||\"][et_pb_image src=\"https:\/\/idibe.es\/wp-content\/uploads\/2021\/02\/IDIFEDER2020_022_CMOS-MEA500_IDiBE.png\" align=\"center\" _builder_version=\"4.16\" width=\"79%\" module_alignment=\"center\"][\/et_pb_image][et_pb_image src=\"https:\/\/idibe.umh.es\/files\/2023\/09\/Oroboros-O2k_IDIFEDER-2020_22_IDiBE-2021.png\" align=\"center\" _builder_version=\"4.16\" width=\"79%\" module_alignment=\"center\" locked=\"off\"][\/et_pb_image][et_pb_text _builder_version=\"4.16\" text_font=\"||||||||\" header_font=\"||||||||\" header_4_font=\"||||||||\" width=\"90%\" custom_margin=\"|||64px\"]Disponemos de una unidad de respirometr\u00eda de alta resoluci\u00f3n modelo Oroboros O2k de Oroboros Instruments GmbH. Esta unidad sirve para el estudio de la fisiolog\u00eda mitocondrial, incluyendo su uso utilizando mitocondrias aisladas, c\u00e9lulas (intactas o permeabilizadas) y tejidos permeabilizados. El equipo mide tanto la concentraci\u00f3n como el flujo de ox\u00edgeno con muy alta precisi\u00f3n en tiempo real, permitiendo la inyecci\u00f3n de distintos compuestos (sustratos y\/o inhibidores mitocondriales, por ejemplo) mediante uso de microjeringas Hamilton.<\/p><p>\u00a0<\/p><p>El equipo cuenta con dos c\u00e1maras de respiraci\u00f3n con m\u00ednima difusi\u00f3n de ox\u00edgeno: alta resoluci\u00f3n del flujo de ox\u00edgeno: \u00b1 1 pmol O\u2082\/s\/mL en normoxia a anoxia; alta resoluci\u00f3n de concentraci\u00f3n de ox\u00edgeno: 5 nM. Las c\u00e1maras de vidrio permiten trabajar con vol\u00famenes de 2 ml, pero existe la posibilidad de utilizar microc\u00e1maras de 0,5 ml para maximizar las concentraciones de muestra y poder trabajar con la menor cantidad de muestra posible. El sistema mantiene la temperatura en un rango entre 4 y 47 \u00baC con alta estabilidad y precisi\u00f3n (termostato Peltier). El equipo cuenta con agitadores de PVDF con control electromagn\u00e9tico a fin de maximizar la resoluci\u00f3n en la medida de consumo de ox\u00edgeno y un software para adquisici\u00f3n y an\u00e1lisis de datos.<\/p><p>Este equipo ha sido adquirido gracias a una Actuaci\u00f3n cofinanciada por la Uni\u00f3n Europea a trav\u00e9s del <strong><a href=\"https:\/\/www.red.es\/redes\/es\/node\/3716\" target=\"_blank\" rel=\"noreferrer noopener\">Programa Operativo del Fondo Europeo de Desarrollo Regional<\/a><\/strong>\u00a0(FEDER) from the\u00a0<a href=\"http:\/\/www.dgtic.gva.es\/es\/fondos-feder\" target=\"_blank\" rel=\"noreferrer noopener\">Comunitat Valenciana 2014-2020<\/a>\u00a0(PROYECTO:<strong>\u00a0IDIFEDER2020\/022<\/strong>).<\/p><p>El equipo ha sido adquirido gracias a una Actuaci\u00f3n cofinanciada por la Uni\u00f3n Europea a trav\u00e9s del\u00a0<strong><a href=\"https:\/\/www.red.es\/redes\/es\/node\/3716\" target=\"_blank\" rel=\"noreferrer noopener\">Programa Operativo del Fondo Europeo de Desarrollo Regional<\/a><\/strong>\u00a0(FEDER) de la\u00a0<a href=\"http:\/\/www.dgtic.gva.es\/es\/fondos-feder\" target=\"_blank\" rel=\"noreferrer noopener\">Comunitat Valenciana 2014-2020\u00a0<\/a>(PROYECTO:<strong>\u00a0IDIFEDER2018\/020<\/strong>).[\/et_pb_text][et_pb_image src=\"https:\/\/idibe.umh.es\/files\/2023\/09\/Placa-IDIFEDER-2020_022_-OROBOROS_IDiBE-2021.png\" align=\"center\" _builder_version=\"4.16\" width=\"70%\"][\/et_pb_image][et_pb_image src=\"https:\/\/idibe.es\/wp-content\/uploads\/2021\/02\/Placa-IDIFEDER2020_022_CMOS-MEA500.png\" align=\"center\" _builder_version=\"4.16\" width=\"60%\"][\/et_pb_image][\/et_pb_column][\/et_pb_row][et_pb_row _builder_version=\"4.16\" custom_padding=\"0|0px|1px|0px|false|false\"][et_pb_column type=\"4_4\" _builder_version=\"4.16\" custom_padding=\"|||\" custom_padding__hover=\"|||\"][et_pb_divider divider_weight=\"3px\" _builder_version=\"4.16\" max_width=\"17%\" module_alignment=\"center\"][\/et_pb_divider][\/et_pb_column][\/et_pb_row][et_pb_row column_structure=\"1_4,1_4,1_2\" _builder_version=\"4.16\" locked=\"off\"][et_pb_column type=\"1_4\" _builder_version=\"4.16\" custom_padding=\"|||\" custom_padding__hover=\"|||\"][et_pb_button button_url=\"https:\/\/calendar.google.com\/calendar\/embed?src=goumh.umh.es_8hpic2tdhq0jot4m90ddvgp4u0%40group.calendar.google.com&ctz=Europe%2FMadrid\" url_new_window=\"on\" button_text=\"DISPONIBILIDAD\" button_alignment=\"center\" _builder_version=\"4.16\" custom_button=\"on\" button_text_size=\"14px\" button_text_color=\"#ffffff\" button_bg_color=\"#c0172d\" button_border_width=\"0px\" button_border_radius=\"3px\" button_letter_spacing=\"1px\" button_font=\"Raleway|600||on|||||\" button_use_icon=\"off\" background_layout=\"dark\" custom_padding=\"10px|30px|10px|30px\" animation_style=\"fade\" button_letter_spacing_hover=\"1px\" button_text_size__hover_enabled=\"off\" button_one_text_size__hover_enabled=\"off\" button_two_text_size__hover_enabled=\"off\" button_text_color__hover_enabled=\"off\" button_one_text_color__hover_enabled=\"off\" button_two_text_color__hover_enabled=\"off\" button_border_width__hover_enabled=\"off\" button_one_border_width__hover_enabled=\"off\" button_two_border_width__hover_enabled=\"off\" button_border_color__hover_enabled=\"off\" button_one_border_color__hover_enabled=\"off\" button_two_border_color__hover_enabled=\"off\" button_border_radius__hover_enabled=\"off\" button_one_border_radius__hover_enabled=\"off\" button_two_border_radius__hover_enabled=\"off\" button_letter_spacing__hover_enabled=\"on\" button_letter_spacing__hover=\"1px\" button_one_letter_spacing__hover_enabled=\"off\" button_two_letter_spacing__hover_enabled=\"off\" button_bg_color__hover_enabled=\"off\" button_one_bg_color__hover_enabled=\"off\" button_two_bg_color__hover_enabled=\"off\"][\/et_pb_button][et_pb_image src=\"https:\/\/idibe.umh.es\/files\/2019\/02\/Building-2.png\" _builder_version=\"4.16\" width=\"90%\" locked=\"off\"][\/et_pb_image][et_pb_image src=\"https:\/\/idibe.es\/wp-content\/uploads\/2019\/02\/Building-2.png\" _builder_version=\"4.16\" width=\"90%\"][\/et_pb_image][\/et_pb_column][et_pb_column type=\"1_4\" _builder_version=\"4.16\" custom_padding=\"|||\" custom_padding__hover=\"|||\"][et_pb_button button_url=\"https:\/\/calendar.google.com\/calendar\/selfsched?sstoken=UU9GTTF3RnQ2Y1lifGRlZmF1bHR8Yjc4YTU0ZTliYTJiNzQxMmMyOTFlZjdjYjc1NjY5MDI\" url_new_window=\"on\" button_text=\"RESERVA\" button_alignment=\"center\" _builder_version=\"4.16\" custom_button=\"on\" button_text_size=\"14px\" button_text_color=\"#ffffff\" button_bg_color=\"#c0172d\" button_border_width=\"0px\" button_border_radius=\"3px\" button_letter_spacing=\"1px\" button_font=\"Raleway|600||on|||||\" button_use_icon=\"off\" background_layout=\"dark\" custom_padding=\"10px|30px|10px|30px\" animation_style=\"fade\" button_letter_spacing_hover=\"1px\" button_text_size__hover_enabled=\"off\" button_one_text_size__hover_enabled=\"off\" button_two_text_size__hover_enabled=\"off\" button_text_color__hover_enabled=\"off\" button_one_text_color__hover_enabled=\"off\" button_two_text_color__hover_enabled=\"off\" button_border_width__hover_enabled=\"off\" button_one_border_width__hover_enabled=\"off\" button_two_border_width__hover_enabled=\"off\" button_border_color__hover_enabled=\"off\" button_one_border_color__hover_enabled=\"off\" button_two_border_color__hover_enabled=\"off\" button_border_radius__hover_enabled=\"off\" button_one_border_radius__hover_enabled=\"off\" button_two_border_radius__hover_enabled=\"off\" button_letter_spacing__hover_enabled=\"on\" button_letter_spacing__hover=\"1px\" button_one_letter_spacing__hover_enabled=\"off\" button_two_letter_spacing__hover_enabled=\"off\" button_bg_color__hover_enabled=\"off\" button_one_bg_color__hover_enabled=\"off\" button_two_bg_color__hover_enabled=\"off\"][\/et_pb_button][et_pb_image src=\"https:\/\/idibe.umh.es\/files\/2019\/03\/reveal_research-2.png\" _builder_version=\"4.16\" width=\"90%\" locked=\"off\"][\/et_pb_image][et_pb_image src=\"https:\/\/idibe.es\/wp-content\/uploads\/2019\/03\/reveal_research-2.png\" _builder_version=\"4.16\" width=\"90%\"][\/et_pb_image][\/et_pb_column][et_pb_column type=\"1_2\" _builder_version=\"4.16\" custom_padding=\"|||\" custom_padding__hover=\"|||\"][et_pb_button button_url=\"http:\/\/universite.umh.es\/localizaciones\/\" url_new_window=\"on\" button_text=\"UBICACI\u00d3N\" button_alignment=\"center\" _builder_version=\"4.16\" custom_button=\"on\" button_text_size=\"14px\" button_text_color=\"#ffffff\" button_bg_color=\"#c0172d\" button_border_width=\"0px\" button_border_radius=\"3px\" button_letter_spacing=\"1px\" button_font=\"Raleway|600||on|||||\" button_use_icon=\"off\" background_layout=\"dark\" custom_padding=\"10px|30px|10px|30px\" animation_style=\"fade\" button_letter_spacing_hover=\"1px\" button_text_size__hover_enabled=\"off\" button_one_text_size__hover_enabled=\"off\" button_two_text_size__hover_enabled=\"off\" button_text_color__hover_enabled=\"off\" button_one_text_color__hover_enabled=\"off\" button_two_text_color__hover_enabled=\"off\" button_border_width__hover_enabled=\"off\" button_one_border_width__hover_enabled=\"off\" button_two_border_width__hover_enabled=\"off\" button_border_color__hover_enabled=\"off\" button_one_border_color__hover_enabled=\"off\" button_two_border_color__hover_enabled=\"off\" button_border_radius__hover_enabled=\"off\" button_one_border_radius__hover_enabled=\"off\" button_two_border_radius__hover_enabled=\"off\" button_letter_spacing__hover_enabled=\"on\" button_letter_spacing__hover=\"1px\" button_one_letter_spacing__hover_enabled=\"off\" button_two_letter_spacing__hover_enabled=\"off\" button_bg_color__hover_enabled=\"off\" button_one_bg_color__hover_enabled=\"off\" button_two_bg_color__hover_enabled=\"off\"][\/et_pb_button][et_pb_image src=\"https:\/\/idibe.umh.es\/files\/2019\/04\/exterior1.jpg\" align=\"center\" admin_label=\"Miguel Hern\u00e1ndez University, Elche. Torrepinet Building. Microscopy Unit (Room E08P0008)\" _builder_version=\"4.16\" width=\"60%\" custom_margin=\"||3px\" custom_padding=\"||0px\" border_radii=\"on|4px|4px|4px|4px\" locked=\"off\"][\/et_pb_image][et_pb_text _builder_version=\"4.16\" text_font=\"||||||||\" text_text_align=\"left\"]<\/p><p style=\"text-align: center;\">Universidad Miguel Hern\u00e1ndez, Elche<br \/>Instituto de Investigaci\u00f3n, Desarrollo e Innovaci\u00f3n en Biotecnolog\u00eda Sanitaria de Elche (IDiBE)<br \/>Edificio Torregait\u00e1n. Sala de Instrumentaci\u00f3n 1.02 Histoqu\u00edmica<\/p><p>[\/et_pb_text][\/et_pb_column][\/et_pb_row][\/et_pb_section]<\/p>","_et_gb_content_width":"","_links_to":"","_links_to_target":""},"_links":{"self":[{"href":"https:\/\/idibe.umh.es\/en\/wp-json\/wp\/v2\/pages\/17939"}],"collection":[{"href":"https:\/\/idibe.umh.es\/en\/wp-json\/wp\/v2\/pages"}],"about":[{"href":"https:\/\/idibe.umh.es\/en\/wp-json\/wp\/v2\/types\/page"}],"author":[{"embeddable":true,"href":"https:\/\/idibe.umh.es\/en\/wp-json\/wp\/v2\/users\/16956"}],"replies":[{"embeddable":true,"href":"https:\/\/idibe.umh.es\/en\/wp-json\/wp\/v2\/comments?post=17939"}],"version-history":[{"count":0,"href":"https:\/\/idibe.umh.es\/en\/wp-json\/wp\/v2\/pages\/17939\/revisions"}],"wp:attachment":[{"href":"https:\/\/idibe.umh.es\/en\/wp-json\/wp\/v2\/media?parent=17939"}],"curies":[{"name":"wp","href":"https:\/\/api.w.org\/{rel}","templated":true}]}}