{"id":1850,"date":"2023-06-13T11:30:45","date_gmt":"2023-06-13T11:30:45","guid":{"rendered":"https:\/\/newidibe.zeus.umh.es\/?page_id=1850"},"modified":"2023-08-18T19:11:21","modified_gmt":"2023-08-18T19:11:21","slug":"bienvenida-del-director","status":"publish","type":"page","link":"https:\/\/idibe.umh.es\/en\/bienvenida-del-director\/","title":{"rendered":"Director&#8217;s Welcome"},"content":{"rendered":"<p>[et_pb_section fb_built=&#8221;1&#8243; admin_label=&#8221;section&#8221; _builder_version=&#8221;4.2.2&#8243; background_color=&#8221;rgba(0,0,0,0)&#8221; custom_padding=&#8221;||4px|||&#8221; locked=&#8221;off&#8221;][et_pb_row _builder_version=&#8221;4.2.2&#8243;][et_pb_column type=&#8221;4_4&#8243; _builder_version=&#8221;4.2.2&#8243;][et_pb_text _builder_version=&#8221;4.2.2&#8243; text_font=&#8221;Verdana|700|||||||&#8221; text_font_size=&#8221;30px&#8221; header_font=&#8221;|600|||||||&#8221; header_font_size=&#8221;50px&#8221; header_2_font=&#8221;|700||on|||||&#8221; header_2_text_color=&#8221;#003041&#8243; header_2_font_size=&#8221;54px&#8221; min_height=&#8221;65px&#8221; header_font_size_tablet=&#8221;42px&#8221; header_font_size_phone=&#8221;&#8221; header_font_size_last_edited=&#8221;on|phone&#8221;]<\/p>\n<h1><span style=\"color: #ab1a2d;\">Director&#8217;s Welome<\/span><\/h1>\n<p>[\/et_pb_text][\/et_pb_column][\/et_pb_row][et_pb_row _builder_version=&#8221;4.2.2&#8243; column_structure=&#8221;2_5,3_5&#8243;][et_pb_column type=&#8221;2_5&#8243; _builder_version=&#8221;4.2.2&#8243;][et_pb_text _builder_version=&#8221;4.2.2&#8243; text_text_color=&#8221;#000000&#8243; text_font_size=&#8221;20px&#8221; text_line_height=&#8221;1.6em&#8221; text_orientation=&#8221;justified&#8221; hover_enabled=&#8221;0&#8243;]<\/p>\n<p style=\"text-align: justify;\"><span>The Institute of Research, Development and Innovation in Healthcare Biotechnology of Elche (IDiBE) is a Research Institute of the University Miguel Hern\u00e1ndez de Elche, located in the University Campus at Elche, occupying a 4,000 sq. m. of laboratory in the Torregait\u00e1n Building.<\/span><\/p>\n<p style=\"text-align: justify;\"><span>IDiBE arises from the transformation of the Institute of Molecular and Cellular Biology (IBMC), created by Prof. Jos\u00e9 Manuel Gonz\u00e1lez-Ros, who had the vision\u00a0<\/span><\/p>\n<p>[\/et_pb_text][\/et_pb_column][et_pb_column type=&#8221;3_5&#8243; _builder_version=&#8221;4.2.2&#8243;][et_pb_image src=&#8221;https:\/\/idibe.umh.es\/files\/2023\/08\/RUVID-UMH-16-09-22-nombramiento-ferrer-montiel.png&#8221; _builder_version=&#8221;4.2.2&#8243; hover_enabled=&#8221;0&#8243; height=&#8221;399px&#8221;][\/et_pb_image][\/et_pb_column][\/et_pb_row][et_pb_row _builder_version=&#8221;4.2.2&#8243;][et_pb_column type=&#8221;4_4&#8243; _builder_version=&#8221;4.2.2&#8243;][et_pb_text _builder_version=&#8221;4.2.2&#8243; text_text_color=&#8221;#000000&#8243; text_font_size=&#8221;20px&#8221; text_line_height=&#8221;1.6em&#8221; text_orientation=&#8221;justified&#8221; hover_enabled=&#8221;0&#8243;]<\/p>\n<p><span>of building a multidisciplinary research institute in the University as a sagacious strategy to carry highly competitive and transferable research in the fields of Biotechnology and Biomedicine. This commitment to translational research has been a pivotal hallmark of the Institute since its foundation. As a result, the IDiBE has excelled in its scientific production as well as in the exploitation of the results generated by their members. Furthermore, the interest in transferring the scientific results to society has thrust entrepreneurial actions and the establishment of joint units with private enterprises and local hospitals.<\/span><\/p>\n<p>\u00ab<span>Our success has been possible thanks to our philosophy of fostering collaborations and sharing resources. It is an efficient way to exploit the synergies and complementarities of our interdisciplinary team<\/span>\u00bb<\/p>\n<p><span>Our research teams have been very active in securing funding from both governmental and private sources, publishing papers that are widely cited (70% in Q1), training young scientists with the highest scientific and ethical standards as recognized by the mention of excellence and national accreditation of our doctorate program by the Ministry of Education, and disseminating our activities and achievements to society. Notwithstanding, a major impact of the Institute has been:<\/span><\/p>\n<p style=\"padding-left: 80px;\"><strong>\u2192<\/strong> The exploitation of innovative products generated from the research projects in the fields of nutraceuticals, cosmeceuticals, and biotechnology.<\/p>\n<p style=\"padding-left: 80px;\">\u2192 <span>Having three INDs in clinical development to treat human diseases.<\/span><\/p>\n<p style=\"padding-left: 80px;\">\u2192 <span>Creating 11 spin-off\/start-up companies.<\/span><\/p>\n<p><span>To reinforce our transferable and translational activities, the IDiBE has implemented several technological platforms, and organized its research in two core lines:<\/span><\/p>\n<p style=\"padding-left: 80px;\">\u2192 <span>Molecular design and cell signaling.<\/span><\/p>\n<p style=\"padding-left: 80px;\">\u2192 <span>Diagnostic, prognostic and molecular therapy.<\/span><\/p>\n<p><span>Our previous success has been possible thanks to our philosophy of potentiating collaborations and sharing resources as a way to efficiently exploit the synergies and complementarities of our interdisciplinary team. In addition, we are complemented by highly prepared and greatly skilled technical and administrative personnel who pivotally contribute to assisting our researchers technically and administratively, allowing them to focus on accomplishing their scientific objectives.<\/span><\/p>\n<p><span>Although we have walked a long and fruitful way, there is still plenty to accomplish for increasing the IDiBE international exposure and scientific distinction. The General Council has approved a Plan of Action (2019-2022) that establishes the objectives and milestones for the next 4 years, strengthening the original vision, and establishing as a central mission to consolidate our multidisciplinary program of research excellence in healthcare biotechnology, serving as a channel of innovation for the productive and service sectors of our society. For this purpose, we have reinforced our team and reorganized our structure aiming to facilitate the transferable activities, with the undoubtful commitment to become an Institute of research excellence in translational science.<\/span><\/p>\n<p><span>Sincerely yours,<\/span><\/p>\n<p>Prof. Antonio Ferrer-Montiel<br \/> Director IDiBE<\/p>\n<p>[\/et_pb_text][\/et_pb_column][\/et_pb_row][\/et_pb_section]<\/p>\n","protected":false},"excerpt":{"rendered":"<p>Director&#8217;s WelomeThe Institute of Research, Development and Innovation in Healthcare Biotechnology of Elche (IDiBE) is a Research Institute of the University Miguel Hern\u00e1ndez de Elche, located in the University Campus at Elche, occupying a 4,000 sq. m. of laboratory in the Torregait\u00e1n Building. IDiBE arises from the transformation of the Institute of Molecular and Cellular [&hellip;]<\/p>\n","protected":false},"author":23459,"featured_media":0,"parent":0,"menu_order":0,"comment_status":"closed","ping_status":"closed","template":"","meta":{"_et_pb_use_builder":"on","_et_pb_old_content":"<p>[et_pb_section fb_built=\"1\" admin_label=\"section\" _builder_version=\"4.2.2\" background_color=\"rgba(0,0,0,0)\" custom_padding=\"||4px|||\" locked=\"off\"][et_pb_row _builder_version=\"4.2.2\"][et_pb_column type=\"4_4\" _builder_version=\"4.2.2\"][et_pb_text _builder_version=\"4.2.2\" text_font=\"Verdana|700|||||||\" text_font_size=\"30px\" header_font=\"|600|||||||\" header_font_size=\"50px\" header_2_font=\"|700||on|||||\" header_2_text_color=\"#003041\" header_2_font_size=\"54px\" min_height=\"65px\" header_font_size_tablet=\"42px\" header_font_size_phone=\"\" header_font_size_last_edited=\"on|phone\"]<\/p><h1><span style=\"color: #ab1a2d;\">Bienvenida\u00a0<span style=\"color: #000000;\">del Director<\/span><\/span><\/h1><p>[\/et_pb_text][\/et_pb_column][\/et_pb_row][et_pb_row _builder_version=\"4.2.2\"][et_pb_column type=\"4_4\" _builder_version=\"4.2.2\"][et_pb_text _builder_version=\"4.2.2\" text_font_size=\"20px\" text_line_height=\"1.6em\" text_orientation=\"justified\" hover_enabled=\"0\" text_text_color=\"#000000\"]<\/p><p style=\"text-align: justify;\">El Instituto de Investigaci\u00f3n, Desarrollo e Innovaci\u00f3n en Biotecnolog\u00eda Sanitaria de Elche (IDiBE) se encuentra en la Universidad Miguel Hern\u00e1ndez de Elche y se centra en realizar ciencia de excelencia en el campo de la biotecnolog\u00eda sanitaria.<\/p><p>El IDiBE surge de la transformaci\u00f3n del Instituto de Biolog\u00eda Molecular y Celular (IBMC), creado por el Prof. Jos\u00e9 Manuel Gonz\u00e1lez-Ros, quien tuvo la visi\u00f3n de construir un instituto de investigaci\u00f3n multidisciplinario en la Universidad como una estrategia para llevar a cabo investigaci\u00f3n altamente competitiva y traslacional en los campos de la biotecnolog\u00eda y la biomedicina. Este compromiso con la investigaci\u00f3n traslacional ha sido un sello distintivo fundamental del Instituto desde su fundaci\u00f3n. Como resultado, el IDiBE destaca en su producci\u00f3n cient\u00edfica, as\u00ed como en la explotaci\u00f3n de los resultados generados por sus miembros. Adem\u00e1s, el inter\u00e9s en transferir los resultados cient\u00edficos a la sociedad ha impulsado las acciones empresariales y el establecimiento de unidades conjuntas con empresas privadas y hospitales locales.<\/p><p>\u00abNuestro \u00e9xito hasta la fecha ha sido posible gracias a nuestra filosof\u00eda de potenciar colaboraciones y compartir recursos. Es una forma eficiente de explotar las sinergias y complementariedades de nuestro equipo interdisciplinar.\u00bb<\/p><p>Nuestros equipos de investigaci\u00f3n han sido muy activos en la obtenci\u00f3n de fondos de fuentes gubernamentales y privadas, publicando art\u00edculos ampliamente citados (70% en el primer trimestre), capacitando a j\u00f3venes cient\u00edficos con los m\u00e1s altos est\u00e1ndares cient\u00edficos y \u00e9ticos. As\u00ed ha sido reconocido por la menci\u00f3n de excelencia y la acreditaci\u00f3n nacional de nuestro programa de doctorado por el Ministerio de Educaci\u00f3n. Adem\u00e1s, nuestros investigadores contin\u00faan difundiendo nuestras actividades y logros a la sociedad. Algunos de los impactos m\u00e1s importantes del Instituto han sido:<\/p><p style=\"padding-left: 80px;\"><strong>\u2192\u00a0<\/strong>La explotaci\u00f3n de productos innovadores generados a partir de proyectos de investigaci\u00f3n en los campos de nutrac\u00e9uticos, cosmoc\u00e9uticos y biotecnolog\u00eda.<\/p><p style=\"padding-left: 80px;\">\u2192 Tener tres IND (Investigational New Drug) en desarrollo cl\u00ednico para tratar enfermedades humanas.<\/p><p style=\"padding-left: 80px;\">\u2192 La creaci\u00f3n de 11 empresas spin-off o start-up.<\/p><p>Para reforzar nuestras actividades transferibles y traslacionales, el IDiBE ha implementado varias plataformas tecnol\u00f3gicas y ha organizado su investigaci\u00f3n en dos l\u00edneas principales:<\/p><p style=\"padding-left: 80px;\">\u2192 Dise\u00f1o molecular y se\u00f1alizaci\u00f3n celular.<\/p><p style=\"padding-left: 80px;\">\u2192 Diagn\u00f3stico, pron\u00f3stico y terapia molecular.<\/p><p>Nuestro \u00e9xito hasta la fecha ha sido posible gracias a nuestra filosof\u00eda de potenciar colaboraciones y compartir recursos. Es una forma eficiente de explotar las sinergias y complementariedades de nuestro equipo interdisciplinar. Adem\u00e1s, contamos con personal t\u00e9cnico y administrativo altamente preparado y cualificado que contribuye a asistir a nuestros investigadores, permiti\u00e9ndoles centrarse principalmente en logar sus objetivos cient\u00edficos.<\/p><p>Aunque hemos recorrido un largo y fruct\u00edfero camino, todav\u00eda queda mucho por lograr para aumentar la exposici\u00f3n internacional y la distinci\u00f3n cient\u00edfica del IDiBE. Para este prop\u00f3sito, hemos reforzado nuestro equipo y reorganizado nuestra estructura con el objetivo de facilitar las actividades transferibles, con el compromiso indudable de convertirnos en un Instituto de excelencia en investigaci\u00f3n traslacional en biotecnolog\u00eda sanitaria.<\/p><p>Atentamente,<\/p><p>Prof. Antonio Ferrer-Montiel<br \/>Director IDiBE<\/p><p>[\/et_pb_text][\/et_pb_column][\/et_pb_row][\/et_pb_section]<\/p>","_et_gb_content_width":"","_links_to":"","_links_to_target":""},"_links":{"self":[{"href":"https:\/\/idibe.umh.es\/en\/wp-json\/wp\/v2\/pages\/1850"}],"collection":[{"href":"https:\/\/idibe.umh.es\/en\/wp-json\/wp\/v2\/pages"}],"about":[{"href":"https:\/\/idibe.umh.es\/en\/wp-json\/wp\/v2\/types\/page"}],"author":[{"embeddable":true,"href":"https:\/\/idibe.umh.es\/en\/wp-json\/wp\/v2\/users\/23459"}],"replies":[{"embeddable":true,"href":"https:\/\/idibe.umh.es\/en\/wp-json\/wp\/v2\/comments?post=1850"}],"version-history":[{"count":0,"href":"https:\/\/idibe.umh.es\/en\/wp-json\/wp\/v2\/pages\/1850\/revisions"}],"wp:attachment":[{"href":"https:\/\/idibe.umh.es\/en\/wp-json\/wp\/v2\/media?parent=1850"}],"curies":[{"name":"wp","href":"https:\/\/api.w.org\/{rel}","templated":true}]}}