{"id":1853,"date":"2023-06-13T11:32:52","date_gmt":"2023-06-13T11:32:52","guid":{"rendered":"https:\/\/newidibe.zeus.umh.es\/?page_id=1853"},"modified":"2024-02-19T12:22:45","modified_gmt":"2024-02-19T12:22:45","slug":"nuestra-historia","status":"publish","type":"page","link":"https:\/\/idibe.umh.es\/en\/nuestra-historia\/","title":{"rendered":"Our history"},"content":{"rendered":"<p>[et_pb_section fb_built=&#8221;1&#8243; admin_label=&#8221;section&#8221; _builder_version=&#8221;4.16&#8243; background_color=&#8221;rgba(0,0,0,0)&#8221; custom_padding=&#8221;||4px|||&#8221; locked=&#8221;off&#8221; global_colors_info=&#8221;{}&#8221;][et_pb_row _builder_version=&#8221;4.16&#8243; global_colors_info=&#8221;{}&#8221;][et_pb_column type=&#8221;4_4&#8243; _builder_version=&#8221;4.16&#8243; global_colors_info=&#8221;{}&#8221;][et_pb_text _builder_version=&#8221;4.16&#8243; text_font=&#8221;Verdana|700|||||||&#8221; text_font_size=&#8221;30px&#8221; header_font=&#8221;|600|||||||&#8221; header_font_size=&#8221;50px&#8221; header_2_font=&#8221;|700||on|||||&#8221; header_2_text_color=&#8221;#003041&#8243; header_2_font_size=&#8221;54px&#8221; min_height=&#8221;65px&#8221; header_font_size_tablet=&#8221;42px&#8221; header_font_size_phone=&#8221;&#8221; header_font_size_last_edited=&#8221;on|phone&#8221; global_colors_info=&#8221;{}&#8221;]<\/p>\n<h1><span style=\"color: #ab1a2d\">Our History<\/span><\/h1>\n<p>[\/et_pb_text][\/et_pb_column][\/et_pb_row][et_pb_row _builder_version=&#8221;4.16&#8243; global_colors_info=&#8221;{}&#8221;][et_pb_column type=&#8221;4_4&#8243; _builder_version=&#8221;4.16&#8243; global_colors_info=&#8221;{}&#8221;][et_pb_text _builder_version=&#8221;4.16&#8243; text_text_color=&#8221;#000000&#8243; text_font_size=&#8221;20px&#8221; text_line_height=&#8221;1.6em&#8221; text_orientation=&#8221;justified&#8221; custom_margin=&#8221;||1px|||&#8221; custom_padding=&#8221;||0px|||&#8221; global_colors_info=&#8221;{}&#8221;]<\/p>\n<div>Our Institute was founded under the name of &#8220;Institute of Cellular Molecular Biology&#8221; (IBMC) by Professor Jos\u00e9 Manuel Gonzalez Ros in 1997. That is, almost at the beginning\u00a0of the Miguel Hern\u00e1ndez University of Elche. During that first stage, first as a center and later as a research institute, Gonz\u00e1lez Ros was able to bring together young researchers and people with more experience to create a center that was modest in size, but with a great capacity to generate research results.<\/div>\n<div style=\"text-align: justify\">\n<p>&nbsp;<\/p>\n<\/div>\n<p>[\/et_pb_text][et_pb_image src=&#8221;https:\/\/idibe.umh.es\/files\/2023\/09\/IDIBE-UMH.png&#8221; _builder_version=&#8221;4.16&#8243; global_colors_info=&#8221;{}&#8221;][\/et_pb_image][\/et_pb_column][\/et_pb_row][et_pb_row column_structure=&#8221;1_2,1_2&#8243; _builder_version=&#8221;4.16&#8243; custom_padding=&#8221;10px|||||&#8221; global_colors_info=&#8221;{}&#8221;][et_pb_column type=&#8221;1_2&#8243; _builder_version=&#8221;4.16&#8243; global_colors_info=&#8221;{}&#8221;][et_pb_text _builder_version=&#8221;4.16&#8243; text_text_color=&#8221;#000000&#8243; text_font_size=&#8221;20px&#8221; text_line_height=&#8221;1.6em&#8221; text_orientation=&#8221;justified&#8221; global_colors_info=&#8221;{}&#8221;]<\/p>\n<div><span style=\"font-size: 20px\">In 2011, Antonio Ferrer was elected director of the institute and in 2018, after an analysis of the scientific evolution of the different groups, it was decided to adapt the name of the institute to the Institute for Research, Development and Innovation in Health Biotechnology of Elche (IDiBE), since it better represented scientific interests. In addition, on that date, four highly competitive groups decided to join the IDiBE, relaunching the Institute&#8217;s research capabilities.<\/span><\/div>\n<p>[\/et_pb_text][\/et_pb_column][et_pb_column type=&#8221;1_2&#8243; _builder_version=&#8221;4.16&#8243; global_colors_info=&#8221;{}&#8221;][et_pb_image src=&#8221;https:\/\/idibe.umh.es\/files\/2023\/09\/IDIBE-UMH-Elche.png&#8221; align=&#8221;center&#8221; _builder_version=&#8221;4.16&#8243; global_colors_info=&#8221;{}&#8221;][\/et_pb_image][\/et_pb_column][\/et_pb_row][et_pb_row _builder_version=&#8221;4.16&#8243; custom_padding=&#8221;6px|||||&#8221; global_colors_info=&#8221;{}&#8221;][et_pb_column type=&#8221;4_4&#8243; _builder_version=&#8221;4.16&#8243; global_colors_info=&#8221;{}&#8221;][et_pb_text _builder_version=&#8221;4.17.4&#8243; text_text_color=&#8221;#000000&#8243; text_font_size=&#8221;20px&#8221; text_line_height=&#8221;1.6em&#8221; text_orientation=&#8221;justified&#8221; hover_enabled=&#8221;0&#8243; global_colors_info=&#8221;{}&#8221; sticky_enabled=&#8221;0&#8243;]<\/p>\n<div style=\"text-align: justify\"><span style=\"font-size: 20px\"><\/span><\/div>\n<div style=\"text-align: justify\"><span style=\"font-size: 20px\">In the video you can see the images of the inauguration of our facilities in 1997. With the construction of the campus in Elche, we were able to open the IBMC headquarters in the Torregait\u00e1n building, where we currently continue, as IDiBE.<\/span><\/div>\n<div style=\"text-align: justify\"><span style=\"font-size: 20px\"><\/span><\/div>\n<div style=\"text-align: justify\"><span style=\"font-size: 20px\"><iframe loading=\"lazy\"  id=\"_ytid_24008\"  width=\"800\" height=\"450\"  data-origwidth=\"800\" data-origheight=\"450\" src=\"https:\/\/www.youtube.com\/embed\/FL87rlv6sZg?enablejsapi=1&autoplay=0&cc_load_policy=0&cc_lang_pref=&iv_load_policy=1&loop=0&modestbranding=0&rel=1&fs=1&playsinline=0&autohide=2&theme=dark&color=red&controls=1&\" class=\"__youtube_prefs__  no-lazyload\" title=\"YouTube player\"  allow=\"accelerometer; autoplay; clipboard-write; encrypted-media; gyroscope; picture-in-picture\" allowfullscreen data-no-lazy=\"1\" data-skipgform_ajax_framebjll=\"\"><\/iframe><\/a><\/span><\/div>\n<div style=\"text-align: justify\"><span style=\"font-size: 20px\"><\/span><\/div>\n<div style=\"text-align: justify\"><span style=\"font-size: 20px\"><\/span><\/div>\n<div style=\"text-align: justify\"><span style=\"font-size: 20px\">Currently, the IDiBE is made up of more than 40 senior researchers, who together with research staff in training, postdocs and technical support staff, make up a staff of more than 100 people<\/span><span style=\"font-size: 20px\">, who work to carry out excellent science, knowledge transfer and to provide teaching with the highest quality standards.<\/span><\/div>\n<p>[\/et_pb_text][\/et_pb_column][\/et_pb_row][\/et_pb_section]<\/p>\n","protected":false},"excerpt":{"rendered":"<p>Our HistoryOur Institute was founded under the name of &#8220;Institute of Cellular Molecular Biology&#8221; (IBMC) by Professor Jos\u00e9 Manuel Gonzalez Ros in 1997. That is, almost at the beginning\u00a0of the Miguel Hern\u00e1ndez University of Elche. During that first stage, first as a center and later as a research institute, Gonz\u00e1lez Ros was able to bring [&hellip;]<\/p>\n","protected":false},"author":23459,"featured_media":0,"parent":0,"menu_order":0,"comment_status":"closed","ping_status":"closed","template":"","meta":{"_et_pb_use_builder":"on","_et_pb_old_content":"<p>[et_pb_section fb_built=\"1\" admin_label=\"section\" _builder_version=\"4.2.2\" background_color=\"rgba(0,0,0,0)\" custom_padding=\"||4px|||\" locked=\"off\"][et_pb_row _builder_version=\"4.2.2\"][et_pb_column type=\"4_4\" _builder_version=\"4.2.2\"][et_pb_text _builder_version=\"4.2.2\" text_font=\"Verdana|700|||||||\" text_font_size=\"30px\" header_font=\"|600|||||||\" header_font_size=\"50px\" header_2_font=\"|700||on|||||\" header_2_text_color=\"#003041\" header_2_font_size=\"54px\" min_height=\"65px\" header_font_size_tablet=\"42px\" header_font_size_phone=\"\" header_font_size_last_edited=\"on|phone\"]<\/p><h1><span style=\"color: #ab1a2d;\">Nuestra <\/span>Historia<\/h1><p>[\/et_pb_text][\/et_pb_column][\/et_pb_row][et_pb_row _builder_version=\"4.2.2\"][et_pb_column type=\"4_4\" _builder_version=\"4.2.2\"][et_pb_text _builder_version=\"4.2.2\" text_font_size=\"20px\" text_line_height=\"1.6em\" text_orientation=\"justified\" hover_enabled=\"0\" text_text_color=\"#000000\"]<\/p><p style=\"text-align: justify;\">Nuestro Instituto se fund\u00f3 bajo el nombre de \"Instituto de Biolog\u00eda Molecular Celular\" (IBMC) por el Profesor Jos\u00e9 Manuel Gonz\u00e1les Ros en 1997. Es decir, casi al mismo tiempo que la Universidad Miguel Hern\u00e1ndez de Elche. Durante esa primera etapa, primero como centro y despu\u00e9s como instituto de investigaci\u00f3n, Gonz\u00e1lez Ros fue capaz de aglutinar a j\u00f3venes investigadores y a personas como mayor experiencia para crear un centro modesto en tama\u00f1o, pero con una gran capacidad de generar resultados de investigaci\u00f3n.\u00a0<\/p><p>En 2011, Antonio Ferrer fue elegido director del instituto y en 2018, tras un an\u00e1lisis de la evoluci\u00f3n cient\u00edfica de los diferentes grupos, se decidi\u00f3 adaptar el nombre del instituto a Instituto de Investigaci\u00f3n, Desarrollo e Innovaci\u00f3n en Biotecnolog\u00eda Sanitaria de Elche (IDiBE), ya que representaba mejor los intereses cient\u00edficos. Adem\u00e1s, en esa fecha, cuatro grupos altamente competitivos decidieron adscribirse al IDiBE, relanzando las capacidades de investigaci\u00f3n del Insituto.<\/p><p>Actualmente, el IDiBE est\u00e1 compuesto por m\u00e1s de 40 investigadores s\u00e9nior, que junto al personal investigador en formaci\u00f3n, postdocs y personal t\u00e9cnico de apoyo, componen una plantilla de m\u00e1s de 100 personas.\u00a0<\/p><p>[\/et_pb_text][\/et_pb_column][\/et_pb_row][\/et_pb_section]<\/p>","_et_gb_content_width":"","_links_to":"","_links_to_target":""},"_links":{"self":[{"href":"https:\/\/idibe.umh.es\/en\/wp-json\/wp\/v2\/pages\/1853"}],"collection":[{"href":"https:\/\/idibe.umh.es\/en\/wp-json\/wp\/v2\/pages"}],"about":[{"href":"https:\/\/idibe.umh.es\/en\/wp-json\/wp\/v2\/types\/page"}],"author":[{"embeddable":true,"href":"https:\/\/idibe.umh.es\/en\/wp-json\/wp\/v2\/users\/23459"}],"replies":[{"embeddable":true,"href":"https:\/\/idibe.umh.es\/en\/wp-json\/wp\/v2\/comments?post=1853"}],"version-history":[{"count":0,"href":"https:\/\/idibe.umh.es\/en\/wp-json\/wp\/v2\/pages\/1853\/revisions"}],"wp:attachment":[{"href":"https:\/\/idibe.umh.es\/en\/wp-json\/wp\/v2\/media?parent=1853"}],"curies":[{"name":"wp","href":"https:\/\/api.w.org\/{rel}","templated":true}]}}