{"id":1859,"date":"2023-06-13T11:39:31","date_gmt":"2023-06-13T11:39:31","guid":{"rendered":"https:\/\/newidibe.zeus.umh.es\/?page_id=1859"},"modified":"2023-07-26T12:14:32","modified_gmt":"2023-07-26T12:14:32","slug":"plan-estrategico","status":"publish","type":"page","link":"https:\/\/idibe.umh.es\/en\/plan-estrategico\/","title":{"rendered":"Plan Estrat\u00e9gico"},"content":{"rendered":"<p>[et_pb_section fb_built=&#8221;1&#8243; admin_label=&#8221;section&#8221; _builder_version=&#8221;4.2.2&#8243; background_color=&#8221;rgba(0,0,0,0)&#8221; custom_padding=&#8221;||4px|||&#8221; locked=&#8221;off&#8221;][et_pb_row _builder_version=&#8221;4.2.2&#8243;][et_pb_column type=&#8221;4_4&#8243; _builder_version=&#8221;4.2.2&#8243;][et_pb_text _builder_version=&#8221;4.2.2&#8243; text_font=&#8221;Verdana|700|||||||&#8221; text_font_size=&#8221;30px&#8221; header_font=&#8221;|600|||||||&#8221; header_font_size=&#8221;50px&#8221; header_2_font=&#8221;|700||on|||||&#8221; header_2_text_color=&#8221;#003041&#8243; header_2_font_size=&#8221;54px&#8221; min_height=&#8221;65px&#8221; header_font_size_tablet=&#8221;42px&#8221; header_font_size_phone=&#8221;&#8221; header_font_size_last_edited=&#8221;on|phone&#8221;]<\/p>\n<h1><span style=\"color: #ab1a2d;\">Strategic Plan<\/span><\/h1>\n<p>[\/et_pb_text][\/et_pb_column][\/et_pb_row][et_pb_row _builder_version=&#8221;4.2.2&#8243;][et_pb_column type=&#8221;4_4&#8243; _builder_version=&#8221;4.2.2&#8243;][et_pb_text _builder_version=&#8221;4.2.2&#8243; text_text_color=&#8221;#000000&#8243; text_font_size=&#8221;20px&#8221; text_line_height=&#8221;1.6em&#8221; text_orientation=&#8221;justified&#8221; hover_enabled=&#8221;0&#8243;]We have worked based on Strategic Plans to achieve Excellence.<\/p>\n<p>The last Strategic Plan (2019-2022) established as a priority the promotion of an interdisciplinary translational science program in the field of health biotechnology with the commitment to transform the knowledge generated into health products and services. The main objective was to become a unique research center that encompasses scientific excellence, transformative knowledge and translation to bring precision to therapies. As a result of this plan, our scientific metrics improved significantly.<\/p>\n<p>Currently, we have a new Strategic Plan (2023-2026) with which we have attended the Mar\u00eda de Maeztu call for Scientific Units of Excellence and whose objective is to become an international reference center in molecular and preclinical biotechnology research.<br \/>\n[\/et_pb_text][\/et_pb_column][\/et_pb_row][\/et_pb_section]<\/p>\n","protected":false},"excerpt":{"rendered":"<p>Strategic PlanWe have worked based on Strategic Plans to achieve Excellence. The last Strategic Plan (2019-2022) established as a priority the promotion of an interdisciplinary translational science program in the field of health biotechnology with the commitment to transform the knowledge generated into health products and services. The main objective was to become a unique [&hellip;]<\/p>\n","protected":false},"author":23459,"featured_media":0,"parent":0,"menu_order":0,"comment_status":"closed","ping_status":"closed","template":"","meta":{"_et_pb_use_builder":"on","_et_pb_old_content":"<p>[et_pb_section fb_built=\"1\" admin_label=\"section\" _builder_version=\"4.2.2\" background_color=\"rgba(0,0,0,0)\" custom_padding=\"||4px|||\" locked=\"off\"][et_pb_row _builder_version=\"4.2.2\"][et_pb_column type=\"4_4\" _builder_version=\"4.2.2\"][et_pb_text _builder_version=\"4.2.2\" text_font=\"Verdana|700|||||||\" text_font_size=\"30px\" header_font=\"|600|||||||\" header_font_size=\"50px\" header_2_font=\"|700||on|||||\" header_2_text_color=\"#003041\" header_2_font_size=\"54px\" min_height=\"65px\" header_font_size_tablet=\"42px\" header_font_size_phone=\"\" header_font_size_last_edited=\"on|phone\"]<\/p><h1><span style=\"color: #ab1a2d;\">Plan <\/span>Estrat\u00e9gico<\/h1><p>[\/et_pb_text][\/et_pb_column][\/et_pb_row][et_pb_row _builder_version=\"4.2.2\"][et_pb_column type=\"4_4\" _builder_version=\"4.2.2\"][et_pb_text _builder_version=\"4.2.2\" text_font_size=\"20px\" text_line_height=\"1.6em\" text_orientation=\"justified\" hover_enabled=\"0\" text_text_color=\"#000000\"]<\/p><p>En IDiBE hemos trabajado en base a Planes Estrat\u00e9gicos para lograr alcanzar la Excelencia.<\/p><p>El pasado Plan Estrat\u00e9gico (2019-2022) establec\u00eda como prioridad impulsar un programa interdisciplinar de ciencia traslacional en el campo de la biotecnolog\u00eda sanitaria con el compromiso de transformar el conocimiento generado en productos y servicios sanitarios. El objetivo principal era convertirse en un centro de investigaci\u00f3n \u00fanico que abarcase la excelencia cient\u00edfica, el conocimiento transformador y la traslaci\u00f3n para aportar precisi\u00f3n a las terapias. Como resultado de dicho plan, nuestras m\u00e9tricas cient\u00edficas mejoraron ostensiblemente.<\/p><p>Actualmente, tenemos un nuevo Plan Estrat\u00e9gico (2023-2026) con el que hemos concurrido a la convocatoria Mar\u00eda de Maeztu para Unidades Cient\u00edficas de Excelencia y cuyo objetivo es convertirnos en un centro de referencia internacional en la investigaci\u00f3n en biotecnolog\u00eda molecular y precl\u00ednica.<\/p><p>\u00a0<\/p><p>\u00a0<\/p><p>[\/et_pb_text][\/et_pb_column][\/et_pb_row][\/et_pb_section]<\/p>","_et_gb_content_width":"","_links_to":"","_links_to_target":""},"_links":{"self":[{"href":"https:\/\/idibe.umh.es\/en\/wp-json\/wp\/v2\/pages\/1859"}],"collection":[{"href":"https:\/\/idibe.umh.es\/en\/wp-json\/wp\/v2\/pages"}],"about":[{"href":"https:\/\/idibe.umh.es\/en\/wp-json\/wp\/v2\/types\/page"}],"author":[{"embeddable":true,"href":"https:\/\/idibe.umh.es\/en\/wp-json\/wp\/v2\/users\/23459"}],"replies":[{"embeddable":true,"href":"https:\/\/idibe.umh.es\/en\/wp-json\/wp\/v2\/comments?post=1859"}],"version-history":[{"count":0,"href":"https:\/\/idibe.umh.es\/en\/wp-json\/wp\/v2\/pages\/1859\/revisions"}],"wp:attachment":[{"href":"https:\/\/idibe.umh.es\/en\/wp-json\/wp\/v2\/media?parent=1859"}],"curies":[{"name":"wp","href":"https:\/\/api.w.org\/{rel}","templated":true}]}}