{"id":1862,"date":"2023-06-13T11:42:35","date_gmt":"2023-06-13T11:42:35","guid":{"rendered":"https:\/\/newidibe.zeus.umh.es\/?page_id=1862"},"modified":"2025-05-16T07:26:06","modified_gmt":"2025-05-16T07:26:06","slug":"oficina-de-innovacion","status":"publish","type":"page","link":"https:\/\/idibe.umh.es\/en\/oficina-de-innovacion\/","title":{"rendered":"Oficina de Innovaci\u00f3n"},"content":{"rendered":"<p>[et_pb_section fb_built=&#8221;1&#8243; admin_label=&#8221;section&#8221; _builder_version=&#8221;4.16&#8243; background_color=&#8221;rgba(0,0,0,0)&#8221; custom_padding=&#8221;||4px|||&#8221; locked=&#8221;off&#8221; global_colors_info=&#8221;{}&#8221;][et_pb_row _builder_version=&#8221;4.16&#8243; global_colors_info=&#8221;{}&#8221;][et_pb_column type=&#8221;4_4&#8243; _builder_version=&#8221;4.16&#8243; global_colors_info=&#8221;{}&#8221;][et_pb_text _builder_version=&#8221;4.16&#8243; text_font=&#8221;Verdana|700|||||||&#8221; text_font_size=&#8221;30px&#8221; header_font=&#8221;|600|||||||&#8221; header_font_size=&#8221;50px&#8221; header_2_font=&#8221;|700||on|||||&#8221; header_2_text_color=&#8221;#003041&#8243; header_2_font_size=&#8221;54px&#8221; min_height=&#8221;65px&#8221; header_font_size_tablet=&#8221;42px&#8221; header_font_size_phone=&#8221;&#8221; header_font_size_last_edited=&#8221;on|phone&#8221; global_colors_info=&#8221;{}&#8221;]<\/p>\n<h1><span style=\"color: #ab1a2d\">Innovation\u00a0<\/span><span style=\"color: #ab1a2d\">Office<\/span><\/h1>\n<p>[\/et_pb_text][\/et_pb_column][\/et_pb_row][et_pb_row _builder_version=&#8221;4.16&#8243; global_colors_info=&#8221;{}&#8221;][et_pb_column type=&#8221;4_4&#8243; _builder_version=&#8221;4.16&#8243; global_colors_info=&#8221;{}&#8221;][et_pb_text _builder_version=&#8221;4.16&#8243; text_text_color=&#8221;#000000&#8243; text_font_size=&#8221;20px&#8221; text_line_height=&#8221;1.6em&#8221; text_orientation=&#8221;justified&#8221; global_colors_info=&#8221;{}&#8221;]<\/p>\n<div style=\"text-align: justify\">Since 2018, IDiBE has had an Innovation Office, funded by the Valencian Innovation Agency \u2013 IVACE+I and the European Union through FEDER funds (INNTAL11\/19\/011; INNTAL1\/2021\/11; INNTA1\/2023\/17). In 2022, we secured funding to convert it into a Scientific Unit for Business Innovation (INNVA2\/2022\/8), which has enabled us to foster collaborations with technology centers (such as AINIA, INESCOP, and AITEX) for the development of some of our main research lines. This funding was renewed in 2024 through project INNVA2\/2024\/3 (with funding from IVACE+I and the European Union thanks to FEDER funds). Thanks to these projects, we have two full-time staff members dedicated to promoting knowledge transfer to the productive sector.<\/div>\n<div style=\"text-align: justify\"><\/div>\n<div style=\"text-align: justify\"><\/div>\n<div style=\"text-align: justify\"><\/div>\n<div style=\"text-align: justify\"><\/div>\n<p style=\"text-align: justify\"><span><\/span><\/p>\n<p style=\"text-align: justify\"><span>But the transfer of the IDiBE starts much earlier. In its two decades of history, many projects with companies have been developed, more than 35 patent applications have been filed, most of which have been licensed, and 11 spin-offs have been founded based on the developed technologies at the institute.<\/span><\/p>\n<p><span>Our research groups are open to collaborate with innovative companies to develop and transfer new knowledge.\u00a0<\/span><\/p>\n<p><span>Do you have a need in your biotechnology company? With IDiBE, innovation is at your fingertips.<\/span><\/p>\n<p>[\/et_pb_text][et_pb_code _builder_version=&#8221;4.17.4&#8243; _module_preset=&#8221;default&#8221; global_colors_info=&#8221;{}&#8221;]\n<!-- iframe plugin v.4.5 wordpress.org\/plugins\/iframe\/ -->\n<iframe loading=\"lazy\" src=\"https:\/\/www.youtube.com\/embed\/Tis9FitCSb4?si=CLI0ctWzzTOlrM8K\" width=\"100\" height=\"50\" scrolling=\"yes\" class=\"iframe-class\" frameborder=\"0\"><\/iframe>\n[\/et_pb_code][\/et_pb_column][\/et_pb_row][et_pb_row admin_label=&#8221;row&#8221; _builder_version=&#8221;4.16&#8243; background_size=&#8221;initial&#8221; background_position=&#8221;top_left&#8221; background_repeat=&#8221;repeat&#8221; global_colors_info=&#8221;{}&#8221;][et_pb_column type=&#8221;4_4&#8243; _builder_version=&#8221;4.16&#8243; custom_padding=&#8221;|||&#8221; global_colors_info=&#8221;{}&#8221; custom_padding__hover=&#8221;|||&#8221;][et_pb_text _builder_version=&#8221;4.16&#8243; text_font=&#8221;Verdana|700|||||||&#8221; text_font_size=&#8221;30px&#8221; header_font=&#8221;|600|||||||&#8221; header_text_color=&#8221;#bc2a30&#8243; header_font_size=&#8221;35px&#8221; header_2_font=&#8221;|700||on|||||&#8221; header_2_text_color=&#8221;#003041&#8243; header_2_font_size=&#8221;54px&#8221; global_colors_info=&#8221;{}&#8221;]<\/p>\n<h1>Patent portfolio:<\/h1>\n<p>[\/et_pb_text][et_pb_text _builder_version=&#8221;4.17.4&#8243; text_text_color=&#8221;#000000&#8243; text_font_size=&#8221;20px&#8221; text_line_height=&#8221;1.6em&#8221; global_colors_info=&#8221;{}&#8221;]<\/p>\n<p><span style=\"font-weight: 400\">P202430551 &#8211; Compounds Identified as CDK4 Inhibitors for use as drugs<br \/>P202330781 &#8211; Antiviral treatment against SARS-CoV-2 and other coronaviruses<br \/>EP2138202525.1 &#8211; Treatment of NRF2-related disease<br \/>P202131183 &#8211; Persimmon dietary fibre for use with beneficial micro-organisms<br \/>P202030369 &#8211; Packaging for nutritional beverages<br \/>P201831154 &#8211; Myticin Peptide and its Use in Cell Regeneration<br \/>P201630052 &#8211; TRPM8 receptor agonist compounds and their applications (under exploitation)<\/span><\/p>\n<p>[\/et_pb_text][\/et_pb_column][\/et_pb_row][et_pb_row admin_label=&#8221;row&#8221; _builder_version=&#8221;4.16&#8243; background_size=&#8221;initial&#8221; background_position=&#8221;top_left&#8221; background_repeat=&#8221;repeat&#8221; global_colors_info=&#8221;{}&#8221;][et_pb_column type=&#8221;4_4&#8243; _builder_version=&#8221;4.16&#8243; custom_padding=&#8221;|||&#8221; global_colors_info=&#8221;{}&#8221; custom_padding__hover=&#8221;|||&#8221;][et_pb_text _builder_version=&#8221;4.16&#8243; text_font=&#8221;Verdana|700|||||||&#8221; text_font_size=&#8221;30px&#8221; header_font=&#8221;|600|||||||&#8221; header_text_color=&#8221;#bc2a30&#8243; header_font_size=&#8221;35px&#8221; header_2_font=&#8221;|700||on|||||&#8221; header_2_text_color=&#8221;#003041&#8243; header_2_font_size=&#8221;54px&#8221; global_colors_info=&#8221;{}&#8221;]<\/p>\n<h1>Contact:<\/h1>\n<p>[\/et_pb_text][et_pb_text _builder_version=&#8221;4.17.4&#8243; text_text_color=&#8221;#000000&#8243; text_font_size=&#8221;20px&#8221; text_line_height=&#8221;1.6em&#8221; global_colors_info=&#8221;{}&#8221;]<\/p>\n<ul>\n<li style=\"list-style-type: none\">\n<ul>\n<li><span style=\"font-weight: 400\">Gabriel Esta\u00f1 Cerezo (<\/span><a href=\"mailto:gestan@umh.es\"><span style=\"font-weight: 400\">gestan@umh.es<\/span><\/a><span style=\"font-weight: 400\"> | +34 965222036)<\/span><\/li>\n<li><span style=\"font-weight: 400\">Francisco Javier Mart\u00ednez Hern\u00e1ndez (<a href=\"mailto:francisco.martinezh@umh.es\">francisco.martinezh@umh.es<\/a> | 966658497)<\/span><\/li>\n<\/ul>\n<\/li>\n<\/ul>\n<p>[\/et_pb_text][\/et_pb_column][\/et_pb_row][\/et_pb_section]<\/p>\n","protected":false},"excerpt":{"rendered":"<p>Innovation\u00a0OfficeSince 2018, IDiBE has had an Innovation Office, funded by the Valencian Innovation Agency \u2013 IVACE+I and the European Union through FEDER funds (INNTAL11\/19\/011; INNTAL1\/2021\/11; INNTA1\/2023\/17). In 2022, we secured funding to convert it into a Scientific Unit for Business Innovation (INNVA2\/2022\/8), which has enabled us to foster collaborations with technology centers (such as AINIA, [&hellip;]<\/p>\n","protected":false},"author":23459,"featured_media":0,"parent":0,"menu_order":0,"comment_status":"closed","ping_status":"closed","template":"","meta":{"_et_pb_use_builder":"on","_et_pb_old_content":"<p>[et_pb_section fb_built=\"1\" admin_label=\"section\" _builder_version=\"4.2.2\" background_color=\"rgba(0,0,0,0)\" custom_padding=\"||4px|||\" locked=\"off\"][et_pb_row _builder_version=\"4.2.2\"][et_pb_column type=\"4_4\" _builder_version=\"4.2.2\"][et_pb_text _builder_version=\"4.2.2\" text_font=\"Verdana|700|||||||\" text_font_size=\"30px\" header_font=\"|600|||||||\" header_font_size=\"50px\" header_2_font=\"|700||on|||||\" header_2_text_color=\"#003041\" header_2_font_size=\"54px\" min_height=\"65px\" hover_enabled=\"0\" header_font_size_tablet=\"42px\" header_font_size_phone=\"\" header_font_size_last_edited=\"on|phone\"]<\/p><h1><span style=\"color: #ab1a2d;\">Oficina\u00a0<\/span>De <span style=\"color: #ab1a2d;\">I<\/span>nnovaci\u00f3n<\/h1><p>[\/et_pb_text][\/et_pb_column][\/et_pb_row][et_pb_row _builder_version=\"4.2.2\"][et_pb_column type=\"4_4\" _builder_version=\"4.2.2\"][et_pb_text _builder_version=\"4.2.2\" text_font_size=\"20px\" text_line_height=\"1.6em\" text_orientation=\"justified\" hover_enabled=\"0\" text_text_color=\"#000000\"]<\/p><p>IDiBE cuenta con una Oficina de Innovaci\u00f3n desde 2018 gracias a la financiaci\u00f3n de la Agencia Valenciana de la Innovaci\u00f3n (INNTAL11\/19\/011; INNTAL11\/2021\/11). En 2022, obtuvimos financiaci\u00f3n para poder convertirla en una Unidad Cient\u00edfica de Innovaci\u00f3n Empresarial (INNVA2\/2022\/8). Gracias a estos proyectos, disponemos de dos personas a tiempo completo para favorecer la transferencia del conocimiento hacia el tejido productivo.<\/p><p>Pero la transferencia del IDiBE comienza mucho antes. En sus dos d\u00e9cadas de historia, se han presentado m\u00e1s de 35 solicitudes de patente, habiendo licenciado la mayor\u00eda y se han fundado 11 spin-off a partir de la tecnolog\u00eda desarrollada en el instituto.<\/p><p>Nuestros grupos de investigaci\u00f3n est\u00e1n abiertos a realizar colaboraciones con empresas innovadoras para desarrollar y transferir un nuevo conocimiento. Nuestro objetivo es que la investigaci\u00f3n y la innovaci\u00f3n lleguen tanto al tejido productivo como a la sociedad.<\/p><p>\u00bfTienes una necesidad en tu empresa biotecnol\u00f3gica? \u00bfQuieres que analicemos alguna colaboraci\u00f3n?<\/p><p>[\/et_pb_text][\/et_pb_column][\/et_pb_row][et_pb_row admin_label=\"row\" _builder_version=\"4.2.2\" background_size=\"initial\" background_position=\"top_left\" background_repeat=\"repeat\"][et_pb_column type=\"4_4\" _builder_version=\"3.25\" custom_padding=\"|||\" custom_padding__hover=\"|||\"][et_pb_text _builder_version=\"4.2.2\" text_font=\"Verdana|700|||||||\" text_font_size=\"30px\" header_font=\"|600|||||||\" header_font_size=\"35px\" header_2_font=\"|700||on|||||\" header_2_text_color=\"#003041\" header_2_font_size=\"54px\"]<\/p><h1>Contacto<\/h1><p>[\/et_pb_text][et_pb_text _builder_version=\"4.2.2\" text_font_size=\"20px\" text_line_height=\"1.6em\" hover_enabled=\"0\" text_text_color=\"#000000\"]<\/p><ul><li style=\"list-style-type: none;\"><ul><li><span style=\"font-weight: 400;\">Gabriel Esta\u00f1 Cerezo (<\/span><a href=\"mailto:gestan@umh.es\"><span style=\"font-weight: 400;\">gestan@umh.es<\/span><\/a><span style=\"font-weight: 400;\"> | 965222036)<\/span><\/li><li style=\"text-align: justify;\"><span style=\"font-weight: 400;\">Alejandra Terol D\u00edaz-Rodr\u00edguez (<\/span><a href=\"mailto:a.terol@umh.es\"><span style=\"font-weight: 400;\">a.terol@umh.es<\/span><\/a><span style=\"font-weight: 400;\"> | 966658497)<\/span><\/li><\/ul><\/li><\/ul><p>[\/et_pb_text][\/et_pb_column][\/et_pb_row][\/et_pb_section]<\/p>","_et_gb_content_width":"","_links_to":"","_links_to_target":""},"_links":{"self":[{"href":"https:\/\/idibe.umh.es\/en\/wp-json\/wp\/v2\/pages\/1862"}],"collection":[{"href":"https:\/\/idibe.umh.es\/en\/wp-json\/wp\/v2\/pages"}],"about":[{"href":"https:\/\/idibe.umh.es\/en\/wp-json\/wp\/v2\/types\/page"}],"author":[{"embeddable":true,"href":"https:\/\/idibe.umh.es\/en\/wp-json\/wp\/v2\/users\/23459"}],"replies":[{"embeddable":true,"href":"https:\/\/idibe.umh.es\/en\/wp-json\/wp\/v2\/comments?post=1862"}],"version-history":[{"count":0,"href":"https:\/\/idibe.umh.es\/en\/wp-json\/wp\/v2\/pages\/1862\/revisions"}],"wp:attachment":[{"href":"https:\/\/idibe.umh.es\/en\/wp-json\/wp\/v2\/media?parent=1862"}],"curies":[{"name":"wp","href":"https:\/\/api.w.org\/{rel}","templated":true}]}}