{"id":2398,"date":"2023-07-27T11:38:33","date_gmt":"2023-07-27T11:38:33","guid":{"rendered":"https:\/\/newidibe.zeus.umh.es\/?page_id=2398"},"modified":"2025-05-05T13:40:20","modified_gmt":"2025-05-05T13:40:20","slug":"deliver","status":"publish","type":"page","link":"https:\/\/idibe.umh.es\/en\/deliver\/","title":{"rendered":"Deliver"},"content":{"rendered":"<p>[et_pb_section fb_built=&#8221;1&#8243; admin_label=&#8221;section&#8221; _builder_version=&#8221;4.16&#8243; background_enable_color=&#8221;off&#8221; custom_padding=&#8221;||4px|||&#8221; locked=&#8221;off&#8221; global_colors_info=&#8221;{}&#8221;][et_pb_row admin_label=&#8221;row&#8221; _builder_version=&#8221;4.16&#8243; background_size=&#8221;initial&#8221; background_position=&#8221;top_left&#8221; background_repeat=&#8221;repeat&#8221; custom_padding=&#8221;||19px|||&#8221; global_colors_info=&#8221;{}&#8221;][et_pb_column type=&#8221;4_4&#8243; _builder_version=&#8221;4.16&#8243; custom_padding=&#8221;|||&#8221; global_colors_info=&#8221;{}&#8221; custom_padding__hover=&#8221;|||&#8221;][et_pb_text _builder_version=&#8221;4.16&#8243; text_font=&#8221;Verdana|700|||||||&#8221; text_font_size=&#8221;30px&#8221; header_font=&#8221;|600|||||||&#8221; header_font_size=&#8221;50px&#8221; header_2_font=&#8221;|700||on|||||&#8221; header_2_text_color=&#8221;#003041&#8243; header_2_font_size=&#8221;54px&#8221; global_colors_info=&#8221;{}&#8221;]<\/p>\n<h1><span style=\"color: #ab1a2d\">DELIVER<\/span><\/h1>\n<p>[\/et_pb_text][et_pb_text _builder_version=&#8221;4.16&#8243; text_text_color=&#8221;#000000&#8243; text_font_size=&#8221;20px&#8221; text_line_height=&#8221;1.6em&#8221; global_colors_info=&#8221;{}&#8221;]<\/p>\n<p style=\"text-align: justify\"><strong>Nanodelivery strategies (DELIVER)<\/strong> is a platform that brings together know-how and technologies for the intelligent delivery of bioactive molecules to increase their therapeutic index. The technology also has applications for the encapsulation of bioactive molecules to augment their stability and facilitate their formulation.<\/p>\n<p>[\/et_pb_text][et_pb_text _builder_version=&#8221;4.16&#8243; text_text_color=&#8221;#000000&#8243; text_font_size=&#8221;20px&#8221; text_line_height=&#8221;2em&#8221; global_colors_info=&#8221;{}&#8221;]<\/p>\n<p><strong>Platform coordinator:<\/strong><span>\u00a0Ricardo Mallavia\u00a0(<\/span><span id=\"eeb-880587-334280\">r.mallavia@umh.es<\/span><span>)<\/span><strong><\/strong><strong><\/strong><\/p>\n<p><strong>Equipment:<\/strong><br \/>A summary of the equipment included in the DELIVER technological platform is presented below:<\/p>\n<ul>\n<li><a href=\"https:\/\/idibe.umh.es\/en\/servicios\/microscopio-electronico-de-barrido-de-emision-de-campo-fesem\/\"><span style=\"font-size: 20px\">Field emission scanning electron microscope, FESEM SIGMA 300 VP<\/span><\/a><\/li>\n<li><a href=\"https:\/\/idibe.umh.es\/en\/servicios\/dsc\/\">Nano DSC Differential Scanning Calorimeter<\/a><\/li>\n<li><a href=\"https:\/\/idibe.umh.es\/en\/espectrofluorimetro-de-resolucion-temporal-picoquant-ft-300\/\">High sensitivity UV-VIS-NIR spectrofluorimeter with temporal resolution model FT-300<\/a><\/li>\n<li><a href=\"https:\/\/idibe.umh.es\/en\/Aminco-Fluorimeter-8000SLM%20\">SLM Aminco Model 8000SLM Fluorimeter<\/a><\/li>\n<li><a href=\"https:\/\/idibe.umh.es\/en\/sistema-de-resonancia-de-plasmones-superficiales-spr-biacore-x-100\/\">Surface Plasmon Resonance System (BIACORE X100 SYSTEM)<\/a><\/li>\n<li><a href=\"https:\/\/idibe.umh.es\/en\/spectropolarimeter-dichrograph-jasco-j-180\/%20\">Jasco J-180 Dichrograph Spectropolarimeter<\/a><\/li>\n<li><a href=\"https:\/\/idibe.umh.es\/en\/pti-quantamaster-spectrofluorometer\/\">PTI Quantamaster Steady State Spectrofluorometer<\/a><\/li>\n<li><a href=\"https:\/\/idibe.umh.es\/en\/servicios\/analizador-de-tamano-de-particulas-y-potencial-z\/\">Particle size and Z potential analyzer, ZETASIZER NANO ZS ZEN 3600<\/a><\/li>\n<li><a href=\"https:\/\/idibe.umh.es\/en\/dls-brookhaven-90plus-particle-analyser\/%20\">DLS Brookhaven 90Plus Particle analyzer<\/a><\/li>\n<li>LyoQuest-85 Plus Freeze Dryer<\/li>\n<li>Beckman DU 640 Spectrophotometer<\/li>\n<li><a href=\"https:\/\/idibe.umh.es\/en\/fluorescence-spectrophotometer-cary-eclipse-automated\/\">Cary Eclipse fluorescence Spectrophotometer<\/a><\/li>\n<li><a href=\"https:\/\/idibe.umh.es\/en\/shimadzu-spectrophotometer\/\">Shimadzu UV-2700 Spectrophotometer<\/a><\/li>\n<\/ul>\n<p>[\/et_pb_text][\/et_pb_column][\/et_pb_row][et_pb_row column_structure=&#8221;1_2,1_2&#8243; _builder_version=&#8221;4.16&#8243; global_colors_info=&#8221;{}&#8221;][et_pb_column type=&#8221;1_2&#8243; _builder_version=&#8221;4.16&#8243; global_colors_info=&#8221;{}&#8221;][et_pb_image src=&#8221;https:\/\/idibe.umh.es\/files\/2023\/09\/Deliver_1.png&#8221; _builder_version=&#8221;4.16&#8243; global_colors_info=&#8221;{}&#8221;][\/et_pb_image][\/et_pb_column][et_pb_column type=&#8221;1_2&#8243; _builder_version=&#8221;4.16&#8243; global_colors_info=&#8221;{}&#8221;][et_pb_image src=&#8221;https:\/\/idibe.umh.es\/files\/2023\/09\/Deliver_2.png&#8221; _builder_version=&#8221;4.16&#8243; global_colors_info=&#8221;{}&#8221;][\/et_pb_image][\/et_pb_column][\/et_pb_row][\/et_pb_section]<\/p>\n","protected":false},"excerpt":{"rendered":"<p>DELIVERNanodelivery strategies (DELIVER) is a platform that brings together know-how and technologies for the intelligent delivery of bioactive molecules to increase their therapeutic index. The technology also has applications for the encapsulation of bioactive molecules to augment their stability and facilitate their formulation.Platform coordinator:\u00a0Ricardo Mallavia\u00a0(r.mallavia@umh.es) Equipment:A summary of the equipment included in the DELIVER technological [&hellip;]<\/p>\n","protected":false},"author":3158,"featured_media":0,"parent":0,"menu_order":0,"comment_status":"closed","ping_status":"closed","template":"","meta":{"_et_pb_use_builder":"on","_et_pb_old_content":"<p>[et_pb_section fb_built=\"1\" admin_label=\"section\" _builder_version=\"4.2.2\" background_enable_color=\"off\" custom_padding=\"||4px|||\" locked=\"off\"][et_pb_row admin_label=\"row\" _builder_version=\"4.2.2\" background_size=\"initial\" background_position=\"top_left\" background_repeat=\"repeat\" custom_padding=\"||19px|||\"][et_pb_column type=\"4_4\" _builder_version=\"3.25\" custom_padding=\"|||\" custom_padding__hover=\"|||\"][et_pb_text _builder_version=\"4.2.2\" text_font=\"Verdana|700|||||||\" text_font_size=\"30px\" header_font=\"|600|||||||\" header_font_size=\"50px\" header_2_font=\"|700||on|||||\" header_2_text_color=\"#003041\" header_2_font_size=\"54px\"]<\/p><h1><span style=\"color: #ab1a2d;\">Deliver<\/span><\/h1><p>[\/et_pb_text][et_pb_text _builder_version=\"4.2.2\" text_font_size=\"20px\" text_line_height=\"1.6em\" hover_enabled=\"0\"]<\/p><p style=\"text-align: justify;\"><strong>Estrategias de nanovehiculizaci\u00f3n (DELIVER)<\/strong> es una plataforma que aglutina el know- how y tecnolog\u00edas para la vehiculizaci\u00f3n de mol\u00e9culas bioactivas para su vehiculizaci\u00f3n con el fin de incrementar su \u00edndice terap\u00e9utico. La tecnolog\u00eda tambi\u00e9n tiene aplicaci\u00f3n para la encapsulaci\u00f3n de mol\u00e9culas bioactivas con el fin de incrementar su estabilidad y facilitar su formulaci\u00f3n.<\/p><p>[\/et_pb_text][\/et_pb_column][\/et_pb_row][\/et_pb_section]<\/p>","_et_gb_content_width":"","_links_to":"","_links_to_target":""},"_links":{"self":[{"href":"https:\/\/idibe.umh.es\/en\/wp-json\/wp\/v2\/pages\/2398"}],"collection":[{"href":"https:\/\/idibe.umh.es\/en\/wp-json\/wp\/v2\/pages"}],"about":[{"href":"https:\/\/idibe.umh.es\/en\/wp-json\/wp\/v2\/types\/page"}],"author":[{"embeddable":true,"href":"https:\/\/idibe.umh.es\/en\/wp-json\/wp\/v2\/users\/3158"}],"replies":[{"embeddable":true,"href":"https:\/\/idibe.umh.es\/en\/wp-json\/wp\/v2\/comments?post=2398"}],"version-history":[{"count":0,"href":"https:\/\/idibe.umh.es\/en\/wp-json\/wp\/v2\/pages\/2398\/revisions"}],"wp:attachment":[{"href":"https:\/\/idibe.umh.es\/en\/wp-json\/wp\/v2\/media?parent=2398"}],"curies":[{"name":"wp","href":"https:\/\/api.w.org\/{rel}","templated":true}]}}