{"id":2408,"date":"2023-07-27T11:56:51","date_gmt":"2023-07-27T11:56:51","guid":{"rendered":"https:\/\/newidibe.zeus.umh.es\/?page_id=2408"},"modified":"2024-07-03T08:41:54","modified_gmt":"2024-07-03T08:41:54","slug":"humanise","status":"publish","type":"page","link":"https:\/\/idibe.umh.es\/en\/humanise\/","title":{"rendered":"Humanise"},"content":{"rendered":"<p>[et_pb_section fb_built=&#8221;1&#8243; admin_label=&#8221;section&#8221; _builder_version=&#8221;4.16&#8243; background_enable_color=&#8221;off&#8221; custom_padding=&#8221;||4px|||&#8221; locked=&#8221;off&#8221; global_colors_info=&#8221;{}&#8221;][et_pb_row admin_label=&#8221;row&#8221; _builder_version=&#8221;4.16&#8243; background_size=&#8221;initial&#8221; background_position=&#8221;top_left&#8221; background_repeat=&#8221;repeat&#8221; custom_padding=&#8221;||19px|||&#8221; global_colors_info=&#8221;{}&#8221;][et_pb_column type=&#8221;4_4&#8243; _builder_version=&#8221;4.16&#8243; custom_padding=&#8221;|||&#8221; global_colors_info=&#8221;{}&#8221; custom_padding__hover=&#8221;|||&#8221;][et_pb_text _builder_version=&#8221;4.16&#8243; text_font=&#8221;Verdana|700|||||||&#8221; text_font_size=&#8221;30px&#8221; header_font=&#8221;|600|||||||&#8221; header_font_size=&#8221;50px&#8221; header_2_font=&#8221;|700||on|||||&#8221; header_2_text_color=&#8221;#003041&#8243; header_2_font_size=&#8221;54px&#8221; global_colors_info=&#8221;{}&#8221;]<\/p>\n<h1><span style=\"color: #ab1a2d\">HUMANISE<\/span><\/h1>\n<p>[\/et_pb_text][et_pb_text _builder_version=&#8221;4.16&#8243; text_text_color=&#8221;#000000&#8243; text_font_size=&#8221;20px&#8221; text_line_height=&#8221;1.6em&#8221; global_colors_info=&#8221;{}&#8221;]<\/p>\n<p style=\"text-align: justify\"><strong>Human microphysiological systems (HUMANISE)<\/strong> is a platform that brings together know-how and technology for the preparation of human innervated organs-on-chips as <em>in vitro<\/em> preclinical models for the study of the pathophysiological mechanisms of human diseases, and for testing bioactive molecules to assess their therapeutic activity and\/or toxicity. Human microphysiological systems reduce the use of experimental animals and increase the clinical translation of the results.<\/p>\n<p>[\/et_pb_text][et_pb_text _builder_version=&#8221;4.16&#8243; text_text_color=&#8221;#000000&#8243; text_font_size=&#8221;20px&#8221; text_line_height=&#8221;2em&#8221; global_colors_info=&#8221;{}&#8221;]<\/p>\n<p><strong style=\"font-size: 20px\">Platform coordinator:<\/strong><span style=\"font-size: 20px\">\u00a0Asia Fern\u00e1ndez (<\/span><span id=\"eeb-906430-731104\" style=\"font-size: 20px\">asia.fernandez@umh.es<\/span><span style=\"font-size: 20px\">)<\/span><strong><\/strong><\/p>\n<p><strong style=\"font-size: 20px\">Equipment:<\/strong><strong><\/strong><\/p>\n<p><span style=\"font-weight: 400\">You can see the scientific equipment included in the HUMANISE technological platform below:<\/span><\/p>\n<ul>\n<li><a href=\"https:\/\/idibe.umh.es\/en\/servicios\/bioimpresora-3d-bs3-3-gesim\/\"><span style=\"font-size: 20px\">GeSIM 3D Bioprinter\u00a0<\/span><\/a><\/li>\n<li><a href=\"https:\/\/idibe.umh.es\/en\/citometro-de-masas-acoplado-a-sistema-de-imagen-helios-hyperion\/\">Mass cytometer coupled to a Helios Hyperion imaging system<\/a><\/li>\n<li>Vertical diffusion cells (VDC) IVRT and IVTP. Phoenix\u2122<\/li>\n<li><a href=\"https:\/\/idibe.umh.es\/en\/servicios\/cmos-mea5000\/\">CMOS-MEA5000 headstage<\/a><\/li>\n<li><a href=\"https:\/\/idibe.umh.es\/en\/servicios\/microscopio-confocal-lsm900-con-airyscan-2\/\">Microscopio Confocal LSM 900 con Airyscan 2<\/a><\/li>\n<li>Microscopio Fluorescencia Axio Observer<\/li>\n<li><a href=\"https:\/\/idibe.umh.es\/en\/servicios\/bd-facscanto-ii\/\">Cit\u00f3metro FACS Canto II (Laser 488nm and 633nm)<\/a><\/li>\n<li><a href=\"https:\/\/idibe.umh.es\/en\/servicios\/bd-facs-jazz-cell-sorter\/\">BD FACS Jazz Cell Sorter<\/a><\/li>\n<li><a href=\"https:\/\/idibe.umh.es\/en\/servicios\/ge-healthcare-in-cell-analyzer-6000\/\">Incell Analyzer 6000<\/a><\/li>\n<li>High Performance Liquid Dispensing-Workstation<\/li>\n<li>Calcium Fluorometry<\/li>\n<li>Multidermascope MDS 1000<\/li>\n<li>Conventional and automatic Patch-Clamp<\/li>\n<li>Multimedia microplate readers FLUOStar and Polastar<\/li>\n<li>5 fully equipped cell culture units<\/li>\n<\/ul>\n<p>[\/et_pb_text][\/et_pb_column][\/et_pb_row][et_pb_row column_structure=&#8221;1_2,1_2&#8243; _builder_version=&#8221;4.16&#8243; global_colors_info=&#8221;{}&#8221;][et_pb_column type=&#8221;1_2&#8243; _builder_version=&#8221;4.16&#8243; global_colors_info=&#8221;{}&#8221;][et_pb_image src=&#8221;https:\/\/idibe.umh.es\/files\/2023\/09\/humanise_1.png&#8221; _builder_version=&#8221;4.16&#8243; global_colors_info=&#8221;{}&#8221;][\/et_pb_image][\/et_pb_column][et_pb_column type=&#8221;1_2&#8243; _builder_version=&#8221;4.16&#8243; global_colors_info=&#8221;{}&#8221;][et_pb_image src=&#8221;https:\/\/idibe.umh.es\/files\/2023\/09\/humanise_2.png&#8221; _builder_version=&#8221;4.16&#8243; global_colors_info=&#8221;{}&#8221;][\/et_pb_image][\/et_pb_column][\/et_pb_row][\/et_pb_section]<\/p>\n","protected":false},"excerpt":{"rendered":"<p>HUMANISEHuman microphysiological systems (HUMANISE) is a platform that brings together know-how and technology for the preparation of human innervated organs-on-chips as in vitro preclinical models for the study of the pathophysiological mechanisms of human diseases, and for testing bioactive molecules to assess their therapeutic activity and\/or toxicity. Human microphysiological systems reduce the use of experimental [&hellip;]<\/p>\n","protected":false},"author":3158,"featured_media":0,"parent":0,"menu_order":0,"comment_status":"closed","ping_status":"closed","template":"","meta":{"_et_pb_use_builder":"on","_et_pb_old_content":"<p>[et_pb_section fb_built=\"1\" admin_label=\"section\" _builder_version=\"4.2.2\" background_enable_color=\"off\" custom_padding=\"||4px|||\" locked=\"off\"][et_pb_row admin_label=\"row\" _builder_version=\"4.2.2\" background_size=\"initial\" background_position=\"top_left\" background_repeat=\"repeat\" custom_padding=\"||19px|||\"][et_pb_column type=\"4_4\" _builder_version=\"3.25\" custom_padding=\"|||\" custom_padding__hover=\"|||\"][et_pb_text _builder_version=\"4.2.2\" text_font=\"Verdana|700|||||||\" text_font_size=\"30px\" header_font=\"|600|||||||\" header_font_size=\"50px\" header_2_font=\"|700||on|||||\" header_2_text_color=\"#003041\" header_2_font_size=\"54px\"]<\/p><h1><span style=\"color: #ab1a2d;\">Humanise<\/span><\/h1><p>[\/et_pb_text][et_pb_text _builder_version=\"4.2.2\" text_font_size=\"20px\" text_line_height=\"1.6em\" hover_enabled=\"0\"]<\/p><p style=\"text-align: justify;\"><strong>Sistemas microfisiol\u00f3gicos humanos (HUMANISE)<\/strong> es una plataforma que aglutina el know-how y tecnolog\u00eda para la preparaci\u00f3n humanos de \u00f3rganos-en-chip inervados humanos como modelos precl\u00ednicos in vitro para el estudio de los mecanismos fisiopatol\u00f3gicos de enfermedades humanas, y para el testado de mol\u00e9culas bioactivas para evaluar su actividad terap\u00e9utica y\/o toxicidad. Los sistemas microfisiol\u00f3gicos humanos reducen el uso de animales de experimentaci\u00f3n e incrementan la traslaci\u00f3n cl\u00ednica de los resultados.<\/p><p>[\/et_pb_text][\/et_pb_column][\/et_pb_row][\/et_pb_section]<\/p>","_et_gb_content_width":"","_links_to":"","_links_to_target":""},"_links":{"self":[{"href":"https:\/\/idibe.umh.es\/en\/wp-json\/wp\/v2\/pages\/2408"}],"collection":[{"href":"https:\/\/idibe.umh.es\/en\/wp-json\/wp\/v2\/pages"}],"about":[{"href":"https:\/\/idibe.umh.es\/en\/wp-json\/wp\/v2\/types\/page"}],"author":[{"embeddable":true,"href":"https:\/\/idibe.umh.es\/en\/wp-json\/wp\/v2\/users\/3158"}],"replies":[{"embeddable":true,"href":"https:\/\/idibe.umh.es\/en\/wp-json\/wp\/v2\/comments?post=2408"}],"version-history":[{"count":0,"href":"https:\/\/idibe.umh.es\/en\/wp-json\/wp\/v2\/pages\/2408\/revisions"}],"wp:attachment":[{"href":"https:\/\/idibe.umh.es\/en\/wp-json\/wp\/v2\/media?parent=2408"}],"curies":[{"name":"wp","href":"https:\/\/api.w.org\/{rel}","templated":true}]}}